{"id":3111,"date":"2014-11-03T10:13:36","date_gmt":"2014-11-03T10:13:36","guid":{"rendered":"http:\/\/localhost\/Wordpress\/venac\/contact-2\/"},"modified":"2019-01-28T20:30:07","modified_gmt":"2019-01-28T20:30:07","slug":"contact","status":"publish","type":"page","link":"https:\/\/www.venac.be\/fr\/contact\/","title":{"rendered":"Contact"},"content":{"rendered":"<div class=\"be-section         clearfix\" data-headerscheme=\"background--dark\" style=\" \"  ><div class=\"be-section-pad clearfix \" style=\" padding-top:90px;padding-bottom:90px;\" data-padding-top = \"90\"><div  class=\"be-row be-wrap clearfix \"><div  class=\"one-col column-block clearfix  no-background    \" data-animation=\"\" style=\"  \"><div class=\"be-custom-column-inner\"><h6>Nos coordonn\u00e9es<\/h6>\n<ul class=\"custom-list\"><li class=\"custom-list-content\"><i class=\"font-icon icon-icon_house_alt \" style=\"color:#e0a240;\"><\/i><span class=\"custom-list-content-inner\">Rue des V\u00e9t\u00e9rinaires 45&nbsp;\u2013&nbsp;49&nbsp;b0203,&nbsp;Bruxelles -&nbsp;B-1070<\/span><\/li><li class=\"custom-list-content\"><i class=\"font-icon icon-icon_phone \" style=\"color:#e0a240;\"><\/i><span class=\"custom-list-content-inner\">+32&nbsp;2&nbsp;428&nbsp;33&nbsp;31<\/span><\/li><li class=\"custom-list-content\"><i class=\"font-icon icon-icon_printer \" style=\"color:#e0a240;\"><\/i><span class=\"custom-list-content-inner\">+32&nbsp;2&nbsp;425&nbsp;95&nbsp;41<\/span><\/li><li class=\"custom-list-content\"><i class=\"font-icon icon-icon_mail_alt \" style=\"color:#e0a240;\"><\/i><span class=\"custom-list-content-inner\">venac @ venac.be<\/span><\/li><li class=\"custom-list-content\"><i class=\"font-icon  \" style=\"color:#141414;\"><\/i><span class=\"custom-list-content-inner\">BE 0427.211.160<\/span><\/li><li class=\"custom-list-content\"><i class=\"font-icon icon-facebook4 \" style=\"color:#3b5998;\"><\/i><span class=\"custom-list-content-inner\"><a href=\"https:\/\/www.facebook.com\/pages\/VENAC\/541298632671898?ref=ts&amp;fref=ts\" target=\"_blank\">find us on facebook<\/a><\/span><\/li><\/ul><h6>Carte<\/h6>\n<p><script type=\"text\/javascript\" src=\"https:\/\/maps.google.com\/maps\/api\/js?sensor=false\"><\/script><script src=\"https:\/\/maps.gstatic.com\/maps-api-v3\/api\/js\/21\/2\/main.js\"><\/script><script src=\"https:\/\/maps.gstatic.com\/maps-api-v3\/api\/js\/21\/2\/main.js\"><\/script><script src=\"https:\/\/maps.gstatic.com\/maps-api-v3\/api\/js\/21\/0\/main.js\"><\/script><script src=\"https:\/\/maps.gstatic.com\/maps-api-v3\/api\/js\/21\/0\/intl\/nl_ALL\/main.js\"><\/script><script src=\"https:\/\/maps.gstatic.com\/maps-api-v3\/api\/js\/20\/11c\/intl\/nl_ALL\/main.js\"><\/script><script src=\"https:\/\/maps.gstatic.com\/maps-api-v3\/api\/js\/20\/10\/main.js\"><\/script><\/p>\n<div style=\"overflow:hidden;height:277px;width:350px;\">\n<div id=\"gmap_canvas\" style=\"height:277px;width:350px;\"><\/div>\n<style>#gmap_canvas img{max-width:none!important;background:none!important}<\/style>\n<p><a class=\"google-map-code\" href=\"http:\/\/www.map-embed.com\" id=\"get-map-data\">www.map-embed.com<\/a><\/div>\n<p><script type=\"text\/javascript\"> function init_map(){var myOptions = {zoom:16,center:new google.maps.LatLng(50.8345447,4.325534100000027),mapTypeId: google.maps.MapTypeId.ROADMAP};map = new google.maps.Map(document.getElementById(\"gmap_canvas\"), myOptions);marker = new google.maps.Marker({map: map,position: new google.maps.LatLng(50.8345447, 4.325534100000027)});infowindow = new google.maps.InfoWindow({content:\"<b>Venac<\/b><br \/>Veeartsentraat (45 &ndash; 49 b0203)<br \/> Brussel - B-1070\" });google.maps.event.addListener(marker, \"click\", function(){infowindow.open(map,marker);});infowindow.open(map,marker);}google.maps.event.addDomListener(window, 'load', init_map);<\/script><\/p>\n<\/div><\/div><\/div><\/div><\/div>","protected":false},"excerpt":{"rendered":"<p>Nos coordonn\u00e9es Rue des V\u00e9t\u00e9rinaires 45&nbsp;\u2013&nbsp;49&nbsp;b0203,&nbsp;Bruxelles &#8211;&nbsp;B-1070+32&nbsp;2&nbsp;428&nbsp;33&nbsp;31+32&nbsp;2&nbsp;425&nbsp;95&nbsp;41venac @ venac.beBE 0427.211.160find us on facebookCarte www.map-embed.com<\/p>\n<p><a href=\"https:\/\/www.venac.be\/fr\/contact\/\" class=\"more-link style1-button\">Read More<\/a><\/p>","protected":false},"author":1,"featured_media":0,"parent":0,"menu_order":0,"comment_status":"closed","ping_status":"closed","template":"","meta":{"_exactmetrics_skip_tracking":false,"_exactmetrics_sitenote_active":false,"_exactmetrics_sitenote_note":"","_exactmetrics_sitenote_category":0,"footnotes":""},"categories":[],"tags":[],"class_list":["post-3111","page","type-page","status-publish","hentry"],"yoast_head":"<!-- This site is optimized with the Yoast SEO plugin v23.1 - https:\/\/yoast.com\/wordpress\/plugins\/seo\/ -->\n<title>Contact - VENAC<\/title>\n<meta name=\"description\" content=\"Consultation pour l\u2019acoustique et la correction acoustique du b\u00e2timent? Contactez VENAC pour des \u00e9tudes acoustiques d\u00e9taill\u00e9es.\" \/>\n<meta name=\"robots\" content=\"index, follow, max-snippet:-1, max-image-preview:large, max-video-preview:-1\" \/>\n<link rel=\"canonical\" href=\"https:\/\/www.venac.be\/fr\/contact\/\" \/>\n<meta property=\"og:locale\" content=\"fr_FR\" \/>\n<meta property=\"og:type\" content=\"article\" \/>\n<meta property=\"og:title\" content=\"Contact - VENAC\" \/>\n<meta property=\"og:description\" content=\"Consultation pour l\u2019acoustique et la correction acoustique du b\u00e2timent? Contactez VENAC pour des \u00e9tudes acoustiques d\u00e9taill\u00e9es.\" \/>\n<meta property=\"og:url\" content=\"https:\/\/www.venac.be\/fr\/contact\/\" \/>\n<meta property=\"og:site_name\" content=\"VENAC\" \/>\n<meta property=\"article:modified_time\" content=\"2019-01-28T20:30:07+00:00\" \/>\n<meta name=\"twitter:card\" content=\"summary_large_image\" \/>\n<script type=\"application\/ld+json\" class=\"yoast-schema-graph\">{\"@context\":\"https:\/\/schema.org\",\"@graph\":[{\"@type\":\"WebPage\",\"@id\":\"https:\/\/www.venac.be\/fr\/contact\/\",\"url\":\"https:\/\/www.venac.be\/fr\/contact\/\",\"name\":\"Contact - VENAC\",\"isPartOf\":{\"@id\":\"https:\/\/www.venac.be\/#website\"},\"datePublished\":\"2014-11-03T10:13:36+00:00\",\"dateModified\":\"2019-01-28T20:30:07+00:00\",\"description\":\"Consultation pour l\u2019acoustique et la correction acoustique du b\u00e2timent? Contactez VENAC pour des \u00e9tudes acoustiques d\u00e9taill\u00e9es.\",\"breadcrumb\":{\"@id\":\"https:\/\/www.venac.be\/fr\/contact\/#breadcrumb\"},\"inLanguage\":\"fr-FR\",\"potentialAction\":[{\"@type\":\"ReadAction\",\"target\":[\"https:\/\/www.venac.be\/fr\/contact\/\"]}]},{\"@type\":\"BreadcrumbList\",\"@id\":\"https:\/\/www.venac.be\/fr\/contact\/#breadcrumb\",\"itemListElement\":[{\"@type\":\"ListItem\",\"position\":1,\"name\":\"Home\",\"item\":\"https:\/\/www.venac.be\/fr\/\"},{\"@type\":\"ListItem\",\"position\":2,\"name\":\"Contact\"}]},{\"@type\":\"WebSite\",\"@id\":\"https:\/\/www.venac.be\/#website\",\"url\":\"https:\/\/www.venac.be\/\",\"name\":\"VENAC\",\"description\":\"Vibrations, ENgineering &amp; ACoustics consulting\",\"potentialAction\":[{\"@type\":\"SearchAction\",\"target\":{\"@type\":\"EntryPoint\",\"urlTemplate\":\"https:\/\/www.venac.be\/?s={search_term_string}\"},\"query-input\":\"required name=search_term_string\"}],\"inLanguage\":\"fr-FR\"}]}<\/script>\n<!-- \/ Yoast SEO plugin. -->","yoast_head_json":{"title":"Contact - VENAC","description":"Consultation pour l\u2019acoustique et la correction acoustique du b\u00e2timent? Contactez VENAC pour des \u00e9tudes acoustiques d\u00e9taill\u00e9es.","robots":{"index":"index","follow":"follow","max-snippet":"max-snippet:-1","max-image-preview":"max-image-preview:large","max-video-preview":"max-video-preview:-1"},"canonical":"https:\/\/www.venac.be\/fr\/contact\/","og_locale":"fr_FR","og_type":"article","og_title":"Contact - VENAC","og_description":"Consultation pour l\u2019acoustique et la correction acoustique du b\u00e2timent? Contactez VENAC pour des \u00e9tudes acoustiques d\u00e9taill\u00e9es.","og_url":"https:\/\/www.venac.be\/fr\/contact\/","og_site_name":"VENAC","article_modified_time":"2019-01-28T20:30:07+00:00","twitter_card":"summary_large_image","schema":{"@context":"https:\/\/schema.org","@graph":[{"@type":"WebPage","@id":"https:\/\/www.venac.be\/fr\/contact\/","url":"https:\/\/www.venac.be\/fr\/contact\/","name":"Contact - VENAC","isPartOf":{"@id":"https:\/\/www.venac.be\/#website"},"datePublished":"2014-11-03T10:13:36+00:00","dateModified":"2019-01-28T20:30:07+00:00","description":"Consultation pour l\u2019acoustique et la correction acoustique du b\u00e2timent? Contactez VENAC pour des \u00e9tudes acoustiques d\u00e9taill\u00e9es.","breadcrumb":{"@id":"https:\/\/www.venac.be\/fr\/contact\/#breadcrumb"},"inLanguage":"fr-FR","potentialAction":[{"@type":"ReadAction","target":["https:\/\/www.venac.be\/fr\/contact\/"]}]},{"@type":"BreadcrumbList","@id":"https:\/\/www.venac.be\/fr\/contact\/#breadcrumb","itemListElement":[{"@type":"ListItem","position":1,"name":"Home","item":"https:\/\/www.venac.be\/fr\/"},{"@type":"ListItem","position":2,"name":"Contact"}]},{"@type":"WebSite","@id":"https:\/\/www.venac.be\/#website","url":"https:\/\/www.venac.be\/","name":"VENAC","description":"Vibrations, ENgineering &amp; ACoustics consulting","potentialAction":[{"@type":"SearchAction","target":{"@type":"EntryPoint","urlTemplate":"https:\/\/www.venac.be\/?s={search_term_string}"},"query-input":"required name=search_term_string"}],"inLanguage":"fr-FR"}]}},"_links":{"self":[{"href":"https:\/\/www.venac.be\/fr\/wp-json\/wp\/v2\/pages\/3111"}],"collection":[{"href":"https:\/\/www.venac.be\/fr\/wp-json\/wp\/v2\/pages"}],"about":[{"href":"https:\/\/www.venac.be\/fr\/wp-json\/wp\/v2\/types\/page"}],"author":[{"embeddable":true,"href":"https:\/\/www.venac.be\/fr\/wp-json\/wp\/v2\/users\/1"}],"replies":[{"embeddable":true,"href":"https:\/\/www.venac.be\/fr\/wp-json\/wp\/v2\/comments?post=3111"}],"version-history":[{"count":1,"href":"https:\/\/www.venac.be\/fr\/wp-json\/wp\/v2\/pages\/3111\/revisions"}],"predecessor-version":[{"id":3219,"href":"https:\/\/www.venac.be\/fr\/wp-json\/wp\/v2\/pages\/3111\/revisions\/3219"}],"wp:attachment":[{"href":"https:\/\/www.venac.be\/fr\/wp-json\/wp\/v2\/media?parent=3111"}],"wp:term":[{"taxonomy":"category","embeddable":true,"href":"https:\/\/www.venac.be\/fr\/wp-json\/wp\/v2\/categories?post=3111"},{"taxonomy":"post_tag","embeddable":true,"href":"https:\/\/www.venac.be\/fr\/wp-json\/wp\/v2\/tags?post=3111"}],"curies":[{"name":"wp","href":"https:\/\/api.w.org\/{rel}","templated":true}]}}