{"id":3115,"date":"2014-11-09T12:25:29","date_gmt":"2014-11-09T12:25:29","guid":{"rendered":"http:\/\/localhost\/Wordpress\/venac\/onze-diensten-2\/"},"modified":"2015-12-18T15:42:14","modified_gmt":"2015-12-18T15:42:14","slug":"services","status":"publish","type":"page","link":"https:\/\/www.venac.be\/fr\/services\/","title":{"rendered":"Services"},"content":{"rendered":"<div class=\"be-section         clearfix\" data-headerscheme=\"background--light\" style=\" \"  ><div class=\"be-section-pad clearfix \" style=\" padding-top:0px;padding-bottom:0px;\" data-padding-top = \"0\"><div  class=\"be-row  zero-bottom be-no-space \"><div  class=\"one-half column-block  with-background be-bg-cover   \" data-animation=\"\" style=\"background: url(https:\/\/www.venac.be\/wp-content\/uploads\/2014\/11\/14006925441_5da59a9223_o.jpg) no-repeat scroll center center;  \"><div class=\"be-custom-column-inner\"><\/div><\/div><div  class=\"one-half column-block  no-background    \" data-animation=\"\" style=\"  \"><div class=\"be-custom-column-pad\" style=\"padding-top: 10%;padding-right: 10%;padding-bottom: 10%;padding-left: 10%;\"><h3>\u00c9TUDES<\/h3>\n<div class=\"special-subtitle-wrap  0\" style=\"margin-bottom: 30px;\" data-animation=\"fadeIn\"><div class=\"align-left\"><span class=\"special-subtitle\" style=\"color: #e0a240; font-size: 18px ; width: 100%\" >Solutions pratiques et r\u00e9alistes pour les prestations acoustiques, avec une attention pour les d\u00e9tails. <\/span><\/div><\/div><p style=\"text-align: justify;\">Nous proposons un fil conducteur pour des prestations acoustiques qui doivent assurer le confort acoustique en concertation avec les concepteurs et le client. C\u2019est ce qu\u2019on appelle le <strong>Concept Acoustique<\/strong>.<\/p>\n<p style=\"text-align: justify;\"><strong>VENAC vous propose des solutions pragmatiques et des principes d\u2019ex\u00e9cution pratiques.<\/strong> Ces principes sont pr\u00e9cis\u00e9ment d\u00e9taill\u00e9s, avec des sch\u00e9mas et des plans. Nous mettons toujours la durabilit\u00e9, la simplicit\u00e9 et le budget au premier plan. Au besoin, nous \u00e9laborons <strong>un mod\u00e8le r\u00e9duit du projet en 3D<\/strong>. Vous profitez ainsi de <strong>conseils concrets et sp\u00e9cifiques en mati\u00e8re d\u2019acoustique<\/strong>.&nbsp;<a href=\"https:\/\/venac.be\/fr\/services\/etudes-acoustiques\/\">En savoir plus<\/a>.<\/p>\n<p>&nbsp;<\/p>\n<\/div><\/div><\/div><div  class=\"be-row  zero-bottom be-no-space \"><div  class=\"one-half column-block  no-background    \" data-animation=\"\" style=\"  \"><div class=\"be-custom-column-pad\" style=\"padding-top: 10%;padding-right: 10%;padding-bottom: 10%;padding-left: 10%;\"><h3>SUIVI DE PROJET<\/h3>\n<div class=\"special-subtitle-wrap  0\" style=\"margin-bottom: 30px;\" data-animation=\"fadeIn\"><div class=\"align-left\"><span class=\"special-subtitle\" style=\"color: #e0a240; font-size: 18px ; width: 100%\" >Nous suivons les prestations acoustiques avec des contr\u00f4les et des analyses.<\/span><\/div><\/div><p style=\"text-align: justify;\"><strong>Au cours de la mise en \u0153uvre<\/strong>, VENAC assure le suivi du projet et accompagne les ex\u00e9cutants \u00e0 l\u2019aide de <strong>contr\u00f4les de chantiers, analyses des mat\u00e9riaux propos\u00e9s et des plans d\u2019ex\u00e9cution<\/strong>.&nbsp;Si n\u00e9cessaire, nous proc\u00e9dons \u00e0 des <strong>mesures de contr\u00f4le acoustiques<\/strong> pendant la phase de chantier afin de confirmer ou ajuster des solutions. <a href=\"https:\/\/venac.be\/fr\/services\/suivi-de-projet\/\">En savoir plus<\/a>.<\/p>\n<\/div><\/div><div  class=\"one-half column-block  with-background be-bg-cover   \" data-animation=\"\" style=\"background: url(https:\/\/www.venac.be\/wp-content\/uploads\/2014\/11\/VENAC-23.jpg) no-repeat scroll center center;  \"><div class=\"be-custom-column-inner\"><\/div><\/div><\/div><div  class=\"be-row  zero-bottom be-no-space \"><div  class=\"one-half column-block  with-background be-bg-cover   be-bg-overlay\" data-animation=\"\" style=\"background: url(https:\/\/www.venac.be\/wp-content\/uploads\/2014\/11\/VENAC-89.jpg) no-repeat scroll center center;  \"><div class=\"be-custom-column-inner\"><\/div><div class=\" section-overlay\" style=\"background: #000000; -ms-filter: progid:DXImageTransform.Microsoft.Alpha(Opacity=40);filter: alpha(opacity=40);-moz-opacity: 0.4;-khtml-opacity: 0.4;opacity: 0.4;\" ><\/div><\/div><div  class=\"one-half column-block  no-background    \" data-animation=\"\" style=\"  \"><div class=\"be-custom-column-pad\" style=\"padding-top: 10%;padding-right: 10%;padding-bottom: 10%;padding-left: 10%;\"><h3>MESURES DE CONTR\u00d4LE<\/h3>\n<div class=\"special-subtitle-wrap  0\" style=\"margin-bottom: 30px;\" data-animation=\"fadeIn\"><div class=\"align-left\"><span class=\"special-subtitle\" style=\"color: #e0a240; font-size: 18px ; width: 100%\" >Obtenez vos prestations acoustiques d\u00e9sir\u00e9es \u00e0 l'aide de nos analyses intensives.<\/span><\/div><\/div><p style=\"text-align: justify;\">Lors de la r\u00e9ception d\u2019un projet, plusieurs <strong>mesures de contr\u00f4le<\/strong> sont effectu\u00e9es par VENAC pour v\u00e9rifier si les prestations acoustiques souhait\u00e9es sont atteintes.&nbsp;Une large gamme d\u2019appareils de mesures est disponible \u00e0 cet effet, afin d\u2019observer les situations les plus diverses <strong>objectivement et in-situ<\/strong>.&nbsp;En fonction de la situation, des mesures de contr\u00f4le <strong>ponctuelles <\/strong>ou<strong> \u00e0 long terme<\/strong> sont pr\u00e9vues.&nbsp;<a href=\"https:\/\/venac.be\/fr\/services\/mesures-de-controle\/\">En savoir plus<\/a>.<\/p>\n<\/div><\/div><\/div><div  class=\"be-row  zero-bottom be-no-space \"><div  class=\"one-half column-block  no-background    \" data-animation=\"\" style=\"  \"><div class=\"be-custom-column-pad\" style=\"padding-top: 10%;padding-right: 10%;padding-bottom: 10%;padding-left: 10%;\"><h3>Simulation&nbsp;3D<\/h3>\n<div class=\"special-subtitle-wrap  0\" style=\"margin-bottom: 30px;\" data-animation=\"fadeIn\"><div class=\"align-left\"><span class=\"special-subtitle\" style=\"color: #e0a240; font-size: 18px ; width: 100%\" >Des mod\u00e8les 3D avanc\u00e9s vous offrent une vue sur la situation acoustique.<\/span><\/div><\/div><p style=\"text-align: justify;\">Afin d\u2019analyser en d\u00e9tail <strong>les situations les plus complexes<\/strong>, VENAC utilise de <strong>mod\u00e8les virtuels en 3D<\/strong>.&nbsp;Les sources sonores de <strong>sites industriels<\/strong> sont r\u00e9pertori\u00e9es ; <strong>l\u2019influence de grands axes routiers<\/strong> <strong>ou de chemins de fer<\/strong> est \u00e9tudi\u00e9e sur les fa\u00e7ades des nouveaux projets ou lotissements.<\/p>\n<p style=\"text-align: justify;\">VENAC fait la diff\u00e9rence pour vous en proposant des solutions qui am\u00e9liorent votre situation sp\u00e9cifique. <a href=\"https:\/\/venac.be\/fr\/services\/simulation-3d\/\">En savoir plus<\/a>.<\/p>\n<\/div><\/div><div  class=\"one-half column-block  with-background be-bg-cover   be-bg-overlay\" data-animation=\"\" style=\"background: url(https:\/\/www.venac.be\/wp-content\/uploads\/2015\/12\/3Dmap.jpg) no-repeat scroll center center;  \"><div class=\"be-custom-column-inner\"><\/div><div class=\" section-overlay\" style=\"background: #000000; -ms-filter: progid:DXImageTransform.Microsoft.Alpha(Opacity=10);filter: alpha(opacity=10);-moz-opacity: 0.1;-khtml-opacity: 0.1;opacity: 0.1;\" ><\/div><\/div><\/div><\/div><\/div>","protected":false},"excerpt":{"rendered":"<p>\u00c9TUDES Solutions pratiques et r\u00e9alistes pour les prestations acoustiques, avec une attention pour les d\u00e9tails. Nous proposons un fil conducteur pour des prestations acoustiques qui doivent assurer le confort acoustique [&hellip;]<\/p>\n<p><a href=\"https:\/\/www.venac.be\/fr\/services\/\" class=\"more-link style1-button\">Read More<\/a><\/p>","protected":false},"author":1,"featured_media":0,"parent":0,"menu_order":0,"comment_status":"closed","ping_status":"closed","template":"","meta":{"_exactmetrics_skip_tracking":false,"_exactmetrics_sitenote_active":false,"_exactmetrics_sitenote_note":"","_exactmetrics_sitenote_category":0,"footnotes":""},"categories":[],"tags":[],"class_list":["post-3115","page","type-page","status-publish","hentry"],"yoast_head":"<!-- This site is optimized with the Yoast SEO plugin v23.1 - https:\/\/yoast.com\/wordpress\/plugins\/seo\/ -->\n<title>Services - VENAC<\/title>\n<meta name=\"description\" content=\"VENAC vous offre de nombreuses services professionnelles pour les prestations acoustiques qui doivent assurer le confort acoustique.\" \/>\n<meta name=\"robots\" content=\"index, follow, max-snippet:-1, max-image-preview:large, max-video-preview:-1\" \/>\n<link rel=\"canonical\" href=\"https:\/\/www.venac.be\/fr\/services\/\" \/>\n<meta property=\"og:locale\" content=\"fr_FR\" \/>\n<meta property=\"og:type\" content=\"article\" \/>\n<meta property=\"og:title\" content=\"Services - VENAC\" \/>\n<meta property=\"og:description\" content=\"VENAC vous offre de nombreuses services professionnelles pour les prestations acoustiques qui doivent assurer le confort acoustique.\" \/>\n<meta property=\"og:url\" content=\"https:\/\/www.venac.be\/fr\/services\/\" \/>\n<meta property=\"og:site_name\" content=\"VENAC\" \/>\n<meta property=\"article:modified_time\" content=\"2015-12-18T15:42:14+00:00\" \/>\n<meta name=\"twitter:card\" content=\"summary_large_image\" \/>\n<script type=\"application\/ld+json\" class=\"yoast-schema-graph\">{\"@context\":\"https:\/\/schema.org\",\"@graph\":[{\"@type\":\"WebPage\",\"@id\":\"https:\/\/www.venac.be\/fr\/services\/\",\"url\":\"https:\/\/www.venac.be\/fr\/services\/\",\"name\":\"Services - VENAC\",\"isPartOf\":{\"@id\":\"https:\/\/www.venac.be\/#website\"},\"datePublished\":\"2014-11-09T12:25:29+00:00\",\"dateModified\":\"2015-12-18T15:42:14+00:00\",\"description\":\"VENAC vous offre de nombreuses services professionnelles pour les prestations acoustiques qui doivent assurer le confort acoustique.\",\"breadcrumb\":{\"@id\":\"https:\/\/www.venac.be\/fr\/services\/#breadcrumb\"},\"inLanguage\":\"fr-FR\",\"potentialAction\":[{\"@type\":\"ReadAction\",\"target\":[\"https:\/\/www.venac.be\/fr\/services\/\"]}]},{\"@type\":\"BreadcrumbList\",\"@id\":\"https:\/\/www.venac.be\/fr\/services\/#breadcrumb\",\"itemListElement\":[{\"@type\":\"ListItem\",\"position\":1,\"name\":\"Home\",\"item\":\"https:\/\/www.venac.be\/fr\/\"},{\"@type\":\"ListItem\",\"position\":2,\"name\":\"Services\"}]},{\"@type\":\"WebSite\",\"@id\":\"https:\/\/www.venac.be\/#website\",\"url\":\"https:\/\/www.venac.be\/\",\"name\":\"VENAC\",\"description\":\"Vibrations, ENgineering &amp; ACoustics consulting\",\"potentialAction\":[{\"@type\":\"SearchAction\",\"target\":{\"@type\":\"EntryPoint\",\"urlTemplate\":\"https:\/\/www.venac.be\/?s={search_term_string}\"},\"query-input\":\"required name=search_term_string\"}],\"inLanguage\":\"fr-FR\"}]}<\/script>\n<!-- \/ Yoast SEO plugin. -->","yoast_head_json":{"title":"Services - VENAC","description":"VENAC vous offre de nombreuses services professionnelles pour les prestations acoustiques qui doivent assurer le confort acoustique.","robots":{"index":"index","follow":"follow","max-snippet":"max-snippet:-1","max-image-preview":"max-image-preview:large","max-video-preview":"max-video-preview:-1"},"canonical":"https:\/\/www.venac.be\/fr\/services\/","og_locale":"fr_FR","og_type":"article","og_title":"Services - VENAC","og_description":"VENAC vous offre de nombreuses services professionnelles pour les prestations acoustiques qui doivent assurer le confort acoustique.","og_url":"https:\/\/www.venac.be\/fr\/services\/","og_site_name":"VENAC","article_modified_time":"2015-12-18T15:42:14+00:00","twitter_card":"summary_large_image","schema":{"@context":"https:\/\/schema.org","@graph":[{"@type":"WebPage","@id":"https:\/\/www.venac.be\/fr\/services\/","url":"https:\/\/www.venac.be\/fr\/services\/","name":"Services - VENAC","isPartOf":{"@id":"https:\/\/www.venac.be\/#website"},"datePublished":"2014-11-09T12:25:29+00:00","dateModified":"2015-12-18T15:42:14+00:00","description":"VENAC vous offre de nombreuses services professionnelles pour les prestations acoustiques qui doivent assurer le confort acoustique.","breadcrumb":{"@id":"https:\/\/www.venac.be\/fr\/services\/#breadcrumb"},"inLanguage":"fr-FR","potentialAction":[{"@type":"ReadAction","target":["https:\/\/www.venac.be\/fr\/services\/"]}]},{"@type":"BreadcrumbList","@id":"https:\/\/www.venac.be\/fr\/services\/#breadcrumb","itemListElement":[{"@type":"ListItem","position":1,"name":"Home","item":"https:\/\/www.venac.be\/fr\/"},{"@type":"ListItem","position":2,"name":"Services"}]},{"@type":"WebSite","@id":"https:\/\/www.venac.be\/#website","url":"https:\/\/www.venac.be\/","name":"VENAC","description":"Vibrations, ENgineering &amp; ACoustics consulting","potentialAction":[{"@type":"SearchAction","target":{"@type":"EntryPoint","urlTemplate":"https:\/\/www.venac.be\/?s={search_term_string}"},"query-input":"required name=search_term_string"}],"inLanguage":"fr-FR"}]}},"_links":{"self":[{"href":"https:\/\/www.venac.be\/fr\/wp-json\/wp\/v2\/pages\/3115"}],"collection":[{"href":"https:\/\/www.venac.be\/fr\/wp-json\/wp\/v2\/pages"}],"about":[{"href":"https:\/\/www.venac.be\/fr\/wp-json\/wp\/v2\/types\/page"}],"author":[{"embeddable":true,"href":"https:\/\/www.venac.be\/fr\/wp-json\/wp\/v2\/users\/1"}],"replies":[{"embeddable":true,"href":"https:\/\/www.venac.be\/fr\/wp-json\/wp\/v2\/comments?post=3115"}],"version-history":[{"count":5,"href":"https:\/\/www.venac.be\/fr\/wp-json\/wp\/v2\/pages\/3115\/revisions"}],"predecessor-version":[{"id":3411,"href":"https:\/\/www.venac.be\/fr\/wp-json\/wp\/v2\/pages\/3115\/revisions\/3411"}],"wp:attachment":[{"href":"https:\/\/www.venac.be\/fr\/wp-json\/wp\/v2\/media?parent=3115"}],"wp:term":[{"taxonomy":"category","embeddable":true,"href":"https:\/\/www.venac.be\/fr\/wp-json\/wp\/v2\/categories?post=3115"},{"taxonomy":"post_tag","embeddable":true,"href":"https:\/\/www.venac.be\/fr\/wp-json\/wp\/v2\/tags?post=3115"}],"curies":[{"name":"wp","href":"https:\/\/api.w.org\/{rel}","templated":true}]}}