{"id":3119,"date":"2014-10-30T04:31:51","date_gmt":"2014-10-30T04:31:51","guid":{"rendered":"http:\/\/localhost\/Wordpress\/venac\/over-venac-2\/"},"modified":"2016-01-01T21:24:47","modified_gmt":"2016-01-01T21:24:47","slug":"sur-venac","status":"publish","type":"page","link":"https:\/\/www.venac.be\/fr\/sur-venac\/","title":{"rendered":"A propos de VENAC"},"content":{"rendered":"<div class=\"be-section         clearfix\" data-headerscheme=\"background--dark\" style=\" \"  ><div class=\"be-section-pad clearfix \" style=\" padding-top:90px;padding-bottom:90px;\" data-padding-top = \"90\"><div  class=\"be-row be-wrap clearfix \"><div  class=\"one-col column-block clearfix  no-background    \" data-animation=\"\" style=\"  \"><div class=\"be-custom-column-inner\"><div class=\"special-subtitle-wrap  0\" style=\"margin-bottom: 10px;\" data-animation=\"fadeIn\"><div class=\"align-left\"><span class=\"special-subtitle\" style=\"color: #e0a240; font-size: 18px ; width: 100%\" >Qui sommes-nous?<\/span><\/div><\/div><\/div><\/div><\/div><div  class=\"be-row be-wrap clearfix \"><div  class=\"one-half column-block  no-background    \" data-animation=\"\" style=\"  \"><div class=\"be-custom-column-inner\"><h2>Activit\u00e9s<\/h2>\n<p style=\"text-align: justify;\">VENAC se concentre, en concertation avec les Ma\u00eetres d\u2019Ouvrages professionnels, architectes et entrepreneurs, sur l<strong>\u2019\u00e9tude et le suivi acoustique d\u2019habitations, appartements, bureaux, immeubles culturels, sites industriels et plus encore.<\/strong><\/p>\n<p style=\"text-align: justify;\">Nous portons attention&nbsp; \u00e0 <strong>l\u2019isolation des bruits a\u00e9riens, la ma\u00eetrise des bruits de contacts, la ma\u00eetrise des temps de r\u00e9verb\u00e9ration, l\u2019audibilit\u00e9, les niveaux de bruits des installations techniques, l\u2019acoustique environnementale et la ma\u00eetrise des vibrations.<\/strong><\/p>\n<\/div><\/div><div  class=\"one-half column-block  no-background    \" data-animation=\"\" style=\"  \"><div class=\"be-custom-column-inner\"><h2>Histoire<\/h2>\n<p style=\"text-align: justify;\">VENAC est l\u2019abr\u00e9viation de <strong>Vibrations Engineering &amp; Acoustics Consulting<\/strong>.&nbsp;La soci\u00e9t\u00e9 fut cr\u00e9e en 1985 par Fernand Vandervorst. VENAC s\u2019est, depuis lors, rapidement d\u00e9velopp\u00e9 jusqu\u2019\u00e0 devenir une valeur \u00e9tablie dans le monde de la construction.<\/p>\n<p style=\"text-align: justify;\">En 1999, Tom rejoint la soci\u00e9t\u00e9 comme \u00ab&nbsp;fils de&nbsp;\u00bb g\u00e9n\u00e9tiquement destin\u00e9 \u00e0 suivre le m\u00eame chemin.&nbsp;Sous la direction du clan Vandervorst, VENAC s\u2019est d\u00e9velopp\u00e9 et est devenu un bureau reconnu, avec &nbsp;8 employ\u00e9s.<\/p>\n<\/div><\/div><\/div><div  class=\"be-row be-wrap clearfix \"><div  class=\"one-col column-block clearfix  no-background    \" data-animation=\"\" style=\"  \"><div class=\"be-custom-column-inner\"><\/div><\/div><\/div><\/div><\/div>","protected":false},"excerpt":{"rendered":"<p>Qui sommes-nous?Activit\u00e9s VENAC se concentre, en concertation avec les Ma\u00eetres d\u2019Ouvrages professionnels, architectes et entrepreneurs, sur l\u2019\u00e9tude et le suivi acoustique d\u2019habitations, appartements, bureaux, immeubles culturels, sites industriels et plus [&hellip;]<\/p>\n<p><a href=\"https:\/\/www.venac.be\/fr\/sur-venac\/\" class=\"more-link style1-button\">Read More<\/a><\/p>","protected":false},"author":1,"featured_media":0,"parent":0,"menu_order":0,"comment_status":"closed","ping_status":"closed","template":"","meta":{"_exactmetrics_skip_tracking":false,"_exactmetrics_sitenote_active":false,"_exactmetrics_sitenote_note":"","_exactmetrics_sitenote_category":0,"footnotes":""},"categories":[],"tags":[],"class_list":["post-3119","page","type-page","status-publish","hentry"],"yoast_head":"<!-- This site is optimized with the Yoast SEO plugin v23.1 - https:\/\/yoast.com\/wordpress\/plugins\/seo\/ -->\n<title>A propos de VENAC - VENAC<\/title>\n<meta name=\"description\" content=\"VENAC est une autorit\u00e9 en Belgique pour les analyses acoustiques du b\u00e2timent et les salles.\" \/>\n<meta name=\"robots\" content=\"index, follow, max-snippet:-1, max-image-preview:large, max-video-preview:-1\" \/>\n<link rel=\"canonical\" href=\"https:\/\/www.venac.be\/fr\/sur-venac\/\" \/>\n<meta property=\"og:locale\" content=\"fr_FR\" \/>\n<meta property=\"og:type\" content=\"article\" \/>\n<meta property=\"og:title\" content=\"A propos de VENAC - VENAC\" \/>\n<meta property=\"og:description\" content=\"VENAC est une autorit\u00e9 en Belgique pour les analyses acoustiques du b\u00e2timent et les salles.\" \/>\n<meta property=\"og:url\" content=\"https:\/\/www.venac.be\/fr\/sur-venac\/\" \/>\n<meta property=\"og:site_name\" content=\"VENAC\" \/>\n<meta property=\"article:modified_time\" content=\"2016-01-01T21:24:47+00:00\" \/>\n<meta name=\"twitter:card\" content=\"summary_large_image\" \/>\n<script type=\"application\/ld+json\" class=\"yoast-schema-graph\">{\"@context\":\"https:\/\/schema.org\",\"@graph\":[{\"@type\":\"WebPage\",\"@id\":\"https:\/\/www.venac.be\/fr\/sur-venac\/\",\"url\":\"https:\/\/www.venac.be\/fr\/sur-venac\/\",\"name\":\"A propos de VENAC - VENAC\",\"isPartOf\":{\"@id\":\"https:\/\/www.venac.be\/#website\"},\"datePublished\":\"2014-10-30T04:31:51+00:00\",\"dateModified\":\"2016-01-01T21:24:47+00:00\",\"description\":\"VENAC est une autorit\u00e9 en Belgique pour les analyses acoustiques du b\u00e2timent et les salles.\",\"breadcrumb\":{\"@id\":\"https:\/\/www.venac.be\/fr\/sur-venac\/#breadcrumb\"},\"inLanguage\":\"fr-FR\",\"potentialAction\":[{\"@type\":\"ReadAction\",\"target\":[\"https:\/\/www.venac.be\/fr\/sur-venac\/\"]}]},{\"@type\":\"BreadcrumbList\",\"@id\":\"https:\/\/www.venac.be\/fr\/sur-venac\/#breadcrumb\",\"itemListElement\":[{\"@type\":\"ListItem\",\"position\":1,\"name\":\"Home\",\"item\":\"https:\/\/www.venac.be\/fr\/\"},{\"@type\":\"ListItem\",\"position\":2,\"name\":\"A propos de VENAC\"}]},{\"@type\":\"WebSite\",\"@id\":\"https:\/\/www.venac.be\/#website\",\"url\":\"https:\/\/www.venac.be\/\",\"name\":\"VENAC\",\"description\":\"Vibrations, ENgineering &amp; ACoustics consulting\",\"potentialAction\":[{\"@type\":\"SearchAction\",\"target\":{\"@type\":\"EntryPoint\",\"urlTemplate\":\"https:\/\/www.venac.be\/?s={search_term_string}\"},\"query-input\":\"required name=search_term_string\"}],\"inLanguage\":\"fr-FR\"}]}<\/script>\n<!-- \/ Yoast SEO plugin. -->","yoast_head_json":{"title":"A propos de VENAC - VENAC","description":"VENAC est une autorit\u00e9 en Belgique pour les analyses acoustiques du b\u00e2timent et les salles.","robots":{"index":"index","follow":"follow","max-snippet":"max-snippet:-1","max-image-preview":"max-image-preview:large","max-video-preview":"max-video-preview:-1"},"canonical":"https:\/\/www.venac.be\/fr\/sur-venac\/","og_locale":"fr_FR","og_type":"article","og_title":"A propos de VENAC - VENAC","og_description":"VENAC est une autorit\u00e9 en Belgique pour les analyses acoustiques du b\u00e2timent et les salles.","og_url":"https:\/\/www.venac.be\/fr\/sur-venac\/","og_site_name":"VENAC","article_modified_time":"2016-01-01T21:24:47+00:00","twitter_card":"summary_large_image","schema":{"@context":"https:\/\/schema.org","@graph":[{"@type":"WebPage","@id":"https:\/\/www.venac.be\/fr\/sur-venac\/","url":"https:\/\/www.venac.be\/fr\/sur-venac\/","name":"A propos de VENAC - VENAC","isPartOf":{"@id":"https:\/\/www.venac.be\/#website"},"datePublished":"2014-10-30T04:31:51+00:00","dateModified":"2016-01-01T21:24:47+00:00","description":"VENAC est une autorit\u00e9 en Belgique pour les analyses acoustiques du b\u00e2timent et les salles.","breadcrumb":{"@id":"https:\/\/www.venac.be\/fr\/sur-venac\/#breadcrumb"},"inLanguage":"fr-FR","potentialAction":[{"@type":"ReadAction","target":["https:\/\/www.venac.be\/fr\/sur-venac\/"]}]},{"@type":"BreadcrumbList","@id":"https:\/\/www.venac.be\/fr\/sur-venac\/#breadcrumb","itemListElement":[{"@type":"ListItem","position":1,"name":"Home","item":"https:\/\/www.venac.be\/fr\/"},{"@type":"ListItem","position":2,"name":"A propos de VENAC"}]},{"@type":"WebSite","@id":"https:\/\/www.venac.be\/#website","url":"https:\/\/www.venac.be\/","name":"VENAC","description":"Vibrations, ENgineering &amp; ACoustics consulting","potentialAction":[{"@type":"SearchAction","target":{"@type":"EntryPoint","urlTemplate":"https:\/\/www.venac.be\/?s={search_term_string}"},"query-input":"required name=search_term_string"}],"inLanguage":"fr-FR"}]}},"_links":{"self":[{"href":"https:\/\/www.venac.be\/fr\/wp-json\/wp\/v2\/pages\/3119"}],"collection":[{"href":"https:\/\/www.venac.be\/fr\/wp-json\/wp\/v2\/pages"}],"about":[{"href":"https:\/\/www.venac.be\/fr\/wp-json\/wp\/v2\/types\/page"}],"author":[{"embeddable":true,"href":"https:\/\/www.venac.be\/fr\/wp-json\/wp\/v2\/users\/1"}],"replies":[{"embeddable":true,"href":"https:\/\/www.venac.be\/fr\/wp-json\/wp\/v2\/comments?post=3119"}],"version-history":[{"count":5,"href":"https:\/\/www.venac.be\/fr\/wp-json\/wp\/v2\/pages\/3119\/revisions"}],"predecessor-version":[{"id":3459,"href":"https:\/\/www.venac.be\/fr\/wp-json\/wp\/v2\/pages\/3119\/revisions\/3459"}],"wp:attachment":[{"href":"https:\/\/www.venac.be\/fr\/wp-json\/wp\/v2\/media?parent=3119"}],"wp:term":[{"taxonomy":"category","embeddable":true,"href":"https:\/\/www.venac.be\/fr\/wp-json\/wp\/v2\/categories?post=3119"},{"taxonomy":"post_tag","embeddable":true,"href":"https:\/\/www.venac.be\/fr\/wp-json\/wp\/v2\/tags?post=3119"}],"curies":[{"name":"wp","href":"https:\/\/api.w.org\/{rel}","templated":true}]}}