{"id":3121,"date":"2015-02-05T05:37:31","date_gmt":"2015-02-05T05:37:31","guid":{"rendered":"http:\/\/localhost\/Wordpress\/venac\/sitemap-2\/"},"modified":"2015-04-10T09:10:25","modified_gmt":"2015-04-10T09:10:25","slug":"plan-du-site","status":"publish","type":"page","link":"https:\/\/www.venac.be\/fr\/plan-du-site\/","title":{"rendered":"Plan du site"},"content":{"rendered":"<div class=\"be-section         clearfix\" data-headerscheme=\"background--dark\" style=\" \"  ><div class=\"be-section-pad clearfix \" style=\" padding-top:90px;padding-bottom:90px;\" data-padding-top = \"90\"><div  class=\"be-row be-wrap clearfix \"><div  class=\"one-col column-block clearfix  no-background    \" data-animation=\"\" style=\"  \"><div class=\"be-custom-column-inner\"><div class=\"linebreak hide-mobile\" style=\"height:50px;\"><\/div><div class=\"wsp-container\">\n<h2 class=\"wsp-pages-title\">Pages<\/h2>\n<ul class=\"wsp-pages-list\">\n<li class=\"page_item page-item-3119 page_item_has_children\"><a href=\"https:\/\/www.venac.be\/fr\/sur-venac\/\">A propos de VENAC<\/a>\n<ul class='children'>\n<li class=\"page_item page-item-3142\"><a href=\"https:\/\/www.venac.be\/fr\/sur-venac\/activites\/\">Activit\u00e9s<\/a><\/li>\n<li class=\"page_item page-item-3143\"><a href=\"https:\/\/www.venac.be\/fr\/sur-venac\/histoire-de-nos-bureaux\/\">Histoire de nos bureaux<\/a><\/li>\n<\/ul>\n<\/li>\n<li class=\"page_item page-item-3875\"><a href=\"https:\/\/www.venac.be\/fr\/conditions-generales\/\">Conditions g\u00e9n\u00e9rales<\/a><\/li>\n<li class=\"page_item page-item-3111\"><a href=\"https:\/\/www.venac.be\/fr\/contact\/\">Contact<\/a><\/li>\n<li class=\"page_item page-item-3114\"><a href=\"https:\/\/www.venac.be\/fr\/\">Home<\/a><\/li>\n<li class=\"page_item page-item-3529 page_item_has_children\"><a href=\"https:\/\/www.venac.be\/fr\/jobs\/\">Jobs<\/a>\n<ul class='children'>\n<li class=\"page_item page-item-3892\"><a href=\"https:\/\/www.venac.be\/fr\/jobs\/chef-de-projet\/\">chef de projet<\/a><\/li>\n<\/ul>\n<\/li>\n<li class=\"page_item page-item-3121\"><a href=\"https:\/\/www.venac.be\/fr\/plan-du-site\/\">Plan du site<\/a><\/li>\n<li class=\"page_item page-item-3878\"><a href=\"https:\/\/www.venac.be\/fr\/politique-de-confidentialite\/\">Politique de confidentialit\u00e9<\/a><\/li>\n<li class=\"page_item page-item-3250\"><a href=\"https:\/\/www.venac.be\/fr\/portfolio-acoustique\/\">Portfolio<\/a><\/li>\n<li class=\"page_item page-item-3115 page_item_has_children\"><a href=\"https:\/\/www.venac.be\/fr\/services\/\">Services<\/a>\n<ul class='children'>\n<li class=\"page_item page-item-3129\"><a href=\"https:\/\/www.venac.be\/fr\/services\/etudes-acoustiques\/\">\u00c9tudes<\/a><\/li>\n<li class=\"page_item page-item-3127\"><a href=\"https:\/\/www.venac.be\/fr\/services\/mesures-de-controle\/\">Mesures de contr\u00f4le<\/a><\/li>\n<li class=\"page_item page-item-3123\"><a href=\"https:\/\/www.venac.be\/fr\/services\/simulation-3d\/\">Simulation 3D<\/a><\/li>\n<li class=\"page_item page-item-3128\"><a href=\"https:\/\/www.venac.be\/fr\/services\/suivi-de-projet\/\">Suivi de projet<\/a><\/li>\n<\/ul>\n<\/li>\n<\/ul>\n<\/div>\n<\/div><\/div><\/div><\/div><\/div>","protected":false},"excerpt":{"rendered":"<p>Pages A propos de VENAC Activit\u00e9s Histoire de nos bureaux Conditions g\u00e9n\u00e9rales Contact Home Jobs chef de projet Plan du site Politique de confidentialit\u00e9 Portfolio Services \u00c9tudes Mesures de contr\u00f4le [&hellip;]<\/p>\n<p><a href=\"https:\/\/www.venac.be\/fr\/plan-du-site\/\" class=\"more-link style1-button\">Read More<\/a><\/p>","protected":false},"author":1,"featured_media":0,"parent":0,"menu_order":0,"comment_status":"closed","ping_status":"closed","template":"","meta":{"_exactmetrics_skip_tracking":false,"_exactmetrics_sitenote_active":false,"_exactmetrics_sitenote_note":"","_exactmetrics_sitenote_category":0,"footnotes":""},"categories":[],"tags":[],"class_list":["post-3121","page","type-page","status-publish","hentry"],"yoast_head":"<!-- This site is optimized with the Yoast SEO plugin v23.1 - https:\/\/yoast.com\/wordpress\/plugins\/seo\/ -->\n<title>Plan du site - VENAC<\/title>\n<meta name=\"robots\" content=\"index, follow, max-snippet:-1, max-image-preview:large, max-video-preview:-1\" \/>\n<link rel=\"canonical\" href=\"https:\/\/www.venac.be\/fr\/plan-du-site\/\" \/>\n<meta property=\"og:locale\" content=\"fr_FR\" \/>\n<meta property=\"og:type\" content=\"article\" \/>\n<meta property=\"og:title\" content=\"Plan du site - VENAC\" \/>\n<meta property=\"og:description\" content=\"Pages A propos de VENAC Activit\u00e9s Histoire de nos bureaux Conditions g\u00e9n\u00e9rales Contact Home Jobs chef de projet Plan du site Politique de confidentialit\u00e9 Portfolio Services \u00c9tudes Mesures de contr\u00f4le [&hellip;]\" \/>\n<meta property=\"og:url\" content=\"https:\/\/www.venac.be\/fr\/plan-du-site\/\" \/>\n<meta property=\"og:site_name\" content=\"VENAC\" \/>\n<meta property=\"article:modified_time\" content=\"2015-04-10T09:10:25+00:00\" \/>\n<meta name=\"twitter:card\" content=\"summary_large_image\" \/>\n<script type=\"application\/ld+json\" class=\"yoast-schema-graph\">{\"@context\":\"https:\/\/schema.org\",\"@graph\":[{\"@type\":\"WebPage\",\"@id\":\"https:\/\/www.venac.be\/fr\/plan-du-site\/\",\"url\":\"https:\/\/www.venac.be\/fr\/plan-du-site\/\",\"name\":\"Plan du site - VENAC\",\"isPartOf\":{\"@id\":\"https:\/\/www.venac.be\/#website\"},\"datePublished\":\"2015-02-05T05:37:31+00:00\",\"dateModified\":\"2015-04-10T09:10:25+00:00\",\"breadcrumb\":{\"@id\":\"https:\/\/www.venac.be\/fr\/plan-du-site\/#breadcrumb\"},\"inLanguage\":\"fr-FR\",\"potentialAction\":[{\"@type\":\"ReadAction\",\"target\":[\"https:\/\/www.venac.be\/fr\/plan-du-site\/\"]}]},{\"@type\":\"BreadcrumbList\",\"@id\":\"https:\/\/www.venac.be\/fr\/plan-du-site\/#breadcrumb\",\"itemListElement\":[{\"@type\":\"ListItem\",\"position\":1,\"name\":\"Home\",\"item\":\"https:\/\/www.venac.be\/fr\/\"},{\"@type\":\"ListItem\",\"position\":2,\"name\":\"Plan du site\"}]},{\"@type\":\"WebSite\",\"@id\":\"https:\/\/www.venac.be\/#website\",\"url\":\"https:\/\/www.venac.be\/\",\"name\":\"VENAC\",\"description\":\"Vibrations, ENgineering &amp; ACoustics consulting\",\"potentialAction\":[{\"@type\":\"SearchAction\",\"target\":{\"@type\":\"EntryPoint\",\"urlTemplate\":\"https:\/\/www.venac.be\/?s={search_term_string}\"},\"query-input\":\"required name=search_term_string\"}],\"inLanguage\":\"fr-FR\"}]}<\/script>\n<!-- \/ Yoast SEO plugin. -->","yoast_head_json":{"title":"Plan du site - VENAC","robots":{"index":"index","follow":"follow","max-snippet":"max-snippet:-1","max-image-preview":"max-image-preview:large","max-video-preview":"max-video-preview:-1"},"canonical":"https:\/\/www.venac.be\/fr\/plan-du-site\/","og_locale":"fr_FR","og_type":"article","og_title":"Plan du site - VENAC","og_description":"Pages A propos de VENAC Activit\u00e9s Histoire de nos bureaux Conditions g\u00e9n\u00e9rales Contact Home Jobs chef de projet Plan du site Politique de confidentialit\u00e9 Portfolio Services \u00c9tudes Mesures de contr\u00f4le [&hellip;]","og_url":"https:\/\/www.venac.be\/fr\/plan-du-site\/","og_site_name":"VENAC","article_modified_time":"2015-04-10T09:10:25+00:00","twitter_card":"summary_large_image","schema":{"@context":"https:\/\/schema.org","@graph":[{"@type":"WebPage","@id":"https:\/\/www.venac.be\/fr\/plan-du-site\/","url":"https:\/\/www.venac.be\/fr\/plan-du-site\/","name":"Plan du site - VENAC","isPartOf":{"@id":"https:\/\/www.venac.be\/#website"},"datePublished":"2015-02-05T05:37:31+00:00","dateModified":"2015-04-10T09:10:25+00:00","breadcrumb":{"@id":"https:\/\/www.venac.be\/fr\/plan-du-site\/#breadcrumb"},"inLanguage":"fr-FR","potentialAction":[{"@type":"ReadAction","target":["https:\/\/www.venac.be\/fr\/plan-du-site\/"]}]},{"@type":"BreadcrumbList","@id":"https:\/\/www.venac.be\/fr\/plan-du-site\/#breadcrumb","itemListElement":[{"@type":"ListItem","position":1,"name":"Home","item":"https:\/\/www.venac.be\/fr\/"},{"@type":"ListItem","position":2,"name":"Plan du site"}]},{"@type":"WebSite","@id":"https:\/\/www.venac.be\/#website","url":"https:\/\/www.venac.be\/","name":"VENAC","description":"Vibrations, ENgineering &amp; ACoustics consulting","potentialAction":[{"@type":"SearchAction","target":{"@type":"EntryPoint","urlTemplate":"https:\/\/www.venac.be\/?s={search_term_string}"},"query-input":"required name=search_term_string"}],"inLanguage":"fr-FR"}]}},"_links":{"self":[{"href":"https:\/\/www.venac.be\/fr\/wp-json\/wp\/v2\/pages\/3121"}],"collection":[{"href":"https:\/\/www.venac.be\/fr\/wp-json\/wp\/v2\/pages"}],"about":[{"href":"https:\/\/www.venac.be\/fr\/wp-json\/wp\/v2\/types\/page"}],"author":[{"embeddable":true,"href":"https:\/\/www.venac.be\/fr\/wp-json\/wp\/v2\/users\/1"}],"replies":[{"embeddable":true,"href":"https:\/\/www.venac.be\/fr\/wp-json\/wp\/v2\/comments?post=3121"}],"version-history":[{"count":1,"href":"https:\/\/www.venac.be\/fr\/wp-json\/wp\/v2\/pages\/3121\/revisions"}],"predecessor-version":[{"id":3206,"href":"https:\/\/www.venac.be\/fr\/wp-json\/wp\/v2\/pages\/3121\/revisions\/3206"}],"wp:attachment":[{"href":"https:\/\/www.venac.be\/fr\/wp-json\/wp\/v2\/media?parent=3121"}],"wp:term":[{"taxonomy":"category","embeddable":true,"href":"https:\/\/www.venac.be\/fr\/wp-json\/wp\/v2\/categories?post=3121"},{"taxonomy":"post_tag","embeddable":true,"href":"https:\/\/www.venac.be\/fr\/wp-json\/wp\/v2\/tags?post=3121"}],"curies":[{"name":"wp","href":"https:\/\/api.w.org\/{rel}","templated":true}]}}