{"id":3123,"date":"2015-02-19T09:05:50","date_gmt":"2015-02-19T09:05:50","guid":{"rendered":"http:\/\/localhost\/Wordpress\/venac\/onze-diensten\/3d-simulaties\/"},"modified":"2015-05-23T20:36:48","modified_gmt":"2015-05-23T20:36:48","slug":"simulation-3d","status":"publish","type":"page","link":"https:\/\/www.venac.be\/fr\/services\/simulation-3d\/","title":{"rendered":"Simulation 3D"},"content":{"rendered":"<div class=\"be-section         clearfix\" data-headerscheme=\"background--dark\" style=\" \"  ><div class=\"be-section-pad clearfix \" style=\" padding-top:90px;padding-bottom:90px;\" data-padding-top = \"90\"><div  class=\"be-row be-wrap clearfix \"><div  class=\"one-col column-block clearfix  no-background    \" data-animation=\"\" style=\"  \"><div class=\"be-custom-column-inner\"><div class=\"special-subtitle-wrap  0\" style=\"margin-bottom: 30px;\" data-animation=\"fadeIn\"><div class=\"align-left\"><span class=\"special-subtitle\" style=\"color: #e0a240; font-size: 18px ; width: 100%\" >Simulation 3D<\/span><\/div><\/div><p>Afin d\u2019analyser en d\u00e9tail les situations les plus complexes, VENAC utilise de <strong>mod\u00e8les virtuels en 3D<\/strong>.&nbsp;Les sources sonores de <strong>sites industriels<\/strong> sont r\u00e9pertori\u00e9es ; <strong>l\u2019influence de grands axes routiers <\/strong>ou<strong> de chemins de fer<\/strong> est \u00e9tudi\u00e9e sur les fa\u00e7ades des nouveaux projets ou lotissements.<\/p>\n<\/div><\/div><\/div><div  class=\"be-row be-wrap clearfix \"><div  class=\"one-half column-block  no-background    \" data-animation=\"\" style=\"  \"><div class=\"be-custom-column-inner\"><p style=\"text-align: justify;\"><strong>Les param\u00e8tres de la correction acoustiques de salles<\/strong> sont \u00e9galement r\u00e9pertori\u00e9s en d\u00e9tail, gr\u00e2ce \u00e0 quoi les r\u00e9ponses acoustiques de la salle peuvent \u00eatre entendues et exp\u00e9riment\u00e9es avant m\u00eame que celle-ci ne soit construite ou termin\u00e9e.<\/p>\n<\/div><\/div><div  class=\"one-half column-block  no-background    \" data-animation=\"\" style=\"  \"><div class=\"be-custom-column-inner\"><p style=\"text-align: justify;\"><strong>Les prestations de l\u2019acoustique de construction<\/strong> sont \u00e9galement analys\u00e9es en utilisant un mod\u00e8le 3D qui permet de pr\u00e9dire non seulement le transfert direct entre locaux, mais aussi les voies de transmissions lat\u00e9rales.<\/p>\n<\/div><\/div><\/div><\/div><\/div>","protected":false},"excerpt":{"rendered":"<p>Simulation 3DAfin d\u2019analyser en d\u00e9tail les situations les plus complexes, VENAC utilise de mod\u00e8les virtuels en 3D.&nbsp;Les sources sonores de sites industriels sont r\u00e9pertori\u00e9es ; l\u2019influence de grands axes routiers [&hellip;]<\/p>\n<p><a href=\"https:\/\/www.venac.be\/fr\/services\/simulation-3d\/\" class=\"more-link style1-button\">Read More<\/a><\/p>","protected":false},"author":1,"featured_media":0,"parent":3115,"menu_order":0,"comment_status":"closed","ping_status":"closed","template":"","meta":{"_exactmetrics_skip_tracking":false,"_exactmetrics_sitenote_active":false,"_exactmetrics_sitenote_note":"","_exactmetrics_sitenote_category":0,"footnotes":""},"categories":[],"tags":[],"class_list":["post-3123","page","type-page","status-publish","hentry"],"yoast_head":"<!-- This site is optimized with the Yoast SEO plugin v23.1 - https:\/\/yoast.com\/wordpress\/plugins\/seo\/ -->\n<title>Simulation 3D acoustique - VENAC<\/title>\n<meta name=\"description\" content=\"Par Simulation 3D avanc\u00e9e, VENAC analyse l&#039;acoustique dans les situations complexes comme dans l&#039;industrie.\" \/>\n<meta name=\"robots\" content=\"index, follow, max-snippet:-1, max-image-preview:large, max-video-preview:-1\" \/>\n<link rel=\"canonical\" href=\"https:\/\/www.venac.be\/fr\/services\/simulation-3d\/\" \/>\n<meta property=\"og:locale\" content=\"fr_FR\" \/>\n<meta property=\"og:type\" content=\"article\" \/>\n<meta property=\"og:title\" content=\"Simulation 3D acoustique - VENAC\" \/>\n<meta property=\"og:description\" content=\"Par Simulation 3D avanc\u00e9e, VENAC analyse l&#039;acoustique dans les situations complexes comme dans l&#039;industrie.\" \/>\n<meta property=\"og:url\" content=\"https:\/\/www.venac.be\/fr\/services\/simulation-3d\/\" \/>\n<meta property=\"og:site_name\" content=\"VENAC\" \/>\n<meta property=\"article:modified_time\" content=\"2015-05-23T20:36:48+00:00\" \/>\n<meta name=\"twitter:card\" content=\"summary_large_image\" \/>\n<script type=\"application\/ld+json\" class=\"yoast-schema-graph\">{\"@context\":\"https:\/\/schema.org\",\"@graph\":[{\"@type\":\"WebPage\",\"@id\":\"https:\/\/www.venac.be\/fr\/services\/simulation-3d\/\",\"url\":\"https:\/\/www.venac.be\/fr\/services\/simulation-3d\/\",\"name\":\"Simulation 3D acoustique - VENAC\",\"isPartOf\":{\"@id\":\"https:\/\/www.venac.be\/#website\"},\"datePublished\":\"2015-02-19T09:05:50+00:00\",\"dateModified\":\"2015-05-23T20:36:48+00:00\",\"description\":\"Par Simulation 3D avanc\u00e9e, VENAC analyse l'acoustique dans les situations complexes comme dans l'industrie.\",\"breadcrumb\":{\"@id\":\"https:\/\/www.venac.be\/fr\/services\/simulation-3d\/#breadcrumb\"},\"inLanguage\":\"fr-FR\",\"potentialAction\":[{\"@type\":\"ReadAction\",\"target\":[\"https:\/\/www.venac.be\/fr\/services\/simulation-3d\/\"]}]},{\"@type\":\"BreadcrumbList\",\"@id\":\"https:\/\/www.venac.be\/fr\/services\/simulation-3d\/#breadcrumb\",\"itemListElement\":[{\"@type\":\"ListItem\",\"position\":1,\"name\":\"Home\",\"item\":\"https:\/\/www.venac.be\/fr\/\"},{\"@type\":\"ListItem\",\"position\":2,\"name\":\"Services\",\"item\":\"https:\/\/www.venac.be\/fr\/services\/\"},{\"@type\":\"ListItem\",\"position\":3,\"name\":\"Simulation 3D\"}]},{\"@type\":\"WebSite\",\"@id\":\"https:\/\/www.venac.be\/#website\",\"url\":\"https:\/\/www.venac.be\/\",\"name\":\"VENAC\",\"description\":\"Vibrations, ENgineering &amp; ACoustics consulting\",\"potentialAction\":[{\"@type\":\"SearchAction\",\"target\":{\"@type\":\"EntryPoint\",\"urlTemplate\":\"https:\/\/www.venac.be\/?s={search_term_string}\"},\"query-input\":\"required name=search_term_string\"}],\"inLanguage\":\"fr-FR\"}]}<\/script>\n<!-- \/ Yoast SEO plugin. -->","yoast_head_json":{"title":"Simulation 3D acoustique - VENAC","description":"Par Simulation 3D avanc\u00e9e, VENAC analyse l'acoustique dans les situations complexes comme dans l'industrie.","robots":{"index":"index","follow":"follow","max-snippet":"max-snippet:-1","max-image-preview":"max-image-preview:large","max-video-preview":"max-video-preview:-1"},"canonical":"https:\/\/www.venac.be\/fr\/services\/simulation-3d\/","og_locale":"fr_FR","og_type":"article","og_title":"Simulation 3D acoustique - VENAC","og_description":"Par Simulation 3D avanc\u00e9e, VENAC analyse l'acoustique dans les situations complexes comme dans l'industrie.","og_url":"https:\/\/www.venac.be\/fr\/services\/simulation-3d\/","og_site_name":"VENAC","article_modified_time":"2015-05-23T20:36:48+00:00","twitter_card":"summary_large_image","schema":{"@context":"https:\/\/schema.org","@graph":[{"@type":"WebPage","@id":"https:\/\/www.venac.be\/fr\/services\/simulation-3d\/","url":"https:\/\/www.venac.be\/fr\/services\/simulation-3d\/","name":"Simulation 3D acoustique - VENAC","isPartOf":{"@id":"https:\/\/www.venac.be\/#website"},"datePublished":"2015-02-19T09:05:50+00:00","dateModified":"2015-05-23T20:36:48+00:00","description":"Par Simulation 3D avanc\u00e9e, VENAC analyse l'acoustique dans les situations complexes comme dans l'industrie.","breadcrumb":{"@id":"https:\/\/www.venac.be\/fr\/services\/simulation-3d\/#breadcrumb"},"inLanguage":"fr-FR","potentialAction":[{"@type":"ReadAction","target":["https:\/\/www.venac.be\/fr\/services\/simulation-3d\/"]}]},{"@type":"BreadcrumbList","@id":"https:\/\/www.venac.be\/fr\/services\/simulation-3d\/#breadcrumb","itemListElement":[{"@type":"ListItem","position":1,"name":"Home","item":"https:\/\/www.venac.be\/fr\/"},{"@type":"ListItem","position":2,"name":"Services","item":"https:\/\/www.venac.be\/fr\/services\/"},{"@type":"ListItem","position":3,"name":"Simulation 3D"}]},{"@type":"WebSite","@id":"https:\/\/www.venac.be\/#website","url":"https:\/\/www.venac.be\/","name":"VENAC","description":"Vibrations, ENgineering &amp; ACoustics consulting","potentialAction":[{"@type":"SearchAction","target":{"@type":"EntryPoint","urlTemplate":"https:\/\/www.venac.be\/?s={search_term_string}"},"query-input":"required name=search_term_string"}],"inLanguage":"fr-FR"}]}},"_links":{"self":[{"href":"https:\/\/www.venac.be\/fr\/wp-json\/wp\/v2\/pages\/3123"}],"collection":[{"href":"https:\/\/www.venac.be\/fr\/wp-json\/wp\/v2\/pages"}],"about":[{"href":"https:\/\/www.venac.be\/fr\/wp-json\/wp\/v2\/types\/page"}],"author":[{"embeddable":true,"href":"https:\/\/www.venac.be\/fr\/wp-json\/wp\/v2\/users\/1"}],"replies":[{"embeddable":true,"href":"https:\/\/www.venac.be\/fr\/wp-json\/wp\/v2\/comments?post=3123"}],"version-history":[{"count":4,"href":"https:\/\/www.venac.be\/fr\/wp-json\/wp\/v2\/pages\/3123\/revisions"}],"predecessor-version":[{"id":3444,"href":"https:\/\/www.venac.be\/fr\/wp-json\/wp\/v2\/pages\/3123\/revisions\/3444"}],"up":[{"embeddable":true,"href":"https:\/\/www.venac.be\/fr\/wp-json\/wp\/v2\/pages\/3115"}],"wp:attachment":[{"href":"https:\/\/www.venac.be\/fr\/wp-json\/wp\/v2\/media?parent=3123"}],"wp:term":[{"taxonomy":"category","embeddable":true,"href":"https:\/\/www.venac.be\/fr\/wp-json\/wp\/v2\/categories?post=3123"},{"taxonomy":"post_tag","embeddable":true,"href":"https:\/\/www.venac.be\/fr\/wp-json\/wp\/v2\/tags?post=3123"}],"curies":[{"name":"wp","href":"https:\/\/api.w.org\/{rel}","templated":true}]}}