{"id":3127,"date":"2015-02-19T09:01:47","date_gmt":"2015-02-19T09:01:47","guid":{"rendered":"http:\/\/localhost\/Wordpress\/venac\/onze-diensten\/controlemetingen\/"},"modified":"2015-05-23T20:36:01","modified_gmt":"2015-05-23T20:36:01","slug":"mesures-de-controle","status":"publish","type":"page","link":"https:\/\/www.venac.be\/fr\/services\/mesures-de-controle\/","title":{"rendered":"Mesures de contr\u00f4le"},"content":{"rendered":"<div class=\"be-section         clearfix\" data-headerscheme=\"background--dark\" style=\" \"  ><div class=\"be-section-pad clearfix \" style=\" padding-top:90px;padding-bottom:90px;\" data-padding-top = \"90\"><div  class=\"be-row be-wrap clearfix \"><div  class=\"one-col column-block clearfix  no-background    \" data-animation=\"\" style=\"  \"><div class=\"be-custom-column-inner\"><div class=\"special-subtitle-wrap  0\" style=\"margin-bottom: 30px;\" data-animation=\"fadeIn\"><div class=\"align-left\"><span class=\"special-subtitle\" style=\"color: #e0a240; font-size: 18px ; width: 100%\" >Contr\u00f4le acoustique<\/span><\/div><\/div><p>Lors de la r\u00e9ception d\u2019un projet, plusieurs mesures de contr\u00f4le sont effectu\u00e9es pour <strong>v\u00e9rifier si les prestations acoustiques souhait\u00e9es sont atteintes<\/strong>.&nbsp;Une <strong>large gamme d\u2019appareils<\/strong> de mesures est disponible \u00e0 cette effet, afin d\u2019<strong>observer les situations les plus diverses objectivement et in-situ<\/strong>.<\/p>\n<p>En fonction de la situation, des mesures de <strong>contr\u00f4le ponctuelles ou \u00e0 long terme<\/strong> sont pr\u00e9vues.&nbsp;VENAC propose, si n\u00e9cessaire, des <strong>solutions qui peuvent am\u00e9liorer ou optimiser la situation sp\u00e9cifique<\/strong>.<\/p>\n<\/div><\/div><\/div><\/div><\/div>","protected":false},"excerpt":{"rendered":"<p>Contr\u00f4le acoustiqueLors de la r\u00e9ception d\u2019un projet, plusieurs mesures de contr\u00f4le sont effectu\u00e9es pour v\u00e9rifier si les prestations acoustiques souhait\u00e9es sont atteintes.&nbsp;Une large gamme d\u2019appareils de mesures est disponible \u00e0 [&hellip;]<\/p>\n<p><a href=\"https:\/\/www.venac.be\/fr\/services\/mesures-de-controle\/\" class=\"more-link style1-button\">Read More<\/a><\/p>","protected":false},"author":1,"featured_media":0,"parent":3115,"menu_order":0,"comment_status":"closed","ping_status":"closed","template":"","meta":{"_exactmetrics_skip_tracking":false,"_exactmetrics_sitenote_active":false,"_exactmetrics_sitenote_note":"","_exactmetrics_sitenote_category":0,"footnotes":""},"categories":[],"tags":[],"class_list":["post-3127","page","type-page","status-publish","hentry"],"yoast_head":"<!-- This site is optimized with the Yoast SEO plugin v23.1 - https:\/\/yoast.com\/wordpress\/plugins\/seo\/ -->\n<title>Contr\u00f4les acoustiques - VENAC<\/title>\n<meta name=\"description\" content=\"Lors de la r\u00e9ception d\u2019un projet,VENAC fait plusieurs contr\u00f4les pour v\u00e9rifier si les prestations acoustiques souhait\u00e9es sont atteintes.\" \/>\n<meta name=\"robots\" content=\"index, follow, max-snippet:-1, max-image-preview:large, max-video-preview:-1\" \/>\n<link rel=\"canonical\" href=\"https:\/\/www.venac.be\/fr\/services\/mesures-de-controle\/\" \/>\n<meta property=\"og:locale\" content=\"fr_FR\" \/>\n<meta property=\"og:type\" content=\"article\" \/>\n<meta property=\"og:title\" content=\"Contr\u00f4les acoustiques - VENAC\" \/>\n<meta property=\"og:description\" content=\"Lors de la r\u00e9ception d\u2019un projet,VENAC fait plusieurs contr\u00f4les pour v\u00e9rifier si les prestations acoustiques souhait\u00e9es sont atteintes.\" \/>\n<meta property=\"og:url\" content=\"https:\/\/www.venac.be\/fr\/services\/mesures-de-controle\/\" \/>\n<meta property=\"og:site_name\" content=\"VENAC\" \/>\n<meta property=\"article:modified_time\" content=\"2015-05-23T20:36:01+00:00\" \/>\n<meta name=\"twitter:card\" content=\"summary_large_image\" \/>\n<script type=\"application\/ld+json\" class=\"yoast-schema-graph\">{\"@context\":\"https:\/\/schema.org\",\"@graph\":[{\"@type\":\"WebPage\",\"@id\":\"https:\/\/www.venac.be\/fr\/services\/mesures-de-controle\/\",\"url\":\"https:\/\/www.venac.be\/fr\/services\/mesures-de-controle\/\",\"name\":\"Contr\u00f4les acoustiques - VENAC\",\"isPartOf\":{\"@id\":\"https:\/\/www.venac.be\/#website\"},\"datePublished\":\"2015-02-19T09:01:47+00:00\",\"dateModified\":\"2015-05-23T20:36:01+00:00\",\"description\":\"Lors de la r\u00e9ception d\u2019un projet,VENAC fait plusieurs contr\u00f4les pour v\u00e9rifier si les prestations acoustiques souhait\u00e9es sont atteintes.\",\"breadcrumb\":{\"@id\":\"https:\/\/www.venac.be\/fr\/services\/mesures-de-controle\/#breadcrumb\"},\"inLanguage\":\"fr-FR\",\"potentialAction\":[{\"@type\":\"ReadAction\",\"target\":[\"https:\/\/www.venac.be\/fr\/services\/mesures-de-controle\/\"]}]},{\"@type\":\"BreadcrumbList\",\"@id\":\"https:\/\/www.venac.be\/fr\/services\/mesures-de-controle\/#breadcrumb\",\"itemListElement\":[{\"@type\":\"ListItem\",\"position\":1,\"name\":\"Home\",\"item\":\"https:\/\/www.venac.be\/fr\/\"},{\"@type\":\"ListItem\",\"position\":2,\"name\":\"Services\",\"item\":\"https:\/\/www.venac.be\/fr\/services\/\"},{\"@type\":\"ListItem\",\"position\":3,\"name\":\"Mesures de contr\u00f4le\"}]},{\"@type\":\"WebSite\",\"@id\":\"https:\/\/www.venac.be\/#website\",\"url\":\"https:\/\/www.venac.be\/\",\"name\":\"VENAC\",\"description\":\"Vibrations, ENgineering &amp; ACoustics consulting\",\"potentialAction\":[{\"@type\":\"SearchAction\",\"target\":{\"@type\":\"EntryPoint\",\"urlTemplate\":\"https:\/\/www.venac.be\/?s={search_term_string}\"},\"query-input\":\"required name=search_term_string\"}],\"inLanguage\":\"fr-FR\"}]}<\/script>\n<!-- \/ Yoast SEO plugin. -->","yoast_head_json":{"title":"Contr\u00f4les acoustiques - VENAC","description":"Lors de la r\u00e9ception d\u2019un projet,VENAC fait plusieurs contr\u00f4les pour v\u00e9rifier si les prestations acoustiques souhait\u00e9es sont atteintes.","robots":{"index":"index","follow":"follow","max-snippet":"max-snippet:-1","max-image-preview":"max-image-preview:large","max-video-preview":"max-video-preview:-1"},"canonical":"https:\/\/www.venac.be\/fr\/services\/mesures-de-controle\/","og_locale":"fr_FR","og_type":"article","og_title":"Contr\u00f4les acoustiques - VENAC","og_description":"Lors de la r\u00e9ception d\u2019un projet,VENAC fait plusieurs contr\u00f4les pour v\u00e9rifier si les prestations acoustiques souhait\u00e9es sont atteintes.","og_url":"https:\/\/www.venac.be\/fr\/services\/mesures-de-controle\/","og_site_name":"VENAC","article_modified_time":"2015-05-23T20:36:01+00:00","twitter_card":"summary_large_image","schema":{"@context":"https:\/\/schema.org","@graph":[{"@type":"WebPage","@id":"https:\/\/www.venac.be\/fr\/services\/mesures-de-controle\/","url":"https:\/\/www.venac.be\/fr\/services\/mesures-de-controle\/","name":"Contr\u00f4les acoustiques - VENAC","isPartOf":{"@id":"https:\/\/www.venac.be\/#website"},"datePublished":"2015-02-19T09:01:47+00:00","dateModified":"2015-05-23T20:36:01+00:00","description":"Lors de la r\u00e9ception d\u2019un projet,VENAC fait plusieurs contr\u00f4les pour v\u00e9rifier si les prestations acoustiques souhait\u00e9es sont atteintes.","breadcrumb":{"@id":"https:\/\/www.venac.be\/fr\/services\/mesures-de-controle\/#breadcrumb"},"inLanguage":"fr-FR","potentialAction":[{"@type":"ReadAction","target":["https:\/\/www.venac.be\/fr\/services\/mesures-de-controle\/"]}]},{"@type":"BreadcrumbList","@id":"https:\/\/www.venac.be\/fr\/services\/mesures-de-controle\/#breadcrumb","itemListElement":[{"@type":"ListItem","position":1,"name":"Home","item":"https:\/\/www.venac.be\/fr\/"},{"@type":"ListItem","position":2,"name":"Services","item":"https:\/\/www.venac.be\/fr\/services\/"},{"@type":"ListItem","position":3,"name":"Mesures de contr\u00f4le"}]},{"@type":"WebSite","@id":"https:\/\/www.venac.be\/#website","url":"https:\/\/www.venac.be\/","name":"VENAC","description":"Vibrations, ENgineering &amp; ACoustics consulting","potentialAction":[{"@type":"SearchAction","target":{"@type":"EntryPoint","urlTemplate":"https:\/\/www.venac.be\/?s={search_term_string}"},"query-input":"required name=search_term_string"}],"inLanguage":"fr-FR"}]}},"_links":{"self":[{"href":"https:\/\/www.venac.be\/fr\/wp-json\/wp\/v2\/pages\/3127"}],"collection":[{"href":"https:\/\/www.venac.be\/fr\/wp-json\/wp\/v2\/pages"}],"about":[{"href":"https:\/\/www.venac.be\/fr\/wp-json\/wp\/v2\/types\/page"}],"author":[{"embeddable":true,"href":"https:\/\/www.venac.be\/fr\/wp-json\/wp\/v2\/users\/1"}],"replies":[{"embeddable":true,"href":"https:\/\/www.venac.be\/fr\/wp-json\/wp\/v2\/comments?post=3127"}],"version-history":[{"count":3,"href":"https:\/\/www.venac.be\/fr\/wp-json\/wp\/v2\/pages\/3127\/revisions"}],"predecessor-version":[{"id":3441,"href":"https:\/\/www.venac.be\/fr\/wp-json\/wp\/v2\/pages\/3127\/revisions\/3441"}],"up":[{"embeddable":true,"href":"https:\/\/www.venac.be\/fr\/wp-json\/wp\/v2\/pages\/3115"}],"wp:attachment":[{"href":"https:\/\/www.venac.be\/fr\/wp-json\/wp\/v2\/media?parent=3127"}],"wp:term":[{"taxonomy":"category","embeddable":true,"href":"https:\/\/www.venac.be\/fr\/wp-json\/wp\/v2\/categories?post=3127"},{"taxonomy":"post_tag","embeddable":true,"href":"https:\/\/www.venac.be\/fr\/wp-json\/wp\/v2\/tags?post=3127"}],"curies":[{"name":"wp","href":"https:\/\/api.w.org\/{rel}","templated":true}]}}