{"id":3129,"date":"2015-02-19T08:32:22","date_gmt":"2015-02-19T08:32:22","guid":{"rendered":"http:\/\/localhost\/Wordpress\/venac\/onze-diensten\/studie\/"},"modified":"2015-05-23T20:34:16","modified_gmt":"2015-05-23T20:34:16","slug":"etudes-acoustiques","status":"publish","type":"page","link":"https:\/\/www.venac.be\/fr\/services\/etudes-acoustiques\/","title":{"rendered":"\u00c9tudes"},"content":{"rendered":"<div class=\"be-section         clearfix\" data-headerscheme=\"background--dark\" style=\" \"  ><div class=\"be-section-pad clearfix \" style=\" padding-top:90px;padding-bottom:90px;\" data-padding-top = \"90\"><div  class=\"be-row be-wrap clearfix \"><div  class=\"one-col column-block clearfix  no-background    \" data-animation=\"\" style=\"  \"><div class=\"be-custom-column-inner\"><div class=\"special-subtitle-wrap  0\" style=\"margin-bottom: 30px;\" data-animation=\"fadeIn\"><div class=\"align-left\"><span class=\"special-subtitle\" style=\"color: #e0a240; font-size: 18px ; width: 100%\" >\u00c9tudes acoustiques<\/span><\/div><\/div><h3><\/h3>\n<p>En concertation avec les concepteurs et le client, VENAC d\u00e9finit &nbsp;<strong>un fil conducteur des prestations acoustiques qui doivent &nbsp;assurer le confort acoustique<\/strong>.&nbsp; Les probl\u00e8mes complexes sont r\u00e9duits \u00e0 l\u2019essentiel.<\/p>\n<p>Ce fil conducteur est d\u00e9sign\u00e9 <strong>Concept Acoustique<\/strong>.<\/p>\n<p>Des <strong>solutions pragmatiques et des principes d\u2019ex\u00e9cution pratiques<\/strong> sont d\u00e9crits en d\u00e9tail et accompagn\u00e9s de sch\u00e9mas et de plans de principes.<\/p>\n<p><strong>La durabilit\u00e9, la simplicit\u00e9 et le budget sont toujours&nbsp; privil\u00e9gi\u00e9s<\/strong>. Au besoin, un mod\u00e8le r\u00e9duit du projet est d\u00e9velopp\u00e9 en 3D pour fournir des <strong>conseils sp\u00e9cifiques et concrets<\/strong>, afin de r\u00e9duire au minimum les incertitudes.<\/p>\n<\/div><\/div><\/div><\/div><\/div>","protected":false},"excerpt":{"rendered":"<p>\u00c9tudes acoustiques En concertation avec les concepteurs et le client, VENAC d\u00e9finit &nbsp;un fil conducteur des prestations acoustiques qui doivent &nbsp;assurer le confort acoustique.&nbsp; Les probl\u00e8mes complexes sont r\u00e9duits \u00e0 [&hellip;]<\/p>\n<p><a href=\"https:\/\/www.venac.be\/fr\/services\/etudes-acoustiques\/\" class=\"more-link style1-button\">Read More<\/a><\/p>","protected":false},"author":1,"featured_media":0,"parent":3115,"menu_order":0,"comment_status":"closed","ping_status":"closed","template":"","meta":{"_exactmetrics_skip_tracking":false,"_exactmetrics_sitenote_active":false,"_exactmetrics_sitenote_note":"","_exactmetrics_sitenote_category":0,"footnotes":""},"categories":[],"tags":[],"class_list":["post-3129","page","type-page","status-publish","hentry"],"yoast_head":"<!-- This site is optimized with the Yoast SEO plugin v23.1 - https:\/\/yoast.com\/wordpress\/plugins\/seo\/ -->\n<title>\u00c9tudes acoustiques - VENAC<\/title>\n<meta name=\"description\" content=\"VENAC vous offres des \u00e9tudes acoustiques d\u00e9taill\u00e9es avec des solutions pour am\u00e9liorer les prestations acoustiques.\" \/>\n<meta name=\"robots\" content=\"index, follow, max-snippet:-1, max-image-preview:large, max-video-preview:-1\" \/>\n<link rel=\"canonical\" href=\"https:\/\/www.venac.be\/fr\/services\/etudes-acoustiques\/\" \/>\n<meta property=\"og:locale\" content=\"fr_FR\" \/>\n<meta property=\"og:type\" content=\"article\" \/>\n<meta property=\"og:title\" content=\"\u00c9tudes acoustiques - VENAC\" \/>\n<meta property=\"og:description\" content=\"VENAC vous offres des \u00e9tudes acoustiques d\u00e9taill\u00e9es avec des solutions pour am\u00e9liorer les prestations acoustiques.\" \/>\n<meta property=\"og:url\" content=\"https:\/\/www.venac.be\/fr\/services\/etudes-acoustiques\/\" \/>\n<meta property=\"og:site_name\" content=\"VENAC\" \/>\n<meta property=\"article:modified_time\" content=\"2015-05-23T20:34:16+00:00\" \/>\n<meta name=\"twitter:card\" content=\"summary_large_image\" \/>\n<script type=\"application\/ld+json\" class=\"yoast-schema-graph\">{\"@context\":\"https:\/\/schema.org\",\"@graph\":[{\"@type\":\"WebPage\",\"@id\":\"https:\/\/www.venac.be\/fr\/services\/etudes-acoustiques\/\",\"url\":\"https:\/\/www.venac.be\/fr\/services\/etudes-acoustiques\/\",\"name\":\"\u00c9tudes acoustiques - VENAC\",\"isPartOf\":{\"@id\":\"https:\/\/www.venac.be\/#website\"},\"datePublished\":\"2015-02-19T08:32:22+00:00\",\"dateModified\":\"2015-05-23T20:34:16+00:00\",\"description\":\"VENAC vous offres des \u00e9tudes acoustiques d\u00e9taill\u00e9es avec des solutions pour am\u00e9liorer les prestations acoustiques.\",\"breadcrumb\":{\"@id\":\"https:\/\/www.venac.be\/fr\/services\/etudes-acoustiques\/#breadcrumb\"},\"inLanguage\":\"fr-FR\",\"potentialAction\":[{\"@type\":\"ReadAction\",\"target\":[\"https:\/\/www.venac.be\/fr\/services\/etudes-acoustiques\/\"]}]},{\"@type\":\"BreadcrumbList\",\"@id\":\"https:\/\/www.venac.be\/fr\/services\/etudes-acoustiques\/#breadcrumb\",\"itemListElement\":[{\"@type\":\"ListItem\",\"position\":1,\"name\":\"Home\",\"item\":\"https:\/\/www.venac.be\/fr\/\"},{\"@type\":\"ListItem\",\"position\":2,\"name\":\"Services\",\"item\":\"https:\/\/www.venac.be\/fr\/services\/\"},{\"@type\":\"ListItem\",\"position\":3,\"name\":\"\u00c9tudes\"}]},{\"@type\":\"WebSite\",\"@id\":\"https:\/\/www.venac.be\/#website\",\"url\":\"https:\/\/www.venac.be\/\",\"name\":\"VENAC\",\"description\":\"Vibrations, ENgineering &amp; ACoustics consulting\",\"potentialAction\":[{\"@type\":\"SearchAction\",\"target\":{\"@type\":\"EntryPoint\",\"urlTemplate\":\"https:\/\/www.venac.be\/?s={search_term_string}\"},\"query-input\":\"required name=search_term_string\"}],\"inLanguage\":\"fr-FR\"}]}<\/script>\n<!-- \/ Yoast SEO plugin. -->","yoast_head_json":{"title":"\u00c9tudes acoustiques - VENAC","description":"VENAC vous offres des \u00e9tudes acoustiques d\u00e9taill\u00e9es avec des solutions pour am\u00e9liorer les prestations acoustiques.","robots":{"index":"index","follow":"follow","max-snippet":"max-snippet:-1","max-image-preview":"max-image-preview:large","max-video-preview":"max-video-preview:-1"},"canonical":"https:\/\/www.venac.be\/fr\/services\/etudes-acoustiques\/","og_locale":"fr_FR","og_type":"article","og_title":"\u00c9tudes acoustiques - VENAC","og_description":"VENAC vous offres des \u00e9tudes acoustiques d\u00e9taill\u00e9es avec des solutions pour am\u00e9liorer les prestations acoustiques.","og_url":"https:\/\/www.venac.be\/fr\/services\/etudes-acoustiques\/","og_site_name":"VENAC","article_modified_time":"2015-05-23T20:34:16+00:00","twitter_card":"summary_large_image","schema":{"@context":"https:\/\/schema.org","@graph":[{"@type":"WebPage","@id":"https:\/\/www.venac.be\/fr\/services\/etudes-acoustiques\/","url":"https:\/\/www.venac.be\/fr\/services\/etudes-acoustiques\/","name":"\u00c9tudes acoustiques - VENAC","isPartOf":{"@id":"https:\/\/www.venac.be\/#website"},"datePublished":"2015-02-19T08:32:22+00:00","dateModified":"2015-05-23T20:34:16+00:00","description":"VENAC vous offres des \u00e9tudes acoustiques d\u00e9taill\u00e9es avec des solutions pour am\u00e9liorer les prestations acoustiques.","breadcrumb":{"@id":"https:\/\/www.venac.be\/fr\/services\/etudes-acoustiques\/#breadcrumb"},"inLanguage":"fr-FR","potentialAction":[{"@type":"ReadAction","target":["https:\/\/www.venac.be\/fr\/services\/etudes-acoustiques\/"]}]},{"@type":"BreadcrumbList","@id":"https:\/\/www.venac.be\/fr\/services\/etudes-acoustiques\/#breadcrumb","itemListElement":[{"@type":"ListItem","position":1,"name":"Home","item":"https:\/\/www.venac.be\/fr\/"},{"@type":"ListItem","position":2,"name":"Services","item":"https:\/\/www.venac.be\/fr\/services\/"},{"@type":"ListItem","position":3,"name":"\u00c9tudes"}]},{"@type":"WebSite","@id":"https:\/\/www.venac.be\/#website","url":"https:\/\/www.venac.be\/","name":"VENAC","description":"Vibrations, ENgineering &amp; ACoustics consulting","potentialAction":[{"@type":"SearchAction","target":{"@type":"EntryPoint","urlTemplate":"https:\/\/www.venac.be\/?s={search_term_string}"},"query-input":"required name=search_term_string"}],"inLanguage":"fr-FR"}]}},"_links":{"self":[{"href":"https:\/\/www.venac.be\/fr\/wp-json\/wp\/v2\/pages\/3129"}],"collection":[{"href":"https:\/\/www.venac.be\/fr\/wp-json\/wp\/v2\/pages"}],"about":[{"href":"https:\/\/www.venac.be\/fr\/wp-json\/wp\/v2\/types\/page"}],"author":[{"embeddable":true,"href":"https:\/\/www.venac.be\/fr\/wp-json\/wp\/v2\/users\/1"}],"replies":[{"embeddable":true,"href":"https:\/\/www.venac.be\/fr\/wp-json\/wp\/v2\/comments?post=3129"}],"version-history":[{"count":3,"href":"https:\/\/www.venac.be\/fr\/wp-json\/wp\/v2\/pages\/3129\/revisions"}],"predecessor-version":[{"id":3413,"href":"https:\/\/www.venac.be\/fr\/wp-json\/wp\/v2\/pages\/3129\/revisions\/3413"}],"up":[{"embeddable":true,"href":"https:\/\/www.venac.be\/fr\/wp-json\/wp\/v2\/pages\/3115"}],"wp:attachment":[{"href":"https:\/\/www.venac.be\/fr\/wp-json\/wp\/v2\/media?parent=3129"}],"wp:term":[{"taxonomy":"category","embeddable":true,"href":"https:\/\/www.venac.be\/fr\/wp-json\/wp\/v2\/categories?post=3129"},{"taxonomy":"post_tag","embeddable":true,"href":"https:\/\/www.venac.be\/fr\/wp-json\/wp\/v2\/tags?post=3129"}],"curies":[{"name":"wp","href":"https:\/\/api.w.org\/{rel}","templated":true}]}}