{"id":3142,"date":"2015-02-19T09:26:20","date_gmt":"2015-02-19T09:26:20","guid":{"rendered":"http:\/\/localhost\/Wordpress\/venac\/over-venac\/activiteiten\/"},"modified":"2015-05-21T16:54:23","modified_gmt":"2015-05-21T16:54:23","slug":"activites","status":"publish","type":"page","link":"https:\/\/www.venac.be\/fr\/sur-venac\/activites\/","title":{"rendered":"Activit\u00e9s"},"content":{"rendered":"<div class=\"be-section         clearfix\" data-headerscheme=\"background--dark\" style=\" \"  ><div class=\"be-section-pad clearfix \" style=\" padding-top:90px;padding-bottom:90px;\" data-padding-top = \"90\"><div  class=\"be-row be-wrap clearfix \"><div  class=\"one-col column-block clearfix  no-background    \" data-animation=\"\" style=\"  \"><div class=\"be-custom-column-inner\"><div class=\"special-subtitle-wrap  0\" style=\"margin-bottom: 30px;\" data-animation=\"fadeIn\"><div class=\"align-left\"><span class=\"special-subtitle\" style=\"color: #e0a240; font-size: 18px ; width: 100%\" >Que fait VENAC?<\/span><\/div><\/div><p>Le bureau d\u2019\u00e9tude VENAC, abr\u00e9viation de &nbsp;<strong>Vibrations Engineering &amp; Acoustics Consulting<\/strong>, fond\u00e9 en 1985 par Fernand Vandervorst en tant que petite entreprise devient rapidement une valeur bien \u00e9tablie dans le monde de la construction. En 1999, Tom rejoint l\u2019affaire, comme \u00ab&nbsp;fils de&nbsp;\u00bb g\u00e9n\u00e9tiquement destin\u00e9 \u00e0 prendre le m\u00eame chemin. Sous la direction du clan Vandervorst, VENAC s\u2019est d\u00e9velopp\u00e9 et est devenu <strong>un bureau reconnu, avec 8 employ\u00e9s<\/strong>.<\/p>\n<p>VENAC est agr\u00e9\u00e9 comme <strong>bureau d\u2019\u00e9tude dans le domaine du \u2018bruit\u2019 par Arr\u00eat\u00e9 Minist\u00e9riel du 4 janvier 2010<\/strong>.<\/p>\n<\/div><\/div><\/div><div  class=\"be-row be-wrap clearfix \"><div  class=\"one-half column-block  no-background    \" data-animation=\"\" style=\"  \"><div class=\"be-custom-column-inner\"><p>Aujourd\u2019hui, VENAC s\u2019adresse exclusivement aux Ma\u00eetres d\u2019ouvrages professionnels, architectes et entrepreneurs avec les \u00e9tudes acoustiques et l\u2019accompagnement de diff\u00e9rents projets&nbsp;:<\/p>\n<ul>\n<li><strong>Habitations&nbsp;\/ appartements<\/strong><\/li>\n<li><strong>Centres de conf\u00e9rences \/ b\u00e2timents culturels<\/strong><\/li>\n<li><strong>Bureaux<\/strong><\/li>\n<li><strong>H\u00f4tels<\/strong><\/li>\n<li><strong>Sites industriels<\/strong><\/li>\n<\/ul>\n<\/div><\/div><div  class=\"one-half column-block  no-background    \" data-animation=\"\" style=\"  \"><div class=\"be-custom-column-inner\"><p>Les disciplines suivantes sont trait\u00e9es&nbsp;:<\/p>\n<ul>\n<li><strong>L\u2019acoustique du b\u00e2timent (isolation des bruits a\u00e9riens, ma\u00eetrise des bruits de contact,\u2026)<\/strong><\/li>\n<li><strong>Acoustique de la salle (temps de r\u00e9verb\u00e9ration, compr\u00e9hension de la parole,\u2026)<\/strong><\/li>\n<li><strong>Niveau de bruits des installations techniques<\/strong><\/li>\n<li><strong>Acoustique environnementale<\/strong><\/li>\n<li><strong>Contr\u00f4le des vibrations<\/strong><\/li>\n<\/ul>\n<\/div><\/div><\/div><\/div><\/div>","protected":false},"excerpt":{"rendered":"<p>Que fait VENAC?Le bureau d\u2019\u00e9tude VENAC, abr\u00e9viation de &nbsp;Vibrations Engineering &amp; Acoustics Consulting, fond\u00e9 en 1985 par Fernand Vandervorst en tant que petite entreprise devient rapidement une valeur bien \u00e9tablie [&hellip;]<\/p>\n<p><a href=\"https:\/\/www.venac.be\/fr\/sur-venac\/activites\/\" class=\"more-link style1-button\">Read More<\/a><\/p>","protected":false},"author":1,"featured_media":0,"parent":3119,"menu_order":0,"comment_status":"closed","ping_status":"closed","template":"","meta":{"_exactmetrics_skip_tracking":false,"_exactmetrics_sitenote_active":false,"_exactmetrics_sitenote_note":"","_exactmetrics_sitenote_category":0,"footnotes":""},"categories":[],"tags":[],"class_list":["post-3142","page","type-page","status-publish","hentry"],"yoast_head":"<!-- This site is optimized with the Yoast SEO plugin v23.1 - https:\/\/yoast.com\/wordpress\/plugins\/seo\/ -->\n<title>Activit\u00e9s - VENAC<\/title>\n<meta name=\"description\" content=\"VENAC offre \u00e9tudes de bruits, simulation 3D et mesures de contr\u00f4le pour une acoustique optimale du b\u00e2timent ou les salles.\" \/>\n<meta name=\"robots\" content=\"index, follow, max-snippet:-1, max-image-preview:large, max-video-preview:-1\" \/>\n<link rel=\"canonical\" href=\"https:\/\/www.venac.be\/fr\/sur-venac\/activites\/\" \/>\n<meta property=\"og:locale\" content=\"fr_FR\" \/>\n<meta property=\"og:type\" content=\"article\" \/>\n<meta property=\"og:title\" content=\"Activit\u00e9s - VENAC\" \/>\n<meta property=\"og:description\" content=\"VENAC offre \u00e9tudes de bruits, simulation 3D et mesures de contr\u00f4le pour une acoustique optimale du b\u00e2timent ou les salles.\" \/>\n<meta property=\"og:url\" content=\"https:\/\/www.venac.be\/fr\/sur-venac\/activites\/\" \/>\n<meta property=\"og:site_name\" content=\"VENAC\" \/>\n<meta property=\"article:modified_time\" content=\"2015-05-21T16:54:23+00:00\" \/>\n<meta name=\"twitter:card\" content=\"summary_large_image\" \/>\n<script type=\"application\/ld+json\" class=\"yoast-schema-graph\">{\"@context\":\"https:\/\/schema.org\",\"@graph\":[{\"@type\":\"WebPage\",\"@id\":\"https:\/\/www.venac.be\/fr\/sur-venac\/activites\/\",\"url\":\"https:\/\/www.venac.be\/fr\/sur-venac\/activites\/\",\"name\":\"Activit\u00e9s - VENAC\",\"isPartOf\":{\"@id\":\"https:\/\/www.venac.be\/#website\"},\"datePublished\":\"2015-02-19T09:26:20+00:00\",\"dateModified\":\"2015-05-21T16:54:23+00:00\",\"description\":\"VENAC offre \u00e9tudes de bruits, simulation 3D et mesures de contr\u00f4le pour une acoustique optimale du b\u00e2timent ou les salles.\",\"breadcrumb\":{\"@id\":\"https:\/\/www.venac.be\/fr\/sur-venac\/activites\/#breadcrumb\"},\"inLanguage\":\"fr-FR\",\"potentialAction\":[{\"@type\":\"ReadAction\",\"target\":[\"https:\/\/www.venac.be\/fr\/sur-venac\/activites\/\"]}]},{\"@type\":\"BreadcrumbList\",\"@id\":\"https:\/\/www.venac.be\/fr\/sur-venac\/activites\/#breadcrumb\",\"itemListElement\":[{\"@type\":\"ListItem\",\"position\":1,\"name\":\"Home\",\"item\":\"https:\/\/www.venac.be\/fr\/\"},{\"@type\":\"ListItem\",\"position\":2,\"name\":\"A propos de VENAC\",\"item\":\"https:\/\/www.venac.be\/fr\/sur-venac\/\"},{\"@type\":\"ListItem\",\"position\":3,\"name\":\"Activit\u00e9s\"}]},{\"@type\":\"WebSite\",\"@id\":\"https:\/\/www.venac.be\/#website\",\"url\":\"https:\/\/www.venac.be\/\",\"name\":\"VENAC\",\"description\":\"Vibrations, ENgineering &amp; ACoustics consulting\",\"potentialAction\":[{\"@type\":\"SearchAction\",\"target\":{\"@type\":\"EntryPoint\",\"urlTemplate\":\"https:\/\/www.venac.be\/?s={search_term_string}\"},\"query-input\":\"required name=search_term_string\"}],\"inLanguage\":\"fr-FR\"}]}<\/script>\n<!-- \/ Yoast SEO plugin. -->","yoast_head_json":{"title":"Activit\u00e9s - VENAC","description":"VENAC offre \u00e9tudes de bruits, simulation 3D et mesures de contr\u00f4le pour une acoustique optimale du b\u00e2timent ou les salles.","robots":{"index":"index","follow":"follow","max-snippet":"max-snippet:-1","max-image-preview":"max-image-preview:large","max-video-preview":"max-video-preview:-1"},"canonical":"https:\/\/www.venac.be\/fr\/sur-venac\/activites\/","og_locale":"fr_FR","og_type":"article","og_title":"Activit\u00e9s - VENAC","og_description":"VENAC offre \u00e9tudes de bruits, simulation 3D et mesures de contr\u00f4le pour une acoustique optimale du b\u00e2timent ou les salles.","og_url":"https:\/\/www.venac.be\/fr\/sur-venac\/activites\/","og_site_name":"VENAC","article_modified_time":"2015-05-21T16:54:23+00:00","twitter_card":"summary_large_image","schema":{"@context":"https:\/\/schema.org","@graph":[{"@type":"WebPage","@id":"https:\/\/www.venac.be\/fr\/sur-venac\/activites\/","url":"https:\/\/www.venac.be\/fr\/sur-venac\/activites\/","name":"Activit\u00e9s - VENAC","isPartOf":{"@id":"https:\/\/www.venac.be\/#website"},"datePublished":"2015-02-19T09:26:20+00:00","dateModified":"2015-05-21T16:54:23+00:00","description":"VENAC offre \u00e9tudes de bruits, simulation 3D et mesures de contr\u00f4le pour une acoustique optimale du b\u00e2timent ou les salles.","breadcrumb":{"@id":"https:\/\/www.venac.be\/fr\/sur-venac\/activites\/#breadcrumb"},"inLanguage":"fr-FR","potentialAction":[{"@type":"ReadAction","target":["https:\/\/www.venac.be\/fr\/sur-venac\/activites\/"]}]},{"@type":"BreadcrumbList","@id":"https:\/\/www.venac.be\/fr\/sur-venac\/activites\/#breadcrumb","itemListElement":[{"@type":"ListItem","position":1,"name":"Home","item":"https:\/\/www.venac.be\/fr\/"},{"@type":"ListItem","position":2,"name":"A propos de VENAC","item":"https:\/\/www.venac.be\/fr\/sur-venac\/"},{"@type":"ListItem","position":3,"name":"Activit\u00e9s"}]},{"@type":"WebSite","@id":"https:\/\/www.venac.be\/#website","url":"https:\/\/www.venac.be\/","name":"VENAC","description":"Vibrations, ENgineering &amp; ACoustics consulting","potentialAction":[{"@type":"SearchAction","target":{"@type":"EntryPoint","urlTemplate":"https:\/\/www.venac.be\/?s={search_term_string}"},"query-input":"required name=search_term_string"}],"inLanguage":"fr-FR"}]}},"_links":{"self":[{"href":"https:\/\/www.venac.be\/fr\/wp-json\/wp\/v2\/pages\/3142"}],"collection":[{"href":"https:\/\/www.venac.be\/fr\/wp-json\/wp\/v2\/pages"}],"about":[{"href":"https:\/\/www.venac.be\/fr\/wp-json\/wp\/v2\/types\/page"}],"author":[{"embeddable":true,"href":"https:\/\/www.venac.be\/fr\/wp-json\/wp\/v2\/users\/1"}],"replies":[{"embeddable":true,"href":"https:\/\/www.venac.be\/fr\/wp-json\/wp\/v2\/comments?post=3142"}],"version-history":[{"count":4,"href":"https:\/\/www.venac.be\/fr\/wp-json\/wp\/v2\/pages\/3142\/revisions"}],"predecessor-version":[{"id":3453,"href":"https:\/\/www.venac.be\/fr\/wp-json\/wp\/v2\/pages\/3142\/revisions\/3453"}],"up":[{"embeddable":true,"href":"https:\/\/www.venac.be\/fr\/wp-json\/wp\/v2\/pages\/3119"}],"wp:attachment":[{"href":"https:\/\/www.venac.be\/fr\/wp-json\/wp\/v2\/media?parent=3142"}],"wp:term":[{"taxonomy":"category","embeddable":true,"href":"https:\/\/www.venac.be\/fr\/wp-json\/wp\/v2\/categories?post=3142"},{"taxonomy":"post_tag","embeddable":true,"href":"https:\/\/www.venac.be\/fr\/wp-json\/wp\/v2\/tags?post=3142"}],"curies":[{"name":"wp","href":"https:\/\/api.w.org\/{rel}","templated":true}]}}