{"id":3143,"date":"2015-02-19T09:27:59","date_gmt":"2015-02-19T09:27:59","guid":{"rendered":"http:\/\/localhost\/Wordpress\/venac\/over-venac\/geschiedenis-gebouw\/"},"modified":"2015-05-23T20:41:17","modified_gmt":"2015-05-23T20:41:17","slug":"histoire-de-nos-bureaux","status":"publish","type":"page","link":"https:\/\/www.venac.be\/fr\/sur-venac\/histoire-de-nos-bureaux\/","title":{"rendered":"Histoire de nos bureaux"},"content":{"rendered":"<div class=\"be-section         clearfix\" data-headerscheme=\"background--dark\" style=\" \"  ><div class=\"be-section-pad clearfix \" style=\" padding-top:90px;padding-bottom:90px;\" data-padding-top = \"90\"><div  class=\"be-row be-wrap clearfix \"><div  class=\"one-col column-block clearfix  no-background    \" data-animation=\"\" style=\"  \"><div class=\"be-custom-column-inner\"><div class=\"special-subtitle-wrap  0\" style=\"margin-bottom: 30px;\" data-animation=\"fadeIn\"><div class=\"align-left\"><span class=\"special-subtitle\" style=\"color: #e0a240; font-size: 18px ; width: 100%\" >Histoire de nos bureaux<\/span><\/div><\/div><p>Nos bureaux sont \u00e9tablis dans 2 des 4 anciennes \u00e9tables sur l<strong>e site de l\u2019ancienne \u00e9cole des v\u00e9t\u00e9rinaires \u00e0 Curegem<\/strong>.<\/p>\n<p>Le plan du site fut \u00e9labor\u00e9 en 1892 avec la d\u00e9cision du ministre de l&rsquo;agriculture de l\u2019\u00e9poque, Debruyn, d\u2019installer &nbsp;l&rsquo;\u00e9cole des v\u00e9t\u00e9rinaires, anciennement connue comme \u00ab&nbsp;\u00c9cole d&rsquo;\u00e9conomie rurale et v\u00e9t\u00e9rinaire&nbsp;\u00bb \u00e0 Curegem.<\/p>\n<p>Au d\u00e9but des ann\u00e9es 1900 et sous la direction de l&rsquo;architecte Seroen, 19 b\u00e2timents sont construits dans un style neo-renaissance flamand.<\/p>\n<p>Plusieurs fonctions trouvent rapidement un toit sur le terrain de 3,5ha&nbsp;: \u00e9curies, clinique pour petits et grands animaux, chemin\u00e9e centrale, divers laboratoires, des classes, des locaux d\u2019autopsie, administration, etc.<\/p>\n<p>&nbsp;<\/p>\n<p>&nbsp;<\/p>\n<\/div><\/div><\/div><div  class=\"be-row be-wrap clearfix \"><div  class=\"one-half column-block  no-background    \" data-animation=\"\" style=\"  \"><div class=\"be-custom-column-inner\"><p style=\"text-align: justify;\"><a href=\"https:\/\/venac.be\/wp-content\/uploads\/2015\/02\/VENAC-117.jpg\"><img loading=\"lazy\" decoding=\"async\" class=\"aligncenter wp-image-3364\" src=\"https:\/\/venac.be\/wp-content\/uploads\/2015\/02\/VENAC-117-300x204.jpg\" alt=\"VENAC-117\" height=\"273\" width=\"400\" srcset=\"https:\/\/www.venac.be\/wp-content\/uploads\/2015\/02\/VENAC-117-300x204.jpg 300w, https:\/\/www.venac.be\/wp-content\/uploads\/2015\/02\/VENAC-117-75x50.jpg 75w, https:\/\/www.venac.be\/wp-content\/uploads\/2015\/02\/VENAC-117-650x443.jpg 650w, https:\/\/www.venac.be\/wp-content\/uploads\/2015\/02\/VENAC-117.jpg 832w\" sizes=\"(max-width: 400px) 100vw, 400px\" \/><\/a><\/p>\n<p style=\"text-align: justify;\">L\u2019\u00e9cole des v\u00e9t\u00e9rinaires continue \u00e0 fonctionner ind\u00e9pendamment jusqu&rsquo;\u00e0 ce qu\u2019elle fut reprise en 1969 par l&rsquo;universit\u00e9 de Li\u00e8ge.&nbsp;L&rsquo;\u00e9cole de v\u00e9t\u00e9rinaires quitte le site de Curegem en 1990 et d\u00e9m\u00e9nage d\u00e9finitivement vers le campus du Sart-Tilman \u00e0 Li\u00e8ge.&nbsp;Cette m\u00eame ann\u00e9e, le parc et les diff\u00e9rents b\u00e2timents furent class\u00e9s par la Commission des Monuments et Sites.<\/p>\n<p style=\"text-align: justify;\">\n<\/div><\/div><div  class=\"one-half column-block  no-background    \" data-animation=\"\" style=\"  \"><div class=\"be-custom-column-inner\"><p style=\"text-align: justify;\"><a href=\"https:\/\/venac.be\/wp-content\/uploads\/2015\/02\/VENAC-109.jpg\"><img loading=\"lazy\" decoding=\"async\" class=\"  aligncenter wp-image-3307\" src=\"https:\/\/venac.be\/wp-content\/uploads\/2015\/02\/VENAC-109-300x200.jpg\" alt=\"\" height=\"267\" width=\"400\" srcset=\"https:\/\/www.venac.be\/wp-content\/uploads\/2015\/02\/VENAC-109-300x200.jpg 300w, https:\/\/www.venac.be\/wp-content\/uploads\/2015\/02\/VENAC-109-75x50.jpg 75w, https:\/\/www.venac.be\/wp-content\/uploads\/2015\/02\/VENAC-109-650x434.jpg 650w, https:\/\/www.venac.be\/wp-content\/uploads\/2015\/02\/VENAC-109.jpg 849w\" sizes=\"(max-width: 400px) 100vw, 400px\" \/><\/a><\/p>\n<p style=\"text-align: justify;\">\u00c0 partir de 1990, le site est laiss\u00e9 \u00e0 l\u2019abandon.&nbsp;En 1999, le b\u00e2timent administratif donnant sur la rue des V\u00e9t\u00e9rinaires fut achet\u00e9 par la commune d\u2019Anderlecht et &nbsp;il faudra attendre &nbsp;2008 pour qu\u2019un &nbsp;nouvel usage lui soit donn\u00e9.&nbsp;A partir de 2004, les autres b\u00e2timents re\u00e7oivent &nbsp;finalement une nouvelle affectation comme habitations et bureaux.<\/p>\n<\/div><\/div><\/div><\/div><\/div>","protected":false},"excerpt":{"rendered":"<p>Histoire de nos bureauxNos bureaux sont \u00e9tablis dans 2 des 4 anciennes \u00e9tables sur le site de l\u2019ancienne \u00e9cole des v\u00e9t\u00e9rinaires \u00e0 Curegem. Le plan du site fut \u00e9labor\u00e9 en [&hellip;]<\/p>\n<p><a href=\"https:\/\/www.venac.be\/fr\/sur-venac\/histoire-de-nos-bureaux\/\" class=\"more-link style1-button\">Read More<\/a><\/p>","protected":false},"author":1,"featured_media":0,"parent":3119,"menu_order":0,"comment_status":"closed","ping_status":"closed","template":"","meta":{"_exactmetrics_skip_tracking":false,"_exactmetrics_sitenote_active":false,"_exactmetrics_sitenote_note":"","_exactmetrics_sitenote_category":0,"footnotes":""},"categories":[],"tags":[],"class_list":["post-3143","page","type-page","status-publish","hentry"],"yoast_head":"<!-- This site is optimized with the Yoast SEO plugin v23.1 - https:\/\/yoast.com\/wordpress\/plugins\/seo\/ -->\n<title>Histoire de l&#039; \u00e9cole des v\u00e9t\u00e9rinaires \u00e0 Curegem - VENAC<\/title>\n<meta name=\"description\" content=\"Les bureaux de VENAC sont \u00e9tablis dans 2 des 4 anciennes \u00e9tables sur le site de l\u2019 \u00e9cole des v\u00e9t\u00e9rinaires \u00e0 Curegem.\" \/>\n<meta name=\"robots\" content=\"index, follow, max-snippet:-1, max-image-preview:large, max-video-preview:-1\" \/>\n<link rel=\"canonical\" href=\"https:\/\/www.venac.be\/fr\/sur-venac\/histoire-de-nos-bureaux\/\" \/>\n<meta property=\"og:locale\" content=\"fr_FR\" \/>\n<meta property=\"og:type\" content=\"article\" \/>\n<meta property=\"og:title\" content=\"Histoire de l&#039; \u00e9cole des v\u00e9t\u00e9rinaires \u00e0 Curegem - VENAC\" \/>\n<meta property=\"og:description\" content=\"Les bureaux de VENAC sont \u00e9tablis dans 2 des 4 anciennes \u00e9tables sur le site de l\u2019 \u00e9cole des v\u00e9t\u00e9rinaires \u00e0 Curegem.\" \/>\n<meta property=\"og:url\" content=\"https:\/\/www.venac.be\/fr\/sur-venac\/histoire-de-nos-bureaux\/\" \/>\n<meta property=\"og:site_name\" content=\"VENAC\" \/>\n<meta property=\"article:modified_time\" content=\"2015-05-23T20:41:17+00:00\" \/>\n<meta name=\"twitter:card\" content=\"summary_large_image\" \/>\n<script type=\"application\/ld+json\" class=\"yoast-schema-graph\">{\"@context\":\"https:\/\/schema.org\",\"@graph\":[{\"@type\":\"WebPage\",\"@id\":\"https:\/\/www.venac.be\/fr\/sur-venac\/histoire-de-nos-bureaux\/\",\"url\":\"https:\/\/www.venac.be\/fr\/sur-venac\/histoire-de-nos-bureaux\/\",\"name\":\"Histoire de l' \u00e9cole des v\u00e9t\u00e9rinaires \u00e0 Curegem - VENAC\",\"isPartOf\":{\"@id\":\"https:\/\/www.venac.be\/#website\"},\"datePublished\":\"2015-02-19T09:27:59+00:00\",\"dateModified\":\"2015-05-23T20:41:17+00:00\",\"description\":\"Les bureaux de VENAC sont \u00e9tablis dans 2 des 4 anciennes \u00e9tables sur le site de l\u2019 \u00e9cole des v\u00e9t\u00e9rinaires \u00e0 Curegem.\",\"breadcrumb\":{\"@id\":\"https:\/\/www.venac.be\/fr\/sur-venac\/histoire-de-nos-bureaux\/#breadcrumb\"},\"inLanguage\":\"fr-FR\",\"potentialAction\":[{\"@type\":\"ReadAction\",\"target\":[\"https:\/\/www.venac.be\/fr\/sur-venac\/histoire-de-nos-bureaux\/\"]}]},{\"@type\":\"BreadcrumbList\",\"@id\":\"https:\/\/www.venac.be\/fr\/sur-venac\/histoire-de-nos-bureaux\/#breadcrumb\",\"itemListElement\":[{\"@type\":\"ListItem\",\"position\":1,\"name\":\"Home\",\"item\":\"https:\/\/www.venac.be\/fr\/\"},{\"@type\":\"ListItem\",\"position\":2,\"name\":\"A propos de VENAC\",\"item\":\"https:\/\/www.venac.be\/fr\/sur-venac\/\"},{\"@type\":\"ListItem\",\"position\":3,\"name\":\"Histoire de nos bureaux\"}]},{\"@type\":\"WebSite\",\"@id\":\"https:\/\/www.venac.be\/#website\",\"url\":\"https:\/\/www.venac.be\/\",\"name\":\"VENAC\",\"description\":\"Vibrations, ENgineering &amp; ACoustics consulting\",\"potentialAction\":[{\"@type\":\"SearchAction\",\"target\":{\"@type\":\"EntryPoint\",\"urlTemplate\":\"https:\/\/www.venac.be\/?s={search_term_string}\"},\"query-input\":\"required name=search_term_string\"}],\"inLanguage\":\"fr-FR\"}]}<\/script>\n<!-- \/ Yoast SEO plugin. -->","yoast_head_json":{"title":"Histoire de l' \u00e9cole des v\u00e9t\u00e9rinaires \u00e0 Curegem - VENAC","description":"Les bureaux de VENAC sont \u00e9tablis dans 2 des 4 anciennes \u00e9tables sur le site de l\u2019 \u00e9cole des v\u00e9t\u00e9rinaires \u00e0 Curegem.","robots":{"index":"index","follow":"follow","max-snippet":"max-snippet:-1","max-image-preview":"max-image-preview:large","max-video-preview":"max-video-preview:-1"},"canonical":"https:\/\/www.venac.be\/fr\/sur-venac\/histoire-de-nos-bureaux\/","og_locale":"fr_FR","og_type":"article","og_title":"Histoire de l' \u00e9cole des v\u00e9t\u00e9rinaires \u00e0 Curegem - VENAC","og_description":"Les bureaux de VENAC sont \u00e9tablis dans 2 des 4 anciennes \u00e9tables sur le site de l\u2019 \u00e9cole des v\u00e9t\u00e9rinaires \u00e0 Curegem.","og_url":"https:\/\/www.venac.be\/fr\/sur-venac\/histoire-de-nos-bureaux\/","og_site_name":"VENAC","article_modified_time":"2015-05-23T20:41:17+00:00","twitter_card":"summary_large_image","schema":{"@context":"https:\/\/schema.org","@graph":[{"@type":"WebPage","@id":"https:\/\/www.venac.be\/fr\/sur-venac\/histoire-de-nos-bureaux\/","url":"https:\/\/www.venac.be\/fr\/sur-venac\/histoire-de-nos-bureaux\/","name":"Histoire de l' \u00e9cole des v\u00e9t\u00e9rinaires \u00e0 Curegem - VENAC","isPartOf":{"@id":"https:\/\/www.venac.be\/#website"},"datePublished":"2015-02-19T09:27:59+00:00","dateModified":"2015-05-23T20:41:17+00:00","description":"Les bureaux de VENAC sont \u00e9tablis dans 2 des 4 anciennes \u00e9tables sur le site de l\u2019 \u00e9cole des v\u00e9t\u00e9rinaires \u00e0 Curegem.","breadcrumb":{"@id":"https:\/\/www.venac.be\/fr\/sur-venac\/histoire-de-nos-bureaux\/#breadcrumb"},"inLanguage":"fr-FR","potentialAction":[{"@type":"ReadAction","target":["https:\/\/www.venac.be\/fr\/sur-venac\/histoire-de-nos-bureaux\/"]}]},{"@type":"BreadcrumbList","@id":"https:\/\/www.venac.be\/fr\/sur-venac\/histoire-de-nos-bureaux\/#breadcrumb","itemListElement":[{"@type":"ListItem","position":1,"name":"Home","item":"https:\/\/www.venac.be\/fr\/"},{"@type":"ListItem","position":2,"name":"A propos de VENAC","item":"https:\/\/www.venac.be\/fr\/sur-venac\/"},{"@type":"ListItem","position":3,"name":"Histoire de nos bureaux"}]},{"@type":"WebSite","@id":"https:\/\/www.venac.be\/#website","url":"https:\/\/www.venac.be\/","name":"VENAC","description":"Vibrations, ENgineering &amp; ACoustics consulting","potentialAction":[{"@type":"SearchAction","target":{"@type":"EntryPoint","urlTemplate":"https:\/\/www.venac.be\/?s={search_term_string}"},"query-input":"required name=search_term_string"}],"inLanguage":"fr-FR"}]}},"_links":{"self":[{"href":"https:\/\/www.venac.be\/fr\/wp-json\/wp\/v2\/pages\/3143"}],"collection":[{"href":"https:\/\/www.venac.be\/fr\/wp-json\/wp\/v2\/pages"}],"about":[{"href":"https:\/\/www.venac.be\/fr\/wp-json\/wp\/v2\/types\/page"}],"author":[{"embeddable":true,"href":"https:\/\/www.venac.be\/fr\/wp-json\/wp\/v2\/users\/1"}],"replies":[{"embeddable":true,"href":"https:\/\/www.venac.be\/fr\/wp-json\/wp\/v2\/comments?post=3143"}],"version-history":[{"count":5,"href":"https:\/\/www.venac.be\/fr\/wp-json\/wp\/v2\/pages\/3143\/revisions"}],"predecessor-version":[{"id":3457,"href":"https:\/\/www.venac.be\/fr\/wp-json\/wp\/v2\/pages\/3143\/revisions\/3457"}],"up":[{"embeddable":true,"href":"https:\/\/www.venac.be\/fr\/wp-json\/wp\/v2\/pages\/3119"}],"wp:attachment":[{"href":"https:\/\/www.venac.be\/fr\/wp-json\/wp\/v2\/media?parent=3143"}],"wp:term":[{"taxonomy":"category","embeddable":true,"href":"https:\/\/www.venac.be\/fr\/wp-json\/wp\/v2\/categories?post=3143"},{"taxonomy":"post_tag","embeddable":true,"href":"https:\/\/www.venac.be\/fr\/wp-json\/wp\/v2\/tags?post=3143"}],"curies":[{"name":"wp","href":"https:\/\/api.w.org\/{rel}","templated":true}]}}