{"id":3250,"date":"2015-03-31T06:12:04","date_gmt":"2015-03-31T06:12:04","guid":{"rendered":"http:\/\/venac.be\/porfolio-2\/"},"modified":"2015-05-20T18:17:36","modified_gmt":"2015-05-20T18:17:36","slug":"portfolio-acoustique","status":"publish","type":"page","link":"https:\/\/www.venac.be\/fr\/portfolio-acoustique\/","title":{"rendered":"Portfolio"},"content":{"rendered":"<div class=\"be-section         clearfix\" data-headerscheme=\"background--dark\" style=\" \"  ><div class=\"be-section-pad clearfix \" style=\" padding-top:90px;padding-bottom:90px;\" data-padding-top = \"90\"><div  class=\"be-row  zero-bottom \"><div  class=\"one-col column-block clearfix  no-background    \" data-animation=\"\" style=\"  \"><div class=\"be-custom-column-inner\"><div class=\"linebreak hide-mobile\" style=\"height:40px;\"><\/div><div class=\"special-heading-wrap style1 0\" data-animation=\"fadeIn\"><div class=\"special-heading align-center\"><h3 class=\"special-h-tag\" style=\"color: \">PORTFOLIO<\/h3><hr class=\"separator margin-bottom \" style=\"background-color:#e8e8e8;border-color:#e8e8e8;color:#e8e8e8;height:2px;width:40px;\" \/><\/div><\/div><div class=\"portfolio-all-wrap\"><div class=\"portfolio full-screen full-screen-gutter masonry_enable style1-gutter four-col\" data-action=\"get_ajax_full_screen_gutter_portfolio\" data-category=\"\" data-masonry=\"1\" data-showposts=\"20\" data-paged=\"2\" data-col=\"four\" data-gallery=\"0\" data-filter=\"portfolio_categories\" data-show_filters=\"no\" data-thumbnail-bg-color=\"rgba(0,161,184,0.9)\" data-thumbnail-bg-gradient=\"\" data-title-style=\"style5\" data-cat-color=\"#ffffff\" data-title-color=\"#ffffff\" data-title-animation-type=\"none\" data-cat-animation-type=\"none\" data-hover-style=\"\" data-gutter-width=\"25\" data-img-grayscale=\"c_to_c\" data-image-effect=\"zoom-in\" data-gradient-style-color=\"\" data-cat-hide=\"0\" data-like-indicator=\"1\" style=\"margin-right: 25px;\"><div class=\"portfolio-container clickable clearfix portfolio-shortcode  init-scale \"><div class=\"element be-hoverlay  not-wide no-wide-width-height  c_to_c style5-title\" style=\"margin-bottom: 25px !important;\"><div class=\"element-inner\" style=\"margin-left: 25px;\"><a href=\"https:\/\/www.venac.be\/fr\/portfolio\/manhattan-center-bruxelles\/\" class=\" thumb-wrap  \" title=\"Screenshot_2020-12-02 MANHATTAN - Louis De Waele\" ><div class=\"flip-wrap\" ><div class=\"flip-img-wrap zoom-in-effect\"><img decoding=\"async\" src=\"https:\/\/www.venac.be\/wp-content\/uploads\/2020\/12\/Screenshot_2020-12-02-MANHATTAN-Louis-De-Waele-1.png\" alt=\"\" \/><\/div><\/div><div class=\"thumb-overlay \"><div class=\"thumb-bg \" style=\"background-color:rgba(0,161,184,0.9); \"><div class=\"thumb-title-wrap \"><div class=\"thumb-title be-animate animated \" data-animation-type=\"none\" style=\"color: #ffffff; text-align: left;\">Manhattan Center &#8211; Bruxelles<\/div><\/div><\/div><\/div><\/a><\/div><\/div><div class=\"element be-hoverlay  not-wide no-wide-width-height  c_to_c style5-title\" style=\"margin-bottom: 25px !important;\"><div class=\"element-inner\" style=\"margin-left: 25px;\"><a href=\"https:\/\/www.venac.be\/fr\/portfolio\/mobius-brussel\/\" class=\" thumb-wrap  \" title=\"mobiusproject\" ><div class=\"flip-wrap\" ><div class=\"flip-img-wrap zoom-in-effect\"><img decoding=\"async\" src=\"https:\/\/www.venac.be\/wp-content\/uploads\/2018\/02\/mobiusproject.jpg\" alt=\"\" \/><\/div><\/div><div class=\"thumb-overlay \"><div class=\"thumb-bg \" style=\"background-color:rgba(0,161,184,0.9); \"><div class=\"thumb-title-wrap \"><div class=\"thumb-title be-animate animated \" data-animation-type=\"none\" style=\"color: #ffffff; text-align: left;\">M\u00f6bius &#8211; Brussel<\/div><\/div><\/div><\/div><\/a><\/div><\/div><div class=\"element be-hoverlay  not-wide no-wide-width-height  c_to_c style5-title\" style=\"margin-bottom: 25px !important;\"><div class=\"element-inner\" style=\"margin-left: 25px;\"><a href=\"https:\/\/www.venac.be\/fr\/portfolio\/infinity-luxembourg\/\" class=\" thumb-wrap  \" title=\"infinity\" ><div class=\"flip-wrap\" ><div class=\"flip-img-wrap zoom-in-effect\"><img decoding=\"async\" src=\"https:\/\/www.venac.be\/wp-content\/uploads\/2017\/11\/infinity-650x265.jpg\" alt=\"\" \/><\/div><\/div><div class=\"thumb-overlay \"><div class=\"thumb-bg \" style=\"background-color:rgba(0,161,184,0.9); \"><div class=\"thumb-title-wrap \"><div class=\"thumb-title be-animate animated \" data-animation-type=\"none\" style=\"color: #ffffff; text-align: left;\">Infinity &#8211; Luxembourg<\/div><\/div><\/div><\/div><\/a><\/div><\/div><div class=\"element be-hoverlay  not-wide no-wide-width-height  c_to_c style5-title\" style=\"margin-bottom: 25px !important;\"><div class=\"element-inner\" style=\"margin-left: 25px;\"><a href=\"https:\/\/www.venac.be\/fr\/portfolio\/docks-bruxsel\/\" class=\" thumb-wrap  \" title=\"docks\" ><div class=\"flip-wrap\" ><div class=\"flip-img-wrap zoom-in-effect\"><img decoding=\"async\" src=\"https:\/\/www.venac.be\/wp-content\/uploads\/2017\/12\/docks-650x433.png\" alt=\"\" \/><\/div><\/div><div class=\"thumb-overlay \"><div class=\"thumb-bg \" style=\"background-color:rgba(0,161,184,0.9); \"><div class=\"thumb-title-wrap \"><div class=\"thumb-title be-animate animated \" data-animation-type=\"none\" style=\"color: #ffffff; text-align: left;\">Docks Bruxsel<\/div><\/div><\/div><\/div><\/a><\/div><\/div><div class=\"element be-hoverlay  not-wide no-wide-width-height  c_to_c style5-title\" style=\"margin-bottom: 25px !important;\"><div class=\"element-inner\" style=\"margin-left: 25px;\"><a href=\"https:\/\/www.venac.be\/fr\/portfolio\/otan-evere\/\" class=\" thumb-wrap  \" title=\"Nato - Evere\" ><div class=\"flip-wrap\" ><div class=\"flip-img-wrap zoom-in-effect\"><img decoding=\"async\" src=\"https:\/\/www.venac.be\/wp-content\/uploads\/2015\/03\/Nato-c-SOM-Assar-650x371.jpg\" alt=\"NAVO, akoestiek\" \/><\/div><\/div><div class=\"thumb-overlay \"><div class=\"thumb-bg \" style=\"background-color:rgba(0,161,184,0.9); \"><div class=\"thumb-title-wrap \"><div class=\"thumb-title be-animate animated \" data-animation-type=\"none\" style=\"color: #ffffff; text-align: left;\">OTAN \u2013 Evere<\/div><\/div><\/div><\/div><\/a><\/div><\/div><div class=\"element be-hoverlay  not-wide no-wide-width-height  c_to_c style5-title\" style=\"margin-bottom: 25px !important;\"><div class=\"element-inner\" style=\"margin-left: 25px;\"><a href=\"https:\/\/www.venac.be\/fr\/portfolio\/tour-artevelde-gand\/\" class=\" thumb-wrap  \" title=\"Artevelde - c Jaspers-Eyers\" ><div class=\"flip-wrap\" ><div class=\"flip-img-wrap zoom-in-effect\"><img decoding=\"async\" src=\"https:\/\/www.venac.be\/wp-content\/uploads\/2015\/02\/Artevelde-c-Jaspers-Eyers-e1430127525171.jpg\" alt=\"arteveldetoren, akoestiek\" \/><\/div><\/div><div class=\"thumb-overlay \"><div class=\"thumb-bg \" style=\"background-color:rgba(0,161,184,0.9); \"><div class=\"thumb-title-wrap \"><div class=\"thumb-title be-animate animated \" data-animation-type=\"none\" style=\"color: #ffffff; text-align: left;\">Tour Artevelde &#8211; Gand<\/div><\/div><\/div><\/div><\/a><\/div><\/div><div class=\"element be-hoverlay  not-wide no-wide-width-height  c_to_c style5-title\" style=\"margin-bottom: 25px !important;\"><div class=\"element-inner\" style=\"margin-left: 25px;\"><a href=\"https:\/\/www.venac.be\/fr\/portfolio\/pwc-luxembourg\/\" class=\" thumb-wrap  \" title=\"PWC - c HBH\" ><div class=\"flip-wrap\" ><div class=\"flip-img-wrap zoom-in-effect\"><img decoding=\"async\" src=\"https:\/\/www.venac.be\/wp-content\/uploads\/2015\/04\/PWC-c-HBH-650x460.jpg\" alt=\"pwc luxembourg, akoestiek\" \/><\/div><\/div><div class=\"thumb-overlay \"><div class=\"thumb-bg \" style=\"background-color:rgba(0,161,184,0.9); \"><div class=\"thumb-title-wrap \"><div class=\"thumb-title be-animate animated \" data-animation-type=\"none\" style=\"color: #ffffff; text-align: left;\">PWC \u2013 Luxembourg<\/div><\/div><\/div><\/div><\/a><\/div><\/div><div class=\"element be-hoverlay  not-wide no-wide-width-height  c_to_c style5-title\" style=\"margin-bottom: 25px !important;\"><div class=\"element-inner\" style=\"margin-left: 25px;\"><a href=\"https:\/\/www.venac.be\/fr\/portfolio\/rac-belair-police-federale-bruxelles\/\" class=\" thumb-wrap  \" title=\"RAC Belair\" ><div class=\"flip-wrap\" ><div class=\"flip-img-wrap zoom-in-effect\"><img decoding=\"async\" src=\"https:\/\/www.venac.be\/wp-content\/uploads\/2015\/04\/RAC-Belair-650x432.jpg\" alt=\"\" \/><\/div><\/div><div class=\"thumb-overlay \"><div class=\"thumb-bg \" style=\"background-color:rgba(0,161,184,0.9); \"><div class=\"thumb-title-wrap \"><div class=\"thumb-title be-animate animated \" data-animation-type=\"none\" style=\"color: #ffffff; text-align: left;\">RAC Belair \/ Police F\u00e9d\u00e9rale \u2013 Bruxelles<\/div><\/div><\/div><\/div><\/a><\/div><\/div><div class=\"element be-hoverlay  not-wide no-wide-width-height  c_to_c style5-title\" style=\"margin-bottom: 25px !important;\"><div class=\"element-inner\" style=\"margin-left: 25px;\"><a href=\"https:\/\/www.venac.be\/fr\/portfolio\/the-chambon-bruxelles\/\" class=\" thumb-wrap  \" title=\"chambon - c Allfin\" ><div class=\"flip-wrap\" ><div class=\"flip-img-wrap zoom-in-effect\"><img decoding=\"async\" src=\"https:\/\/www.venac.be\/wp-content\/uploads\/2015\/04\/chambon-c-Allfin-650x433.jpg\" alt=\"\" \/><\/div><\/div><div class=\"thumb-overlay \"><div class=\"thumb-bg \" style=\"background-color:rgba(0,161,184,0.9); \"><div class=\"thumb-title-wrap \"><div class=\"thumb-title be-animate animated \" data-animation-type=\"none\" style=\"color: #ffffff; text-align: left;\">THE CHAMBON \u2013 Bruxelles<\/div><\/div><\/div><\/div><\/a><\/div><\/div><div class=\"element be-hoverlay  not-wide no-wide-width-height  c_to_c style5-title\" style=\"margin-bottom: 25px !important;\"><div class=\"element-inner\" style=\"margin-left: 25px;\"><a href=\"https:\/\/www.venac.be\/fr\/portfolio\/belview-bruxelles\/\" class=\" thumb-wrap  \" title=\"Belview\" ><div class=\"flip-wrap\" ><div class=\"flip-img-wrap zoom-in-effect\"><img decoding=\"async\" src=\"https:\/\/www.venac.be\/wp-content\/uploads\/2015\/04\/Belview.jpg\" alt=\"\" \/><\/div><\/div><div class=\"thumb-overlay \"><div class=\"thumb-bg \" style=\"background-color:rgba(0,161,184,0.9); \"><div class=\"thumb-title-wrap \"><div class=\"thumb-title be-animate animated \" data-animation-type=\"none\" style=\"color: #ffffff; text-align: left;\">BELVIEW \u2013 Bruxelles<\/div><\/div><\/div><\/div><\/a><\/div><\/div><div class=\"element be-hoverlay  not-wide no-wide-width-height  c_to_c style5-title\" style=\"margin-bottom: 25px !important;\"><div class=\"element-inner\" style=\"margin-left: 25px;\"><a href=\"https:\/\/www.venac.be\/fr\/portfolio\/montindu-bruxelles\/\" class=\" thumb-wrap  \" title=\"Montindu\" ><div class=\"flip-wrap\" ><div class=\"flip-img-wrap zoom-in-effect\"><img decoding=\"async\" src=\"https:\/\/www.venac.be\/wp-content\/uploads\/2015\/04\/Montindu-650x435.jpg\" alt=\"\" \/><\/div><\/div><div class=\"thumb-overlay \"><div class=\"thumb-bg \" style=\"background-color:rgba(0,161,184,0.9); \"><div class=\"thumb-title-wrap \"><div class=\"thumb-title be-animate animated \" data-animation-type=\"none\" style=\"color: #ffffff; text-align: left;\">MONTINDU &#8211; Bruxelles<\/div><\/div><\/div><\/div><\/a><\/div><\/div><div class=\"element be-hoverlay  not-wide no-wide-width-height  c_to_c style5-title\" style=\"margin-bottom: 25px !important;\"><div class=\"element-inner\" style=\"margin-left: 25px;\"><a href=\"https:\/\/www.venac.be\/fr\/portfolio\/bervoets-2\/\" class=\" thumb-wrap  \" title=\"Bervoets\" ><div class=\"flip-wrap\" ><div class=\"flip-img-wrap zoom-in-effect\"><img decoding=\"async\" src=\"https:\/\/www.venac.be\/wp-content\/uploads\/2015\/04\/Bervoets.jpg\" alt=\"\" \/><\/div><\/div><div class=\"thumb-overlay \"><div class=\"thumb-bg \" style=\"background-color:rgba(0,161,184,0.9); \"><div class=\"thumb-title-wrap \"><div class=\"thumb-title be-animate animated \" data-animation-type=\"none\" style=\"color: #ffffff; text-align: left;\">BERVOETS<\/div><\/div><\/div><\/div><\/a><\/div><\/div><div class=\"element be-hoverlay  not-wide no-wide-width-height  c_to_c style5-title\" style=\"margin-bottom: 25px !important;\"><div class=\"element-inner\" style=\"margin-left: 25px;\"><a href=\"https:\/\/www.venac.be\/fr\/portfolio\/ernest-solvay-bruxelles\/\" class=\" thumb-wrap  \" title=\"solvay - c ALLFIN - BPI\" ><div class=\"flip-wrap\" ><div class=\"flip-img-wrap zoom-in-effect\"><img decoding=\"async\" src=\"https:\/\/www.venac.be\/wp-content\/uploads\/2015\/04\/solvay-c-ALLFIN-BPI-650x460.jpg\" alt=\"\" \/><\/div><\/div><div class=\"thumb-overlay \"><div class=\"thumb-bg \" style=\"background-color:rgba(0,161,184,0.9); \"><div class=\"thumb-title-wrap \"><div class=\"thumb-title be-animate animated \" data-animation-type=\"none\" style=\"color: #ffffff; text-align: left;\">ERNEST SOLVAY \u2013 Bruxelles<\/div><\/div><\/div><\/div><\/a><\/div><\/div><div class=\"element be-hoverlay  not-wide no-wide-width-height  c_to_c style5-title\" style=\"margin-bottom: 25px !important;\"><div class=\"element-inner\" style=\"margin-left: 25px;\"><a href=\"https:\/\/www.venac.be\/fr\/portfolio\/tivoli-bruxelles\/\" class=\" thumb-wrap  \" title=\"Tivoli - c BAM.nl\" ><div class=\"flip-wrap\" ><div class=\"flip-img-wrap zoom-in-effect\"><img decoding=\"async\" src=\"https:\/\/www.venac.be\/wp-content\/uploads\/2015\/04\/Tivoli-c-BAM.nl_-650x325.jpg\" alt=\"\" \/><\/div><\/div><div class=\"thumb-overlay \"><div class=\"thumb-bg \" style=\"background-color:rgba(0,161,184,0.9); \"><div class=\"thumb-title-wrap \"><div class=\"thumb-title be-animate animated \" data-animation-type=\"none\" style=\"color: #ffffff; text-align: left;\">TIVOLI \u2013 Bruxelles<\/div><\/div><\/div><\/div><\/a><\/div><\/div><div class=\"element be-hoverlay  not-wide no-wide-width-height  c_to_c style5-title\" style=\"margin-bottom: 25px !important;\"><div class=\"element-inner\" style=\"margin-left: 25px;\"><a href=\"https:\/\/www.venac.be\/fr\/portfolio\/deloitte-luxembourg\/\" class=\" thumb-wrap  \" title=\"Deloitte - c Deloitte\" ><div class=\"flip-wrap\" ><div class=\"flip-img-wrap zoom-in-effect\"><img decoding=\"async\" src=\"https:\/\/www.venac.be\/wp-content\/uploads\/2015\/04\/Deloitte-c-Deloitte-650x460.jpeg\" alt=\"\" \/><\/div><\/div><div class=\"thumb-overlay \"><div class=\"thumb-bg \" style=\"background-color:rgba(0,161,184,0.9); \"><div class=\"thumb-title-wrap \"><div class=\"thumb-title be-animate animated \" data-animation-type=\"none\" style=\"color: #ffffff; text-align: left;\">DELOITTE \u2013 Luxembourg<\/div><\/div><\/div><\/div><\/a><\/div><\/div><div class=\"element be-hoverlay  not-wide no-wide-width-height  c_to_c style5-title\" style=\"margin-bottom: 25px !important;\"><div class=\"element-inner\" style=\"margin-left: 25px;\"><a href=\"https:\/\/www.venac.be\/fr\/portfolio\/centre-de-congres-micx-mons\/\" class=\" thumb-wrap  \" title=\"MICX\" ><div class=\"flip-wrap\" ><div class=\"flip-img-wrap zoom-in-effect\"><img decoding=\"async\" src=\"https:\/\/www.venac.be\/wp-content\/uploads\/2015\/04\/MICX.jpg\" alt=\"\" \/><\/div><\/div><div class=\"thumb-overlay \"><div class=\"thumb-bg \" style=\"background-color:rgba(0,161,184,0.9); \"><div class=\"thumb-title-wrap \"><div class=\"thumb-title be-animate animated \" data-animation-type=\"none\" style=\"color: #ffffff; text-align: left;\">Centre de Congr\u00e8s MICX \u2013 Mons<\/div><\/div><\/div><\/div><\/a><\/div><\/div><div class=\"element be-hoverlay  not-wide no-wide-width-height  c_to_c style5-title\" style=\"margin-bottom: 25px !important;\"><div class=\"element-inner\" style=\"margin-left: 25px;\"><a href=\"https:\/\/www.venac.be\/fr\/portfolio\/3428\/\" class=\" thumb-wrap  \" title=\"RTL City - c Inowai\" ><div class=\"flip-wrap\" ><div class=\"flip-img-wrap zoom-in-effect\"><img decoding=\"async\" src=\"https:\/\/www.venac.be\/wp-content\/uploads\/2015\/04\/RTL-City-c-Inowai-650x460.jpg\" alt=\"\" \/><\/div><\/div><div class=\"thumb-overlay \"><div class=\"thumb-bg \" style=\"background-color:rgba(0,161,184,0.9); \"><div class=\"thumb-title-wrap \"><div class=\"thumb-title be-animate animated \" data-animation-type=\"none\" style=\"color: #ffffff; text-align: left;\">RTL Towers \u2013 Luxembourg<\/div><\/div><\/div><\/div><\/a><\/div><\/div><div class=\"element be-hoverlay  not-wide no-wide-width-height  c_to_c style5-title\" style=\"margin-bottom: 25px !important;\"><div class=\"element-inner\" style=\"margin-left: 25px;\"><a href=\"https:\/\/www.venac.be\/fr\/portfolio\/lidl-marche-en-famenne-2\/\" class=\" thumb-wrap  \" title=\"LIDL\" ><div class=\"flip-wrap\" ><div class=\"flip-img-wrap zoom-in-effect\"><img decoding=\"async\" src=\"https:\/\/www.venac.be\/wp-content\/uploads\/2015\/04\/LIDL-650x324.png\" alt=\"\" \/><\/div><\/div><div class=\"thumb-overlay \"><div class=\"thumb-bg \" style=\"background-color:rgba(0,161,184,0.9); \"><div class=\"thumb-title-wrap \"><div class=\"thumb-title be-animate animated \" data-animation-type=\"none\" style=\"color: #ffffff; text-align: left;\">LIDL \u2013 Marche-En-Famenne<\/div><\/div><\/div><\/div><\/a><\/div><\/div><div class=\"element be-hoverlay  not-wide no-wide-width-height  c_to_c style5-title\" style=\"margin-bottom: 25px !important;\"><div class=\"element-inner\" style=\"margin-left: 25px;\"><a href=\"https:\/\/www.venac.be\/fr\/portfolio\/vesalius-auditorium-louvain\/\" class=\" thumb-wrap  \" title=\"Vesalius - c Jaspers-Eyers\" ><div class=\"flip-wrap\" ><div class=\"flip-img-wrap zoom-in-effect\"><img decoding=\"async\" src=\"https:\/\/www.venac.be\/wp-content\/uploads\/2015\/04\/Vesalius-c-Jaspers-Eyers-650x325.jpg\" alt=\"\" \/><\/div><\/div><div class=\"thumb-overlay \"><div class=\"thumb-bg \" style=\"background-color:rgba(0,161,184,0.9); \"><div class=\"thumb-title-wrap \"><div class=\"thumb-title be-animate animated \" data-animation-type=\"none\" style=\"color: #ffffff; text-align: left;\">VESALIUS auditorium \u2013 Louvain<\/div><\/div><\/div><\/div><\/a><\/div><\/div><div class=\"element be-hoverlay  not-wide no-wide-width-height  c_to_c style5-title\" style=\"margin-bottom: 25px !important;\"><div class=\"element-inner\" style=\"margin-left: 25px;\"><a href=\"https:\/\/www.venac.be\/fr\/portfolio\/palais-de-justice-anvers\/\" class=\" thumb-wrap  \" title=\"Gerechtsgebouw Antwerpen\" ><div class=\"flip-wrap\" ><div class=\"flip-img-wrap zoom-in-effect\"><img decoding=\"async\" src=\"https:\/\/www.venac.be\/wp-content\/uploads\/2015\/04\/Gerechtsgebouw-Antwerpen.jpg\" alt=\"Gerechtsgebouw Antwerpen,akoestiek\" \/><\/div><\/div><div class=\"thumb-overlay \"><div class=\"thumb-bg \" style=\"background-color:rgba(0,161,184,0.9); \"><div class=\"thumb-title-wrap \"><div class=\"thumb-title be-animate animated \" data-animation-type=\"none\" style=\"color: #ffffff; text-align: left;\">Palais de Justice &#8211; Anvers<\/div><\/div><\/div><\/div><\/a><\/div><\/div><\/div><div class=\"trigger_infinite_scroll portfolio_infinite_scroll\"><\/div><\/div><\/div><p><em><span style=\"font-size: 8pt;\">* Les auteurs des images ci-dessus se r\u00e9servent le droit de changer ou supprimer&nbsp;leur image.<\/span><\/em><\/p>\n<\/div><\/div><\/div><\/div><\/div>","protected":false},"excerpt":{"rendered":"<p><a href=\"https:\/\/www.venac.be\/fr\/portfolio\/palais-de-justice-anvers\/\" class=\"more-link style1-button\">Read More<\/a><\/p>","protected":false},"author":1,"featured_media":0,"parent":0,"menu_order":0,"comment_status":"closed","ping_status":"closed","template":"","meta":{"_exactmetrics_skip_tracking":false,"_exactmetrics_sitenote_active":false,"_exactmetrics_sitenote_note":"","_exactmetrics_sitenote_category":0,"footnotes":""},"categories":[],"tags":[],"class_list":["post-3250","page","type-page","status-publish","hentry"],"yoast_head":"<!-- This site is optimized with the Yoast SEO plugin v23.1 - https:\/\/yoast.com\/wordpress\/plugins\/seo\/ -->\n<title>Projets acoustiques - VENAC<\/title>\n<meta name=\"description\" content=\"VENAC a \u00e9tudi\u00e9 les performances de l&#039;acoustique dans diff\u00e9rent projets. D\u00e9couvrez nos r\u00e9ferences acoustiques.\" \/>\n<meta name=\"robots\" content=\"index, follow, max-snippet:-1, max-image-preview:large, max-video-preview:-1\" \/>\n<link rel=\"canonical\" href=\"https:\/\/www.venac.be\/fr\/portfolio-acoustique\/\" \/>\n<meta property=\"og:locale\" content=\"fr_FR\" \/>\n<meta property=\"og:type\" content=\"article\" \/>\n<meta property=\"og:title\" content=\"Projets acoustiques - VENAC\" \/>\n<meta property=\"og:description\" content=\"VENAC a \u00e9tudi\u00e9 les performances de l&#039;acoustique dans diff\u00e9rent projets. D\u00e9couvrez nos r\u00e9ferences acoustiques.\" \/>\n<meta property=\"og:url\" content=\"https:\/\/www.venac.be\/fr\/portfolio-acoustique\/\" \/>\n<meta property=\"og:site_name\" content=\"VENAC\" \/>\n<meta property=\"article:modified_time\" content=\"2015-05-20T18:17:36+00:00\" \/>\n<meta name=\"twitter:card\" content=\"summary_large_image\" \/>\n<script type=\"application\/ld+json\" class=\"yoast-schema-graph\">{\"@context\":\"https:\/\/schema.org\",\"@graph\":[{\"@type\":\"WebPage\",\"@id\":\"https:\/\/www.venac.be\/fr\/portfolio-acoustique\/\",\"url\":\"https:\/\/www.venac.be\/fr\/portfolio-acoustique\/\",\"name\":\"Projets acoustiques - VENAC\",\"isPartOf\":{\"@id\":\"https:\/\/www.venac.be\/#website\"},\"datePublished\":\"2015-03-31T06:12:04+00:00\",\"dateModified\":\"2015-05-20T18:17:36+00:00\",\"description\":\"VENAC a \u00e9tudi\u00e9 les performances de l'acoustique dans diff\u00e9rent projets. D\u00e9couvrez nos r\u00e9ferences acoustiques.\",\"breadcrumb\":{\"@id\":\"https:\/\/www.venac.be\/fr\/portfolio-acoustique\/#breadcrumb\"},\"inLanguage\":\"fr-FR\",\"potentialAction\":[{\"@type\":\"ReadAction\",\"target\":[\"https:\/\/www.venac.be\/fr\/portfolio-acoustique\/\"]}]},{\"@type\":\"BreadcrumbList\",\"@id\":\"https:\/\/www.venac.be\/fr\/portfolio-acoustique\/#breadcrumb\",\"itemListElement\":[{\"@type\":\"ListItem\",\"position\":1,\"name\":\"Home\",\"item\":\"https:\/\/www.venac.be\/fr\/\"},{\"@type\":\"ListItem\",\"position\":2,\"name\":\"Portfolio\"}]},{\"@type\":\"WebSite\",\"@id\":\"https:\/\/www.venac.be\/#website\",\"url\":\"https:\/\/www.venac.be\/\",\"name\":\"VENAC\",\"description\":\"Vibrations, ENgineering &amp; ACoustics consulting\",\"potentialAction\":[{\"@type\":\"SearchAction\",\"target\":{\"@type\":\"EntryPoint\",\"urlTemplate\":\"https:\/\/www.venac.be\/?s={search_term_string}\"},\"query-input\":\"required name=search_term_string\"}],\"inLanguage\":\"fr-FR\"}]}<\/script>\n<!-- \/ Yoast SEO plugin. -->","yoast_head_json":{"title":"Projets acoustiques - VENAC","description":"VENAC a \u00e9tudi\u00e9 les performances de l'acoustique dans diff\u00e9rent projets. D\u00e9couvrez nos r\u00e9ferences acoustiques.","robots":{"index":"index","follow":"follow","max-snippet":"max-snippet:-1","max-image-preview":"max-image-preview:large","max-video-preview":"max-video-preview:-1"},"canonical":"https:\/\/www.venac.be\/fr\/portfolio-acoustique\/","og_locale":"fr_FR","og_type":"article","og_title":"Projets acoustiques - VENAC","og_description":"VENAC a \u00e9tudi\u00e9 les performances de l'acoustique dans diff\u00e9rent projets. D\u00e9couvrez nos r\u00e9ferences acoustiques.","og_url":"https:\/\/www.venac.be\/fr\/portfolio-acoustique\/","og_site_name":"VENAC","article_modified_time":"2015-05-20T18:17:36+00:00","twitter_card":"summary_large_image","schema":{"@context":"https:\/\/schema.org","@graph":[{"@type":"WebPage","@id":"https:\/\/www.venac.be\/fr\/portfolio-acoustique\/","url":"https:\/\/www.venac.be\/fr\/portfolio-acoustique\/","name":"Projets acoustiques - VENAC","isPartOf":{"@id":"https:\/\/www.venac.be\/#website"},"datePublished":"2015-03-31T06:12:04+00:00","dateModified":"2015-05-20T18:17:36+00:00","description":"VENAC a \u00e9tudi\u00e9 les performances de l'acoustique dans diff\u00e9rent projets. D\u00e9couvrez nos r\u00e9ferences acoustiques.","breadcrumb":{"@id":"https:\/\/www.venac.be\/fr\/portfolio-acoustique\/#breadcrumb"},"inLanguage":"fr-FR","potentialAction":[{"@type":"ReadAction","target":["https:\/\/www.venac.be\/fr\/portfolio-acoustique\/"]}]},{"@type":"BreadcrumbList","@id":"https:\/\/www.venac.be\/fr\/portfolio-acoustique\/#breadcrumb","itemListElement":[{"@type":"ListItem","position":1,"name":"Home","item":"https:\/\/www.venac.be\/fr\/"},{"@type":"ListItem","position":2,"name":"Portfolio"}]},{"@type":"WebSite","@id":"https:\/\/www.venac.be\/#website","url":"https:\/\/www.venac.be\/","name":"VENAC","description":"Vibrations, ENgineering &amp; ACoustics consulting","potentialAction":[{"@type":"SearchAction","target":{"@type":"EntryPoint","urlTemplate":"https:\/\/www.venac.be\/?s={search_term_string}"},"query-input":"required name=search_term_string"}],"inLanguage":"fr-FR"}]}},"_links":{"self":[{"href":"https:\/\/www.venac.be\/fr\/wp-json\/wp\/v2\/pages\/3250"}],"collection":[{"href":"https:\/\/www.venac.be\/fr\/wp-json\/wp\/v2\/pages"}],"about":[{"href":"https:\/\/www.venac.be\/fr\/wp-json\/wp\/v2\/types\/page"}],"author":[{"embeddable":true,"href":"https:\/\/www.venac.be\/fr\/wp-json\/wp\/v2\/users\/1"}],"replies":[{"embeddable":true,"href":"https:\/\/www.venac.be\/fr\/wp-json\/wp\/v2\/comments?post=3250"}],"version-history":[{"count":2,"href":"https:\/\/www.venac.be\/fr\/wp-json\/wp\/v2\/pages\/3250\/revisions"}],"predecessor-version":[{"id":3258,"href":"https:\/\/www.venac.be\/fr\/wp-json\/wp\/v2\/pages\/3250\/revisions\/3258"}],"wp:attachment":[{"href":"https:\/\/www.venac.be\/fr\/wp-json\/wp\/v2\/media?parent=3250"}],"wp:term":[{"taxonomy":"category","embeddable":true,"href":"https:\/\/www.venac.be\/fr\/wp-json\/wp\/v2\/categories?post=3250"},{"taxonomy":"post_tag","embeddable":true,"href":"https:\/\/www.venac.be\/fr\/wp-json\/wp\/v2\/tags?post=3250"}],"curies":[{"name":"wp","href":"https:\/\/api.w.org\/{rel}","templated":true}]}}