{"id":3875,"date":"2018-05-25T12:06:55","date_gmt":"2018-05-25T12:06:55","guid":{"rendered":"https:\/\/www.venac.be\/?page_id=3875\/"},"modified":"2020-01-03T08:15:45","modified_gmt":"2020-01-03T08:15:45","slug":"conditions-generales","status":"publish","type":"page","link":"https:\/\/www.venac.be\/fr\/conditions-generales\/","title":{"rendered":"Conditions g\u00e9n\u00e9rales"},"content":{"rendered":"<div class=\"be-section         clearfix\" data-headerscheme=\"background--dark\" style=\" \"  ><div class=\"be-section-pad clearfix \" style=\" padding-top:90px;padding-bottom:90px;\" data-padding-top = \"90\"><div  class=\"be-row be-wrap clearfix \"><div  class=\"one-col column-block clearfix  no-background    \" data-animation=\"\" style=\"  \"><div class=\"be-custom-column-inner\"><h2>PROPRI\u00c9T\u00c9 INTELLECTUELLE<\/h2>\n<p>L&rsquo;ensemble du contenu de ce site ou de son application, y compris les textes, images, logos, dessins, donn\u00e9es, logiciels, noms de produits ou d&rsquo;entreprises, marques, etc., est prot\u00e9g\u00e9 par des droits de propri\u00e9t\u00e9 intellectuelle et appartient \u00e0 nous ou \u00e0 des tiers. Les informations propos\u00e9es sur ce site ou sur l&rsquo;application ne peuvent \u00eatre reproduites ou communiqu\u00e9es au public qu&rsquo;apr\u00e8s autorisation expresse, \u00e9crite et pr\u00e9alable de notre part.<\/p>\n<h2>RESPONSABILIT\u00c9<\/h2>\n<p>Nous faisons de gros efforts pour nous assurer que l&rsquo;information fournie est compl\u00e8te, correcte, exacte et \u00e0 jour. Malgr\u00e9 ces efforts, des inexactitudes peuvent survenir. Si les informations fournies contiennent des inexactitudes ou si certaines informations ne sont pas disponibles, une tentative sera faite pour corriger cela aussi rapidement que possible. Si vous trouvez des inexactitudes, vous pouvez nous contacter. Nous faisons tout notre possible pour s\u00e9curiser le site ou l&rsquo;application avec tous les moyens raisonnables et minimiser les inconv\u00e9nients caus\u00e9s par des erreurs techniques. Cependant, nous ne pouvons pas exclure que de fausses man\u0153uvres techniques ou des interventions non autoris\u00e9es aient lieu. Pour ces raisons, nous ne pouvons pas garantir un acc\u00e8s ininterrompu. Nous ne sommes pas responsables, sauf en cas de fraude ou de dommages intentionnels, de dommages directs, indirects ou cons\u00e9cutifs (tels que perte de temps, dommages \u00e9motionnels, perte d&rsquo;opportunit\u00e9, perte de donn\u00e9es, perte de profits, interruptions de travail, dommages aux programmes ou autres donn\u00e9es sur le syst\u00e8me informatique ou l&rsquo;\u00e9quipement, les logiciels) en relation avec la performance ou l&rsquo;utilisation de ce site Web.<\/p>\n<p>HYPERLIENS EXTERNES<br \/>\nCe site Web ou l&rsquo;application contient des hyperliens vers d&rsquo;autres sites Web ou d&rsquo;autres applications sur lesquels nous n&rsquo;exer\u00e7ons aucun contr\u00f4le. Nous ne pouvons offrir aucune garantie quant \u00e0 l&rsquo;exhaustivit\u00e9 ou l&rsquo;exactitude de ce contenu, ni \u00e0 la disponibilit\u00e9 de ces sites ou applications. Nous d\u00e9clinons par cons\u00e9quent toute responsabilit\u00e9 pour tout dommage direct ou indirect r\u00e9sultant de son utilisation.<\/p>\n<p>AMENDEMENTS<br \/>\nNous nous r\u00e9servons le droit de modifier les r\u00e9glementations en vigueur. La r\u00e9glementation actuelle a \u00e9t\u00e9 modifi\u00e9e le 24\/05\/2018.<\/p>\n<p>D\u00c9TAILS DU CONTACT<br \/>\nSi vous avez besoin de plus amples informations ou souhaitez soumettre des commentaires, vous pouvez nous contacter via venac@venac.be.<\/p>\n<p><a href=\"https:\/\/www.venac.be\/wp-content\/uploads\/2020\/01\/Conditions-g\u00e9n\u00e9rales-de-vente_2020-01.pdf\">Conditions g\u00e9n\u00e9rales de vente_2020-01<\/a><\/p>\n<\/div><\/div><\/div><\/div><\/div>","protected":false},"excerpt":{"rendered":"<p>PROPRI\u00c9T\u00c9 INTELLECTUELLE L&rsquo;ensemble du contenu de ce site ou de son application, y compris les textes, images, logos, dessins, donn\u00e9es, logiciels, noms de produits ou d&rsquo;entreprises, marques, etc., est prot\u00e9g\u00e9 [&hellip;]<\/p>\n<p><a href=\"https:\/\/www.venac.be\/fr\/conditions-generales\/\" class=\"more-link style1-button\">Read More<\/a><\/p>","protected":false},"author":1,"featured_media":0,"parent":0,"menu_order":0,"comment_status":"closed","ping_status":"closed","template":"","meta":{"_exactmetrics_skip_tracking":false,"_exactmetrics_sitenote_active":false,"_exactmetrics_sitenote_note":"","_exactmetrics_sitenote_category":0,"footnotes":""},"categories":[],"tags":[],"class_list":["post-3875","page","type-page","status-publish","hentry"],"yoast_head":"<!-- This site is optimized with the Yoast SEO plugin v23.1 - https:\/\/yoast.com\/wordpress\/plugins\/seo\/ -->\n<title>Conditions g\u00e9n\u00e9rales - VENAC<\/title>\n<meta name=\"robots\" content=\"index, follow, max-snippet:-1, max-image-preview:large, max-video-preview:-1\" \/>\n<link rel=\"canonical\" href=\"https:\/\/www.venac.be\/fr\/conditions-generales\/\" \/>\n<meta property=\"og:locale\" content=\"fr_FR\" \/>\n<meta property=\"og:type\" content=\"article\" \/>\n<meta property=\"og:title\" content=\"Conditions g\u00e9n\u00e9rales - VENAC\" \/>\n<meta property=\"og:description\" content=\"PROPRI\u00c9T\u00c9 INTELLECTUELLE L&rsquo;ensemble du contenu de ce site ou de son application, y compris les textes, images, logos, dessins, donn\u00e9es, logiciels, noms de produits ou d&rsquo;entreprises, marques, etc., est prot\u00e9g\u00e9 [&hellip;]\" \/>\n<meta property=\"og:url\" content=\"https:\/\/www.venac.be\/fr\/conditions-generales\/\" \/>\n<meta property=\"og:site_name\" content=\"VENAC\" \/>\n<meta property=\"article:modified_time\" content=\"2020-01-03T08:15:45+00:00\" \/>\n<meta name=\"twitter:card\" content=\"summary_large_image\" \/>\n<meta name=\"twitter:label1\" content=\"Dur\u00e9e de lecture estim\u00e9e\" \/>\n\t<meta name=\"twitter:data1\" content=\"2 minutes\" \/>\n<script type=\"application\/ld+json\" class=\"yoast-schema-graph\">{\"@context\":\"https:\/\/schema.org\",\"@graph\":[{\"@type\":\"WebPage\",\"@id\":\"https:\/\/www.venac.be\/fr\/conditions-generales\/\",\"url\":\"https:\/\/www.venac.be\/fr\/conditions-generales\/\",\"name\":\"Conditions g\u00e9n\u00e9rales - VENAC\",\"isPartOf\":{\"@id\":\"https:\/\/www.venac.be\/#website\"},\"datePublished\":\"2018-05-25T12:06:55+00:00\",\"dateModified\":\"2020-01-03T08:15:45+00:00\",\"breadcrumb\":{\"@id\":\"https:\/\/www.venac.be\/fr\/conditions-generales\/#breadcrumb\"},\"inLanguage\":\"fr-FR\",\"potentialAction\":[{\"@type\":\"ReadAction\",\"target\":[\"https:\/\/www.venac.be\/fr\/conditions-generales\/\"]}]},{\"@type\":\"BreadcrumbList\",\"@id\":\"https:\/\/www.venac.be\/fr\/conditions-generales\/#breadcrumb\",\"itemListElement\":[{\"@type\":\"ListItem\",\"position\":1,\"name\":\"Home\",\"item\":\"https:\/\/www.venac.be\/fr\/\"},{\"@type\":\"ListItem\",\"position\":2,\"name\":\"Conditions g\u00e9n\u00e9rales\"}]},{\"@type\":\"WebSite\",\"@id\":\"https:\/\/www.venac.be\/#website\",\"url\":\"https:\/\/www.venac.be\/\",\"name\":\"VENAC\",\"description\":\"Vibrations, ENgineering &amp; ACoustics consulting\",\"potentialAction\":[{\"@type\":\"SearchAction\",\"target\":{\"@type\":\"EntryPoint\",\"urlTemplate\":\"https:\/\/www.venac.be\/?s={search_term_string}\"},\"query-input\":\"required name=search_term_string\"}],\"inLanguage\":\"fr-FR\"}]}<\/script>\n<!-- \/ Yoast SEO plugin. -->","yoast_head_json":{"title":"Conditions g\u00e9n\u00e9rales - VENAC","robots":{"index":"index","follow":"follow","max-snippet":"max-snippet:-1","max-image-preview":"max-image-preview:large","max-video-preview":"max-video-preview:-1"},"canonical":"https:\/\/www.venac.be\/fr\/conditions-generales\/","og_locale":"fr_FR","og_type":"article","og_title":"Conditions g\u00e9n\u00e9rales - VENAC","og_description":"PROPRI\u00c9T\u00c9 INTELLECTUELLE L&rsquo;ensemble du contenu de ce site ou de son application, y compris les textes, images, logos, dessins, donn\u00e9es, logiciels, noms de produits ou d&rsquo;entreprises, marques, etc., est prot\u00e9g\u00e9 [&hellip;]","og_url":"https:\/\/www.venac.be\/fr\/conditions-generales\/","og_site_name":"VENAC","article_modified_time":"2020-01-03T08:15:45+00:00","twitter_card":"summary_large_image","twitter_misc":{"Dur\u00e9e de lecture estim\u00e9e":"2 minutes"},"schema":{"@context":"https:\/\/schema.org","@graph":[{"@type":"WebPage","@id":"https:\/\/www.venac.be\/fr\/conditions-generales\/","url":"https:\/\/www.venac.be\/fr\/conditions-generales\/","name":"Conditions g\u00e9n\u00e9rales - VENAC","isPartOf":{"@id":"https:\/\/www.venac.be\/#website"},"datePublished":"2018-05-25T12:06:55+00:00","dateModified":"2020-01-03T08:15:45+00:00","breadcrumb":{"@id":"https:\/\/www.venac.be\/fr\/conditions-generales\/#breadcrumb"},"inLanguage":"fr-FR","potentialAction":[{"@type":"ReadAction","target":["https:\/\/www.venac.be\/fr\/conditions-generales\/"]}]},{"@type":"BreadcrumbList","@id":"https:\/\/www.venac.be\/fr\/conditions-generales\/#breadcrumb","itemListElement":[{"@type":"ListItem","position":1,"name":"Home","item":"https:\/\/www.venac.be\/fr\/"},{"@type":"ListItem","position":2,"name":"Conditions g\u00e9n\u00e9rales"}]},{"@type":"WebSite","@id":"https:\/\/www.venac.be\/#website","url":"https:\/\/www.venac.be\/","name":"VENAC","description":"Vibrations, ENgineering &amp; ACoustics consulting","potentialAction":[{"@type":"SearchAction","target":{"@type":"EntryPoint","urlTemplate":"https:\/\/www.venac.be\/?s={search_term_string}"},"query-input":"required name=search_term_string"}],"inLanguage":"fr-FR"}]}},"_links":{"self":[{"href":"https:\/\/www.venac.be\/fr\/wp-json\/wp\/v2\/pages\/3875"}],"collection":[{"href":"https:\/\/www.venac.be\/fr\/wp-json\/wp\/v2\/pages"}],"about":[{"href":"https:\/\/www.venac.be\/fr\/wp-json\/wp\/v2\/types\/page"}],"author":[{"embeddable":true,"href":"https:\/\/www.venac.be\/fr\/wp-json\/wp\/v2\/users\/1"}],"replies":[{"embeddable":true,"href":"https:\/\/www.venac.be\/fr\/wp-json\/wp\/v2\/comments?post=3875"}],"version-history":[{"count":2,"href":"https:\/\/www.venac.be\/fr\/wp-json\/wp\/v2\/pages\/3875\/revisions"}],"predecessor-version":[{"id":3877,"href":"https:\/\/www.venac.be\/fr\/wp-json\/wp\/v2\/pages\/3875\/revisions\/3877"}],"wp:attachment":[{"href":"https:\/\/www.venac.be\/fr\/wp-json\/wp\/v2\/media?parent=3875"}],"wp:term":[{"taxonomy":"category","embeddable":true,"href":"https:\/\/www.venac.be\/fr\/wp-json\/wp\/v2\/categories?post=3875"},{"taxonomy":"post_tag","embeddable":true,"href":"https:\/\/www.venac.be\/fr\/wp-json\/wp\/v2\/tags?post=3875"}],"curies":[{"name":"wp","href":"https:\/\/api.w.org\/{rel}","templated":true}]}}