{"id":3878,"date":"2018-05-25T12:25:45","date_gmt":"2018-05-25T12:25:45","guid":{"rendered":"https:\/\/www.venac.be\/?page_id=3878\/"},"modified":"2022-10-07T20:42:25","modified_gmt":"2022-10-07T20:42:25","slug":"politique-de-confidentialite","status":"publish","type":"page","link":"https:\/\/www.venac.be\/fr\/politique-de-confidentialite\/","title":{"rendered":"Politique de confidentialit\u00e9"},"content":{"rendered":"<div class=\"be-section         clearfix\" data-headerscheme=\"background--dark\" style=\" \"  ><div class=\"be-section-pad clearfix \" style=\" padding-top:90px;padding-bottom:90px;\" data-padding-top = \"90\"><div  class=\"be-row be-wrap clearfix \"><div  class=\"one-col column-block clearfix  no-background    \" data-animation=\"\" style=\"  \"><div class=\"be-custom-column-inner\"><h2>Qui sommes-nous?<\/h2>\n<p>VENAC<br \/>\nRue des V\u00e9t\u00e9rinaires 45&nbsp;\u2013&nbsp;49&nbsp;b0203<br \/>\nBruxelles &#8211;&nbsp;B-1070<br \/>\nBelgique<br \/>\n+32&nbsp;2&nbsp;428&nbsp;33&nbsp;31<br \/>\n<a href=\"mailto:venac@venac.be\">venac@venac.be<\/a><br \/>\nBE 0427.211.160<\/p>\n<h2>Quelles donn\u00e9es personnelles traitons-nous et pourquoi?<\/h2>\n<h3>Informations de contact<\/h3>\n<p>Si vous remplissez le formulaire de contact sur notre site Web, nous conserverons les informations que vous avez saisies. Nous stockons votre pr\u00e9nom, nom, num\u00e9ro de t\u00e9l\u00e9phone, adresse e-mail, message, adresse IP et heure ou envoi s\u00e9curis\u00e9. Ceci est n\u00e9cessaire pour pouvoir communiquer avec vous correctement.<\/p>\n<p>Lorsque vous vous abonnez \u00e0 notre newsletter, votre pr\u00e9nom et votre adresse email sont stock\u00e9s. Nous avons besoin des donn\u00e9es pour partager le bulletin et partager des informations pratiques, des nouveaut\u00e9s, des \u00e9v\u00e9nements et des services. Ces donn\u00e9es sont stock\u00e9es jusqu&rsquo;\u00e0 ce que vous vous d\u00e9sinscriviez de notre newsletter.<\/p>\n<p>Lorsque vous devenez client chez VENAC , nous stockons un certain nombre d&rsquo;informations suppl\u00e9mentaires \u00e0 votre sujet, telles que le nom de votre entreprise, les coordonn\u00e9es et les donn\u00e9es de facturation.<\/p>\n<p>Vos donn\u00e9es sont stock\u00e9es en toute s\u00e9curit\u00e9 dans notre syst\u00e8me de gestion du courrier, VTiger Mautic et notre syst\u00e8me de gestion de la client\u00e8le. Ces partenaires sont \u00e9galement conformes \u00e0 GDPR.<\/p>\n<h3>Pour quoi utilisons-nous vos donn\u00e9es?<\/h3>\n<p>Les donn\u00e9es personnelles seront utilis\u00e9es aux fins suivantes: notre gestion de la client\u00e8le, l&rsquo;envoi de bulletins d&rsquo;information, pour vous tenir au courant de nos activit\u00e9s et \u00e0 des fins de publicit\u00e9 ou de marketing. Nous ne collectons ni n&rsquo;utilisons d&rsquo;informations \u00e0 d&rsquo;autres fins que celles d\u00e9crites dans la pr\u00e9sente Politique de confidentialit\u00e9, \u00e0 moins que nous n&rsquo;ayons obtenu votre consentement \u00e0 l&rsquo;avance.<\/p>\n<h3>Avec qui partageons-nous vos donn\u00e9es personnelles?<\/h3>\n<p>Seul VENAC utilise vos donn\u00e9es. Nous ne partageons donc PAS vos donn\u00e9es avec des tiers.<\/p>\n<h3>Combien de temps gardons-nous vos dates?<\/h3>\n<p>VENAC conservera vos donn\u00e9es personnelles jusqu&rsquo;\u00e0 1 mois apr\u00e8s que vous vous \u00eates d\u00e9sinscrit de notre newsletter.<\/p>\n<h3>Comment prot\u00e9geons-nous vos donn\u00e9es?<\/h3>\n<p>Nous nous effor\u00e7ons de prendre tout ce qui est en notre possession contre les abus, les pertes ou les acc\u00e8s non autoris\u00e9s. Nous faisons cela sur la base d&rsquo;un certain nombre de mesures techniques et organisationnelles appropri\u00e9es. Cela inclut \u00e9galement des mesures avec des suspicions de violations de donn\u00e9es.<\/p>\n<p>Si vous soup\u00e7onnez une mauvaise utilisation, une perte ou un acc\u00e8s non autoris\u00e9 \u00e0 vos informations personnelles, veuillez nous en informer imm\u00e9diatement \u00e0 venac@venac.be.<\/p>\n<h2>Quels sont vos droits?<\/h2>\n<p>En tant qu\u2019utilisateur du site internet, vous disposez d\u2019un certain nombre de droits ayant rapport au traitement de vos donn\u00e9es personnelles conform\u00e9ment aux dispositions de la Loi sur la Vie Priv\u00e9e :<\/p>\n<h3>DROIT DE REGARD ET DE RECTIFICATION<\/h3>\n<p>Vous avez le droit de consulter les donn\u00e9es personnelles trait\u00e9es par VENAC et d\u2019am\u00e9liorer et\/ou de compl\u00e9ter les donn\u00e9es \u00e9ventuellement erron\u00e9es ou incompl\u00e8tes.<\/p>\n<h4>DROIT \u00c0 L\u2019OUBLI<\/h4>\n<p>Vous avez le droit de faire supprimer vos donn\u00e9es personnelles de la base de donn\u00e9es.<\/p>\n<h4>DROIT DE D\u00c9P\u00d4T DE PLAINTE<\/h4>\n<p>Si vous \u00eates d\u2019avis que VENAC a trait\u00e9 vos donn\u00e9es de mani\u00e8re ill\u00e9gitime, vous avez le droit de d\u00e9poser une plainte aupr\u00e8s de l\u2019autorit\u00e9 comp\u00e9tente :&nbsp;<a href=\"https:\/\/www.privacycommission.be\/fr\/\" target=\"_blank\" rel=\"noopener\">https:\/\/www.privacycommission.be\/<\/a><\/p>\n<h4>DROIT DE RETRAIT D\u2019AUTORISATION<\/h4>\n<p>Vous avez le droit de vous opposer au traitement de vos donn\u00e9es personnelles.<\/p>\n<h4>DROIT DE RESTRICTION DU TRAITEMENT<\/h4>\n<p>Vous avez le droit de faire arr\u00eater (temporairement) le traitement de vos donn\u00e9es personnelles.<\/p>\n<p>Si vous avez des questions concernant le traitement de vos donn\u00e9es personnelles ou si vous souhaitez le faire, veuillez envoyer une demande claire et motiv\u00e9e par \u00e9crit en indiquant votre adresse email \u00e0 venac@venac.be<\/p>\n<h2>COOKIES<\/h2>\n<h3>\u00c0 quoi servent les cookies?<\/h3>\n<p>VENAC utilise des cookies pour:<\/p>\n<ul>\n<li>am\u00e9liorer l&rsquo;utilisation et les fonctionnalit\u00e9s du site Web;<\/li>\n<li>analyse comment les utilisateurs utilisent le site Web et compiler des statistiques;<\/li>\n<li>pour montrer aux utilisateurs des informations personnalis\u00e9es et des publicit\u00e9s.<\/li>\n<\/ul>\n<h3>Quels types de cookies utilisons-nous?<\/h3>\n<p>Les cookies n\u00e9cessaires permettent aux utilisateurs de naviguer sur un site Web et d&rsquo;utiliser les fonctions du site Web.<\/p>\n<p>Les cookies de performance recueillent des donn\u00e9es sur l&rsquo;utilisation d&rsquo;un site Web, telles que le nombre de visiteurs. Nous utilisons Google Analytics pour recueillir des donn\u00e9es anonymes sur l&rsquo;utilisation de notre site Web et compiler des statistiques sur les visiteurs (plus d&rsquo;informations sur la fa\u00e7on dont Google utilise les donn\u00e9es).<\/p>\n<p>Les cookies fonctionnels augmentent la facilit\u00e9 d&rsquo;utilisation d&rsquo;un site Web en se souvenant de vos choix (par exemple, pr\u00e9f\u00e9rences linguistiques, r\u00e9gion, connexion).<\/p>\n<h3>Comment pouvez-vous g\u00e9rer vos cookies?<\/h3>\n<p>La plupart des navigateurs acceptent les cookies, mais si vous pr\u00e9f\u00e9rez que nous ne collections pas de cookies de cette mani\u00e8re, vous pouvez accepter les cookies dans les param\u00e8tres de confidentialit\u00e9 de votre navigateur, accepter certains cookies ou refuser tous les cookies. Cependant, le rejet de tous les cookies signifie qu&rsquo;il est possible que vous ne puissiez pas b\u00e9n\u00e9ficier de toutes les fonctionnalit\u00e9s de notre site Web. Chaque navigateur est diff\u00e9rent, alors v\u00e9rifiez le \u00ab\u00a0menu Aide\u00a0\u00bb ou votre navigateur pour voir comment vous pouvez changer vos pr\u00e9f\u00e9rences de cookies.<\/p>\n<p>Pour obtenir des informations g\u00e9n\u00e9rales sur les cookies, y compris sur leur d\u00e9sactivation, vous pouvez consulter aboutcookies.org. Ici vous trouverez \u00e9galement des d\u00e9tails sur la fa\u00e7on de supprimer les cookies de votre ordinateur.<\/p>\n<h2>Ajustement de la politique de confidentialit\u00e9<\/h2>\n<p>VENAC a le droit d&rsquo;ajuster cette politique de confidentialit\u00e9 si n\u00e9cessaire. Par cons\u00e9quent, il est conseill\u00e9 de v\u00e9rifier r\u00e9guli\u00e8rement cette page pour les mises \u00e0 jour. La politique de confidentialit\u00e9 a \u00e9t\u00e9 mise \u00e0 jour le 25 mai 2018.<\/p>\n<p>Ce texte est une traduction du n\u00e9erlandais.&nbsp;En cas de litige, le texte original pr\u00e9vaut.<\/p>\n<\/div><\/div><\/div><\/div><\/div>","protected":false},"excerpt":{"rendered":"<p>Qui sommes-nous? VENAC Rue des V\u00e9t\u00e9rinaires 45&nbsp;\u2013&nbsp;49&nbsp;b0203 Bruxelles &#8211;&nbsp;B-1070 Belgique +32&nbsp;2&nbsp;428&nbsp;33&nbsp;31 venac@venac.be BE 0427.211.160 Quelles donn\u00e9es personnelles traitons-nous et pourquoi? Informations de contact Si vous remplissez le formulaire de contact [&hellip;]<\/p>\n<p><a href=\"https:\/\/www.venac.be\/fr\/politique-de-confidentialite\/\" class=\"more-link style1-button\">Read More<\/a><\/p>","protected":false},"author":1,"featured_media":0,"parent":0,"menu_order":0,"comment_status":"closed","ping_status":"closed","template":"","meta":{"_exactmetrics_skip_tracking":false,"_exactmetrics_sitenote_active":false,"_exactmetrics_sitenote_note":"","_exactmetrics_sitenote_category":0,"footnotes":""},"categories":[],"tags":[],"class_list":["post-3878","page","type-page","status-publish","hentry"],"yoast_head":"<!-- This site is optimized with the Yoast SEO plugin v23.1 - https:\/\/yoast.com\/wordpress\/plugins\/seo\/ -->\n<title>Politique de confidentialit\u00e9 - VENAC<\/title>\n<meta name=\"robots\" content=\"index, follow, max-snippet:-1, max-image-preview:large, max-video-preview:-1\" \/>\n<link rel=\"canonical\" href=\"https:\/\/www.venac.be\/fr\/politique-de-confidentialite\/\" \/>\n<meta property=\"og:locale\" content=\"fr_FR\" \/>\n<meta property=\"og:type\" content=\"article\" \/>\n<meta property=\"og:title\" content=\"Politique de confidentialit\u00e9 - VENAC\" \/>\n<meta property=\"og:description\" content=\"Qui sommes-nous? VENAC Rue des V\u00e9t\u00e9rinaires 45&nbsp;\u2013&nbsp;49&nbsp;b0203 Bruxelles &#8211;&nbsp;B-1070 Belgique +32&nbsp;2&nbsp;428&nbsp;33&nbsp;31 venac@venac.be BE 0427.211.160 Quelles donn\u00e9es personnelles traitons-nous et pourquoi? Informations de contact Si vous remplissez le formulaire de contact [&hellip;]\" \/>\n<meta property=\"og:url\" content=\"https:\/\/www.venac.be\/fr\/politique-de-confidentialite\/\" \/>\n<meta property=\"og:site_name\" content=\"VENAC\" \/>\n<meta property=\"article:modified_time\" content=\"2022-10-07T20:42:25+00:00\" \/>\n<meta name=\"twitter:card\" content=\"summary_large_image\" \/>\n<meta name=\"twitter:label1\" content=\"Dur\u00e9e de lecture estim\u00e9e\" \/>\n\t<meta name=\"twitter:data1\" content=\"8 minutes\" \/>\n<script type=\"application\/ld+json\" class=\"yoast-schema-graph\">{\"@context\":\"https:\/\/schema.org\",\"@graph\":[{\"@type\":\"WebPage\",\"@id\":\"https:\/\/www.venac.be\/fr\/politique-de-confidentialite\/\",\"url\":\"https:\/\/www.venac.be\/fr\/politique-de-confidentialite\/\",\"name\":\"Politique de confidentialit\u00e9 - VENAC\",\"isPartOf\":{\"@id\":\"https:\/\/www.venac.be\/#website\"},\"datePublished\":\"2018-05-25T12:25:45+00:00\",\"dateModified\":\"2022-10-07T20:42:25+00:00\",\"breadcrumb\":{\"@id\":\"https:\/\/www.venac.be\/fr\/politique-de-confidentialite\/#breadcrumb\"},\"inLanguage\":\"fr-FR\",\"potentialAction\":[{\"@type\":\"ReadAction\",\"target\":[\"https:\/\/www.venac.be\/fr\/politique-de-confidentialite\/\"]}]},{\"@type\":\"BreadcrumbList\",\"@id\":\"https:\/\/www.venac.be\/fr\/politique-de-confidentialite\/#breadcrumb\",\"itemListElement\":[{\"@type\":\"ListItem\",\"position\":1,\"name\":\"Home\",\"item\":\"https:\/\/www.venac.be\/fr\/\"},{\"@type\":\"ListItem\",\"position\":2,\"name\":\"Politique de confidentialit\u00e9\"}]},{\"@type\":\"WebSite\",\"@id\":\"https:\/\/www.venac.be\/#website\",\"url\":\"https:\/\/www.venac.be\/\",\"name\":\"VENAC\",\"description\":\"Vibrations, ENgineering &amp; ACoustics consulting\",\"potentialAction\":[{\"@type\":\"SearchAction\",\"target\":{\"@type\":\"EntryPoint\",\"urlTemplate\":\"https:\/\/www.venac.be\/?s={search_term_string}\"},\"query-input\":\"required name=search_term_string\"}],\"inLanguage\":\"fr-FR\"}]}<\/script>\n<!-- \/ Yoast SEO plugin. -->","yoast_head_json":{"title":"Politique de confidentialit\u00e9 - VENAC","robots":{"index":"index","follow":"follow","max-snippet":"max-snippet:-1","max-image-preview":"max-image-preview:large","max-video-preview":"max-video-preview:-1"},"canonical":"https:\/\/www.venac.be\/fr\/politique-de-confidentialite\/","og_locale":"fr_FR","og_type":"article","og_title":"Politique de confidentialit\u00e9 - VENAC","og_description":"Qui sommes-nous? VENAC Rue des V\u00e9t\u00e9rinaires 45&nbsp;\u2013&nbsp;49&nbsp;b0203 Bruxelles &#8211;&nbsp;B-1070 Belgique +32&nbsp;2&nbsp;428&nbsp;33&nbsp;31 venac@venac.be BE 0427.211.160 Quelles donn\u00e9es personnelles traitons-nous et pourquoi? Informations de contact Si vous remplissez le formulaire de contact [&hellip;]","og_url":"https:\/\/www.venac.be\/fr\/politique-de-confidentialite\/","og_site_name":"VENAC","article_modified_time":"2022-10-07T20:42:25+00:00","twitter_card":"summary_large_image","twitter_misc":{"Dur\u00e9e de lecture estim\u00e9e":"8 minutes"},"schema":{"@context":"https:\/\/schema.org","@graph":[{"@type":"WebPage","@id":"https:\/\/www.venac.be\/fr\/politique-de-confidentialite\/","url":"https:\/\/www.venac.be\/fr\/politique-de-confidentialite\/","name":"Politique de confidentialit\u00e9 - VENAC","isPartOf":{"@id":"https:\/\/www.venac.be\/#website"},"datePublished":"2018-05-25T12:25:45+00:00","dateModified":"2022-10-07T20:42:25+00:00","breadcrumb":{"@id":"https:\/\/www.venac.be\/fr\/politique-de-confidentialite\/#breadcrumb"},"inLanguage":"fr-FR","potentialAction":[{"@type":"ReadAction","target":["https:\/\/www.venac.be\/fr\/politique-de-confidentialite\/"]}]},{"@type":"BreadcrumbList","@id":"https:\/\/www.venac.be\/fr\/politique-de-confidentialite\/#breadcrumb","itemListElement":[{"@type":"ListItem","position":1,"name":"Home","item":"https:\/\/www.venac.be\/fr\/"},{"@type":"ListItem","position":2,"name":"Politique de confidentialit\u00e9"}]},{"@type":"WebSite","@id":"https:\/\/www.venac.be\/#website","url":"https:\/\/www.venac.be\/","name":"VENAC","description":"Vibrations, ENgineering &amp; ACoustics consulting","potentialAction":[{"@type":"SearchAction","target":{"@type":"EntryPoint","urlTemplate":"https:\/\/www.venac.be\/?s={search_term_string}"},"query-input":"required name=search_term_string"}],"inLanguage":"fr-FR"}]}},"_links":{"self":[{"href":"https:\/\/www.venac.be\/fr\/wp-json\/wp\/v2\/pages\/3878"}],"collection":[{"href":"https:\/\/www.venac.be\/fr\/wp-json\/wp\/v2\/pages"}],"about":[{"href":"https:\/\/www.venac.be\/fr\/wp-json\/wp\/v2\/types\/page"}],"author":[{"embeddable":true,"href":"https:\/\/www.venac.be\/fr\/wp-json\/wp\/v2\/users\/1"}],"replies":[{"embeddable":true,"href":"https:\/\/www.venac.be\/fr\/wp-json\/wp\/v2\/comments?post=3878"}],"version-history":[{"count":5,"href":"https:\/\/www.venac.be\/fr\/wp-json\/wp\/v2\/pages\/3878\/revisions"}],"predecessor-version":[{"id":3999,"href":"https:\/\/www.venac.be\/fr\/wp-json\/wp\/v2\/pages\/3878\/revisions\/3999"}],"wp:attachment":[{"href":"https:\/\/www.venac.be\/fr\/wp-json\/wp\/v2\/media?parent=3878"}],"wp:term":[{"taxonomy":"category","embeddable":true,"href":"https:\/\/www.venac.be\/fr\/wp-json\/wp\/v2\/categories?post=3878"},{"taxonomy":"post_tag","embeddable":true,"href":"https:\/\/www.venac.be\/fr\/wp-json\/wp\/v2\/tags?post=3878"}],"curies":[{"name":"wp","href":"https:\/\/api.w.org\/{rel}","templated":true}]}}