{"id":3892,"date":"2022-06-16T09:00:52","date_gmt":"2022-06-16T09:00:52","guid":{"rendered":"https:\/\/www.venac.be\/?page_id=3892\/"},"modified":"2022-06-17T07:27:45","modified_gmt":"2022-06-17T07:27:45","slug":"chef-de-projet","status":"publish","type":"page","link":"https:\/\/www.venac.be\/fr\/jobs\/chef-de-projet\/","title":{"rendered":"chef de projet"},"content":{"rendered":"<div class=\"be-section         clearfix\" data-headerscheme=\"background--dark\" style=\" \"  ><div class=\"be-section-pad clearfix \" style=\" padding-top:90px;padding-bottom:90px;\" data-padding-top = \"90\"><div  class=\"be-row be-wrap clearfix \"><div  class=\"one-col column-block clearfix  no-background    \" data-animation=\"\" style=\"  \"><div class=\"be-custom-column-inner\"><p><a href=\"https:\/\/www.venac.be\/wp-content\/uploads\/2016\/08\/bigstock-Construction-Worker-At-Site-3461692.jpg\"><img loading=\"lazy\" decoding=\"async\" class=\"alignnone size-portfolio wp-image-3728\" src=\"https:\/\/www.venac.be\/wp-content\/uploads\/2016\/08\/bigstock-Construction-Worker-At-Site-3461692-650x406.jpg\" alt=\"\" width=\"650\" height=\"406\" srcset=\"https:\/\/www.venac.be\/wp-content\/uploads\/2016\/08\/bigstock-Construction-Worker-At-Site-3461692-650x406.jpg 650w, https:\/\/www.venac.be\/wp-content\/uploads\/2016\/08\/bigstock-Construction-Worker-At-Site-3461692-1000x625.jpg 1000w\" sizes=\"(max-width: 650px) 100vw, 650px\" \/><\/a><\/p>\n<p>&nbsp;<\/p>\n<p><strong>Fonction: Chef de projet.<\/strong><\/p>\n<p>En collaboration avec les collu\u00e8gues, vous assurez l\u2019analyse, le suivi et la r\u00e9alisation de projets divers: isolation des <strong>bruits a\u00e9riens<\/strong>, <strong>r\u00e9verb\u00e9ration<\/strong>, ma\u00eetrise des <strong>vibrations<\/strong> et bruits de structure, niveaux de bruits des <strong>\u00e9quipements techniques<\/strong>, protection de l\u2019<strong>environnement<\/strong> \u2026 Des&nbsp;premi\u00e8res esquises jusqu\u2019\u00e0 l\u2019analyse d\u00e9taill\u00e9e des plans, de textes pour cahier des charges jusqu\u2019aux plans d\u2019ex\u00e9cution, de la r\u00e9alisation jusqu\u2019\u00e0 la r\u00e9ception des travaux, vous \u00eates le responsable des projets dans le <strong>suivi journalier<\/strong> des \u00e9tudes.<\/p>\n<p>Vous prenez en charge le suivi de la <strong>communcation<\/strong> vers le ma\u00eetre de l\u2019ouvrage, architecte et les autres bureaux d\u2019\u00e9tudes.<\/p>\n<p>Vous participez aux r\u00e9unions d\u2019\u00e9tudes et r\u00e9unions de chantier et vous faites des visites de chantier r\u00e9guliers.<\/p>\n<p>Vous&nbsp;effectu\u00e9s des <strong>visites r\u00e9guli\u00e8res<\/strong> des diff\u00e9rents projets pour des contr\u00f4les de chantier en collaboration et en concertation avec la direction du chantier.<\/p>\n<p>En collaboration avec l&rsquo;assistance technique, vous r\u00e9alisez consciencieusement des <strong>mesures de contr\u00f4le<\/strong> acoustique avant, pendant et apr\u00e8s la r\u00e9alisation.<\/p>\n<p><strong>Profil:<\/strong><\/p>\n<ul>\n<li>Ing\u00e9nieur&nbsp;en construction, Architecte, Ing\u00e9nieur-Architecte ou \u00e9quivalent par exp\u00e9rience pertinente dans le domaine de la <strong>construction<\/strong>.<\/li>\n<li>Vous \u00eates pr\u00eat \u00e0 suivre des <strong>formations suppl\u00e9mentaires<\/strong> et de participer \u00e0 des s\u00e9minaires et journ\u00e9es de formation.<\/li>\n<li>Vous prenez des <strong>initiatives<\/strong> et vous pouvez travailler de fa\u00e7on autonome.<\/li>\n<li>Vous \u00eates bilingue <strong>FR\/NL<\/strong>.<\/li>\n<li>Vous ma\u00eetrisez les logiciels de bureau ainsi qu\u2019une connaissance de AutoCad et SketchUp Pro.<\/li>\n<li>Notions d\u2019acoustique&nbsp;sont un plus mais pas indispensables.<\/li>\n<\/ul>\n<p><strong>Nous offrons:<\/strong><\/p>\n<ul>\n<li>Acc\u00e8s \u00e0 des projets tr\u00e8s <strong>divers et remarquables<\/strong>.<\/li>\n<li>Un cadre de travail <strong>agr\u00e9able<\/strong> et dynamique, \u00e9quip\u00e9 des <strong>outils de simulation <\/strong>et appareils de mesures de la derni\u00e8re g\u00e9n\u00e9ration.<\/li>\n<li>R\u00e9munaration int\u00e9ressante, des horaires flexibles et divers avantages extra-l\u00e9gaux.<\/li>\n<\/ul>\n<p>contactez nous: <a href=\"mailto:jobs.venac@venac.be\">jobs.venac@venac.be<\/a><\/p>\n<p>&nbsp;<\/p>\n<\/div><\/div><\/div><\/div><\/div>","protected":false},"excerpt":{"rendered":"<p>&nbsp; Fonction: Chef de projet. En collaboration avec les collu\u00e8gues, vous assurez l\u2019analyse, le suivi et la r\u00e9alisation de projets divers: isolation des bruits a\u00e9riens, r\u00e9verb\u00e9ration, ma\u00eetrise des vibrations et [&hellip;]<\/p>\n<p><a href=\"https:\/\/www.venac.be\/fr\/jobs\/chef-de-projet\/\" class=\"more-link style1-button\">Read More<\/a><\/p>","protected":false},"author":1,"featured_media":3728,"parent":3529,"menu_order":0,"comment_status":"closed","ping_status":"closed","template":"","meta":{"_exactmetrics_skip_tracking":false,"_exactmetrics_sitenote_active":false,"_exactmetrics_sitenote_note":"","_exactmetrics_sitenote_category":0,"footnotes":""},"categories":[51],"tags":[],"class_list":["post-3892","page","type-page","status-publish","has-post-thumbnail","hentry","category-jobs-fr"],"yoast_head":"<!-- This site is optimized with the Yoast SEO plugin v23.1 - https:\/\/yoast.com\/wordpress\/plugins\/seo\/ -->\n<title>chef de projet - VENAC<\/title>\n<meta name=\"robots\" content=\"index, follow, max-snippet:-1, max-image-preview:large, max-video-preview:-1\" \/>\n<link rel=\"canonical\" href=\"https:\/\/www.venac.be\/fr\/jobs\/chef-de-projet\/\" \/>\n<meta property=\"og:locale\" content=\"fr_FR\" \/>\n<meta property=\"og:type\" content=\"article\" \/>\n<meta property=\"og:title\" content=\"chef de projet - VENAC\" \/>\n<meta property=\"og:description\" content=\"&nbsp; Fonction: Chef de projet. En collaboration avec les collu\u00e8gues, vous assurez l\u2019analyse, le suivi et la r\u00e9alisation de projets divers: isolation des bruits a\u00e9riens, r\u00e9verb\u00e9ration, ma\u00eetrise des vibrations et [&hellip;]\" \/>\n<meta property=\"og:url\" content=\"https:\/\/www.venac.be\/fr\/jobs\/chef-de-projet\/\" \/>\n<meta property=\"og:site_name\" content=\"VENAC\" \/>\n<meta property=\"article:modified_time\" content=\"2022-06-17T07:27:45+00:00\" \/>\n<meta property=\"og:image\" content=\"https:\/\/www.venac.be\/wp-content\/uploads\/2016\/08\/bigstock-Construction-Worker-At-Site-3461692.jpg\" \/>\n\t<meta property=\"og:image:width\" content=\"1060\" \/>\n\t<meta property=\"og:image:height\" content=\"795\" \/>\n\t<meta property=\"og:image:type\" content=\"image\/jpeg\" \/>\n<meta name=\"twitter:card\" content=\"summary_large_image\" \/>\n<script type=\"application\/ld+json\" class=\"yoast-schema-graph\">{\"@context\":\"https:\/\/schema.org\",\"@graph\":[{\"@type\":\"WebPage\",\"@id\":\"https:\/\/www.venac.be\/fr\/jobs\/chef-de-projet\/\",\"url\":\"https:\/\/www.venac.be\/fr\/jobs\/chef-de-projet\/\",\"name\":\"chef de projet - VENAC\",\"isPartOf\":{\"@id\":\"https:\/\/www.venac.be\/#website\"},\"primaryImageOfPage\":{\"@id\":\"https:\/\/www.venac.be\/fr\/jobs\/chef-de-projet\/#primaryimage\"},\"image\":{\"@id\":\"https:\/\/www.venac.be\/fr\/jobs\/chef-de-projet\/#primaryimage\"},\"thumbnailUrl\":\"https:\/\/www.venac.be\/wp-content\/uploads\/2016\/08\/bigstock-Construction-Worker-At-Site-3461692.jpg\",\"datePublished\":\"2022-06-16T09:00:52+00:00\",\"dateModified\":\"2022-06-17T07:27:45+00:00\",\"breadcrumb\":{\"@id\":\"https:\/\/www.venac.be\/fr\/jobs\/chef-de-projet\/#breadcrumb\"},\"inLanguage\":\"fr-FR\",\"potentialAction\":[{\"@type\":\"ReadAction\",\"target\":[\"https:\/\/www.venac.be\/fr\/jobs\/chef-de-projet\/\"]}]},{\"@type\":\"ImageObject\",\"inLanguage\":\"fr-FR\",\"@id\":\"https:\/\/www.venac.be\/fr\/jobs\/chef-de-projet\/#primaryimage\",\"url\":\"https:\/\/www.venac.be\/wp-content\/uploads\/2016\/08\/bigstock-Construction-Worker-At-Site-3461692.jpg\",\"contentUrl\":\"https:\/\/www.venac.be\/wp-content\/uploads\/2016\/08\/bigstock-Construction-Worker-At-Site-3461692.jpg\",\"width\":1060,\"height\":795},{\"@type\":\"BreadcrumbList\",\"@id\":\"https:\/\/www.venac.be\/fr\/jobs\/chef-de-projet\/#breadcrumb\",\"itemListElement\":[{\"@type\":\"ListItem\",\"position\":1,\"name\":\"Home\",\"item\":\"https:\/\/www.venac.be\/fr\/\"},{\"@type\":\"ListItem\",\"position\":2,\"name\":\"Jobs\",\"item\":\"https:\/\/www.venac.be\/fr\/jobs\/\"},{\"@type\":\"ListItem\",\"position\":3,\"name\":\"chef de projet\"}]},{\"@type\":\"WebSite\",\"@id\":\"https:\/\/www.venac.be\/#website\",\"url\":\"https:\/\/www.venac.be\/\",\"name\":\"VENAC\",\"description\":\"Vibrations, ENgineering &amp; ACoustics consulting\",\"potentialAction\":[{\"@type\":\"SearchAction\",\"target\":{\"@type\":\"EntryPoint\",\"urlTemplate\":\"https:\/\/www.venac.be\/?s={search_term_string}\"},\"query-input\":\"required name=search_term_string\"}],\"inLanguage\":\"fr-FR\"}]}<\/script>\n<!-- \/ Yoast SEO plugin. -->","yoast_head_json":{"title":"chef de projet - VENAC","robots":{"index":"index","follow":"follow","max-snippet":"max-snippet:-1","max-image-preview":"max-image-preview:large","max-video-preview":"max-video-preview:-1"},"canonical":"https:\/\/www.venac.be\/fr\/jobs\/chef-de-projet\/","og_locale":"fr_FR","og_type":"article","og_title":"chef de projet - VENAC","og_description":"&nbsp; Fonction: Chef de projet. En collaboration avec les collu\u00e8gues, vous assurez l\u2019analyse, le suivi et la r\u00e9alisation de projets divers: isolation des bruits a\u00e9riens, r\u00e9verb\u00e9ration, ma\u00eetrise des vibrations et [&hellip;]","og_url":"https:\/\/www.venac.be\/fr\/jobs\/chef-de-projet\/","og_site_name":"VENAC","article_modified_time":"2022-06-17T07:27:45+00:00","og_image":[{"width":1060,"height":795,"url":"https:\/\/www.venac.be\/wp-content\/uploads\/2016\/08\/bigstock-Construction-Worker-At-Site-3461692.jpg","type":"image\/jpeg"}],"twitter_card":"summary_large_image","schema":{"@context":"https:\/\/schema.org","@graph":[{"@type":"WebPage","@id":"https:\/\/www.venac.be\/fr\/jobs\/chef-de-projet\/","url":"https:\/\/www.venac.be\/fr\/jobs\/chef-de-projet\/","name":"chef de projet - VENAC","isPartOf":{"@id":"https:\/\/www.venac.be\/#website"},"primaryImageOfPage":{"@id":"https:\/\/www.venac.be\/fr\/jobs\/chef-de-projet\/#primaryimage"},"image":{"@id":"https:\/\/www.venac.be\/fr\/jobs\/chef-de-projet\/#primaryimage"},"thumbnailUrl":"https:\/\/www.venac.be\/wp-content\/uploads\/2016\/08\/bigstock-Construction-Worker-At-Site-3461692.jpg","datePublished":"2022-06-16T09:00:52+00:00","dateModified":"2022-06-17T07:27:45+00:00","breadcrumb":{"@id":"https:\/\/www.venac.be\/fr\/jobs\/chef-de-projet\/#breadcrumb"},"inLanguage":"fr-FR","potentialAction":[{"@type":"ReadAction","target":["https:\/\/www.venac.be\/fr\/jobs\/chef-de-projet\/"]}]},{"@type":"ImageObject","inLanguage":"fr-FR","@id":"https:\/\/www.venac.be\/fr\/jobs\/chef-de-projet\/#primaryimage","url":"https:\/\/www.venac.be\/wp-content\/uploads\/2016\/08\/bigstock-Construction-Worker-At-Site-3461692.jpg","contentUrl":"https:\/\/www.venac.be\/wp-content\/uploads\/2016\/08\/bigstock-Construction-Worker-At-Site-3461692.jpg","width":1060,"height":795},{"@type":"BreadcrumbList","@id":"https:\/\/www.venac.be\/fr\/jobs\/chef-de-projet\/#breadcrumb","itemListElement":[{"@type":"ListItem","position":1,"name":"Home","item":"https:\/\/www.venac.be\/fr\/"},{"@type":"ListItem","position":2,"name":"Jobs","item":"https:\/\/www.venac.be\/fr\/jobs\/"},{"@type":"ListItem","position":3,"name":"chef de projet"}]},{"@type":"WebSite","@id":"https:\/\/www.venac.be\/#website","url":"https:\/\/www.venac.be\/","name":"VENAC","description":"Vibrations, ENgineering &amp; ACoustics consulting","potentialAction":[{"@type":"SearchAction","target":{"@type":"EntryPoint","urlTemplate":"https:\/\/www.venac.be\/?s={search_term_string}"},"query-input":"required name=search_term_string"}],"inLanguage":"fr-FR"}]}},"_links":{"self":[{"href":"https:\/\/www.venac.be\/fr\/wp-json\/wp\/v2\/pages\/3892"}],"collection":[{"href":"https:\/\/www.venac.be\/fr\/wp-json\/wp\/v2\/pages"}],"about":[{"href":"https:\/\/www.venac.be\/fr\/wp-json\/wp\/v2\/types\/page"}],"author":[{"embeddable":true,"href":"https:\/\/www.venac.be\/fr\/wp-json\/wp\/v2\/users\/1"}],"replies":[{"embeddable":true,"href":"https:\/\/www.venac.be\/fr\/wp-json\/wp\/v2\/comments?post=3892"}],"version-history":[{"count":3,"href":"https:\/\/www.venac.be\/fr\/wp-json\/wp\/v2\/pages\/3892\/revisions"}],"predecessor-version":[{"id":3992,"href":"https:\/\/www.venac.be\/fr\/wp-json\/wp\/v2\/pages\/3892\/revisions\/3992"}],"up":[{"embeddable":true,"href":"https:\/\/www.venac.be\/fr\/wp-json\/wp\/v2\/pages\/3529"}],"wp:featuredmedia":[{"embeddable":true,"href":"https:\/\/www.venac.be\/fr\/wp-json\/wp\/v2\/media\/3728"}],"wp:attachment":[{"href":"https:\/\/www.venac.be\/fr\/wp-json\/wp\/v2\/media?parent=3892"}],"wp:term":[{"taxonomy":"category","embeddable":true,"href":"https:\/\/www.venac.be\/fr\/wp-json\/wp\/v2\/categories?post=3892"},{"taxonomy":"post_tag","embeddable":true,"href":"https:\/\/www.venac.be\/fr\/wp-json\/wp\/v2\/tags?post=3892"}],"curies":[{"name":"wp","href":"https:\/\/api.w.org\/{rel}","templated":true}]}}